{"id":3251,"date":"2025-03-12T10:40:46","date_gmt":"2025-03-12T07:40:46","guid":{"rendered":"https:\/\/www.uniselplastik.com.tr\/?post_type=product&#038;p=3251"},"modified":"2025-03-27T15:33:24","modified_gmt":"2025-03-27T12:33:24","slug":"otomatik-boru-kesme-makasi-16-42-mm","status":"publish","type":"product","link":"https:\/\/www.uniselplastik.com.tr\/?product=otomatik-boru-kesme-makasi-16-42-mm","title":{"rendered":"Otomatik Boru Kesme Makas\u0131 ( 16-42 mm )"},"content":{"rendered":"<h2><strong>TEKN\u0130K DETAYLAR<\/strong><\/h2>\n<p>\u202216-42 mm<br \/>\n\u2022Birinci s\u0131n\u0131f paslanmaz \u00e7elik b\u0131\u00e7ak<br \/>\n\u2022Kesim yaparken el kaymas\u0131n\u0131 engelleyen \u00f6zel<br \/>\np\u00fcsk\u00fcrtme boya<br \/>\n\u20221 y\u0131l servis, \u00f6m\u00fcrboyu yedek par\u00e7a garantisi<br \/>\n\u2022D\u00fcnya standartlar\u0131nda kesim kalitesi<\/p>\n","protected":false},"excerpt":{"rendered":"<p>TEKN\u0130K DETAYLAR \u202216-42 mm \u2022Birinci s\u0131n\u0131f paslanmaz \u00e7elik b\u0131\u00e7ak \u2022Kesim yaparken el kaymas\u0131n\u0131 engelleyen \u00f6zel p\u00fcsk\u00fcrtme boya \u20221 y\u0131l servis, \u00f6m\u00fcrboyu yedek par\u00e7a garantisi \u2022D\u00fcnya standartlar\u0131nda kesim kalitesi<\/p>\n","protected":false},"featured_media":3253,"comment_status":"open","ping_status":"closed","template":"","meta":{"_acf_changed":false,"inline_featured_image":false,"_joinchat":[]},"product_brand":[],"product_cat":[76],"product_tag":[],"class_list":{"0":"post-3251","1":"product","2":"type-product","3":"status-publish","4":"has-post-thumbnail","6":"product_cat-pprc-urunler","8":"first","9":"instock","10":"shipping-taxable","11":"product-type-simple"},"acf":[],"yoast_head":"<!-- This site is optimized with the Yoast SEO Premium plugin v24.7 (Yoast SEO v25.0) - https:\/\/yoast.com\/wordpress\/plugins\/seo\/ -->\n<title>Otomatik Boru Kesme Makas\u0131 ( 16-42 mm ) - Unisel Plastik Sanayi Tic. Ltd. \u015eti.<\/title>\n<meta name=\"description\" content=\"Unisel Plastik Sanayi Tic. Ltd. \u015eti. - Otomatik Boru Kesme Makas\u0131 ( 16-42 mm )\" \/>\n<meta name=\"robots\" content=\"index, follow, max-snippet:-1, max-image-preview:large, max-video-preview:-1\" \/>\n<link rel=\"canonical\" href=\"https:\/\/www.uniselplastik.com.tr\/?product=otomatik-boru-kesme-makasi-16-42-mm\" \/>\n<meta property=\"og:locale\" content=\"tr_TR\" \/>\n<meta property=\"og:type\" content=\"article\" \/>\n<meta property=\"og:title\" content=\"Otomatik Boru Kesme Makas\u0131 ( 16-42 mm )\" \/>\n<meta property=\"og:description\" content=\"Unisel Plastik Sanayi Tic. Ltd. \u015eti. - Otomatik Boru Kesme Makas\u0131 ( 16-42 mm )\" \/>\n<meta property=\"og:url\" content=\"https:\/\/www.uniselplastik.com.tr\/?product=otomatik-boru-kesme-makasi-16-42-mm\" \/>\n<meta property=\"og:site_name\" content=\"Unisel Plastik Sanayi Tic. Ltd. \u015eti.\" \/>\n<meta property=\"article:publisher\" content=\"https:\/\/tr-tr.facebook.com\/people\/Unisel-Plastik-Market\/100085855740352\/\" \/>\n<meta property=\"article:modified_time\" content=\"2025-03-27T12:33:24+00:00\" \/>\n<meta property=\"og:image\" content=\"https:\/\/www.uniselplastik.com.tr\/wp-content\/uploads\/2025\/03\/OTOMATIK-BORU-KESME-MAKASI-768x512-1.jpg\" \/>\n\t<meta property=\"og:image:width\" content=\"768\" \/>\n\t<meta property=\"og:image:height\" content=\"512\" \/>\n\t<meta property=\"og:image:type\" content=\"image\/jpeg\" \/>\n<meta name=\"twitter:card\" content=\"summary_large_image\" \/>\n<meta name=\"twitter:label1\" content=\"Tahmini okuma s\u00fcresi\" \/>\n\t<meta name=\"twitter:data1\" content=\"1 dakika\" \/>\n<script type=\"application\/ld+json\" class=\"yoast-schema-graph\">{\"@context\":\"https:\/\/schema.org\",\"@graph\":[{\"@type\":\"WebPage\",\"@id\":\"https:\/\/www.uniselplastik.com.tr\/?product=otomatik-boru-kesme-makasi-16-42-mm\",\"url\":\"https:\/\/www.uniselplastik.com.tr\/?product=otomatik-boru-kesme-makasi-16-42-mm\",\"name\":\"Otomatik Boru Kesme Makas\u0131 ( 16-42 mm ) - Unisel Plastik Sanayi Tic. Ltd. \u015eti.\",\"isPartOf\":{\"@id\":\"https:\/\/www.uniselplastik.com.tr\/#website\"},\"primaryImageOfPage\":{\"@id\":\"https:\/\/www.uniselplastik.com.tr\/?product=otomatik-boru-kesme-makasi-16-42-mm#primaryimage\"},\"image\":{\"@id\":\"https:\/\/www.uniselplastik.com.tr\/?product=otomatik-boru-kesme-makasi-16-42-mm#primaryimage\"},\"thumbnailUrl\":\"https:\/\/www.uniselplastik.com.tr\/wp-content\/uploads\/2025\/03\/OTOMATIK-BORU-KESME-MAKASI-768x512-1.jpg\",\"datePublished\":\"2025-03-12T07:40:46+00:00\",\"dateModified\":\"2025-03-27T12:33:24+00:00\",\"description\":\"Unisel Plastik Sanayi Tic. Ltd. \u015eti. - Otomatik Boru Kesme Makas\u0131 ( 16-42 mm )\",\"breadcrumb\":{\"@id\":\"https:\/\/www.uniselplastik.com.tr\/?product=otomatik-boru-kesme-makasi-16-42-mm#breadcrumb\"},\"inLanguage\":\"tr\",\"potentialAction\":[{\"@type\":\"ReadAction\",\"target\":[\"https:\/\/www.uniselplastik.com.tr\/?product=otomatik-boru-kesme-makasi-16-42-mm\"]}]},{\"@type\":\"ImageObject\",\"inLanguage\":\"tr\",\"@id\":\"https:\/\/www.uniselplastik.com.tr\/?product=otomatik-boru-kesme-makasi-16-42-mm#primaryimage\",\"url\":\"https:\/\/www.uniselplastik.com.tr\/wp-content\/uploads\/2025\/03\/OTOMATIK-BORU-KESME-MAKASI-768x512-1.jpg\",\"contentUrl\":\"https:\/\/www.uniselplastik.com.tr\/wp-content\/uploads\/2025\/03\/OTOMATIK-BORU-KESME-MAKASI-768x512-1.jpg\",\"width\":768,\"height\":512},{\"@type\":\"BreadcrumbList\",\"@id\":\"https:\/\/www.uniselplastik.com.tr\/?product=otomatik-boru-kesme-makasi-16-42-mm#breadcrumb\",\"itemListElement\":[{\"@type\":\"ListItem\",\"position\":1,\"name\":\"Home\",\"item\":\"https:\/\/www.uniselplastik.com.tr\/\"},{\"@type\":\"ListItem\",\"position\":2,\"name\":\"Ma\u011faza\",\"item\":\"https:\/\/www.uniselplastik.com.tr\/?page_id=1824\"},{\"@type\":\"ListItem\",\"position\":3,\"name\":\"Otomatik Boru Kesme Makas\u0131 ( 16-42 mm )\"}]},{\"@type\":\"WebSite\",\"@id\":\"https:\/\/www.uniselplastik.com.tr\/#website\",\"url\":\"https:\/\/www.uniselplastik.com.tr\/\",\"name\":\"Unisel Plastik Sanayi Tic. Ltd. \u015eti.\",\"description\":\"Plastik Sulama\",\"publisher\":{\"@id\":\"https:\/\/www.uniselplastik.com.tr\/#organization\"},\"potentialAction\":[{\"@type\":\"SearchAction\",\"target\":{\"@type\":\"EntryPoint\",\"urlTemplate\":\"https:\/\/www.uniselplastik.com.tr\/?s={search_term_string}\"},\"query-input\":{\"@type\":\"PropertyValueSpecification\",\"valueRequired\":true,\"valueName\":\"search_term_string\"}}],\"inLanguage\":\"tr\"},{\"@type\":\"Organization\",\"@id\":\"https:\/\/www.uniselplastik.com.tr\/#organization\",\"name\":\"unisel plastik sanayi\",\"url\":\"https:\/\/www.uniselplastik.com.tr\/\",\"logo\":{\"@type\":\"ImageObject\",\"inLanguage\":\"tr\",\"@id\":\"https:\/\/www.uniselplastik.com.tr\/#\/schema\/logo\/image\/\",\"url\":\"https:\/\/www.uniselplastik.com.tr\/wp-content\/uploads\/2022\/10\/logo-mavi-e1670404165625.png\",\"contentUrl\":\"https:\/\/www.uniselplastik.com.tr\/wp-content\/uploads\/2022\/10\/logo-mavi-e1670404165625.png\",\"width\":300,\"height\":100,\"caption\":\"unisel plastik sanayi\"},\"image\":{\"@id\":\"https:\/\/www.uniselplastik.com.tr\/#\/schema\/logo\/image\/\"},\"sameAs\":[\"https:\/\/tr-tr.facebook.com\/people\/Unisel-Plastik-Market\/100085855740352\/\"]}]}<\/script>\n<!-- \/ Yoast SEO Premium plugin. -->","yoast_head_json":{"title":"Otomatik Boru Kesme Makas\u0131 ( 16-42 mm ) - Unisel Plastik Sanayi Tic. Ltd. \u015eti.","description":"Unisel Plastik Sanayi Tic. Ltd. \u015eti. - Otomatik Boru Kesme Makas\u0131 ( 16-42 mm )","robots":{"index":"index","follow":"follow","max-snippet":"max-snippet:-1","max-image-preview":"max-image-preview:large","max-video-preview":"max-video-preview:-1"},"canonical":"https:\/\/www.uniselplastik.com.tr\/?product=otomatik-boru-kesme-makasi-16-42-mm","og_locale":"tr_TR","og_type":"article","og_title":"Otomatik Boru Kesme Makas\u0131 ( 16-42 mm )","og_description":"Unisel Plastik Sanayi Tic. Ltd. \u015eti. - Otomatik Boru Kesme Makas\u0131 ( 16-42 mm )","og_url":"https:\/\/www.uniselplastik.com.tr\/?product=otomatik-boru-kesme-makasi-16-42-mm","og_site_name":"Unisel Plastik Sanayi Tic. Ltd. \u015eti.","article_publisher":"https:\/\/tr-tr.facebook.com\/people\/Unisel-Plastik-Market\/100085855740352\/","article_modified_time":"2025-03-27T12:33:24+00:00","og_image":[{"width":768,"height":512,"url":"https:\/\/www.uniselplastik.com.tr\/wp-content\/uploads\/2025\/03\/OTOMATIK-BORU-KESME-MAKASI-768x512-1.jpg","type":"image\/jpeg"}],"twitter_card":"summary_large_image","twitter_misc":{"Tahmini okuma s\u00fcresi":"1 dakika"},"schema":{"@context":"https:\/\/schema.org","@graph":[{"@type":"WebPage","@id":"https:\/\/www.uniselplastik.com.tr\/?product=otomatik-boru-kesme-makasi-16-42-mm","url":"https:\/\/www.uniselplastik.com.tr\/?product=otomatik-boru-kesme-makasi-16-42-mm","name":"Otomatik Boru Kesme Makas\u0131 ( 16-42 mm ) - Unisel Plastik Sanayi Tic. Ltd. \u015eti.","isPartOf":{"@id":"https:\/\/www.uniselplastik.com.tr\/#website"},"primaryImageOfPage":{"@id":"https:\/\/www.uniselplastik.com.tr\/?product=otomatik-boru-kesme-makasi-16-42-mm#primaryimage"},"image":{"@id":"https:\/\/www.uniselplastik.com.tr\/?product=otomatik-boru-kesme-makasi-16-42-mm#primaryimage"},"thumbnailUrl":"https:\/\/www.uniselplastik.com.tr\/wp-content\/uploads\/2025\/03\/OTOMATIK-BORU-KESME-MAKASI-768x512-1.jpg","datePublished":"2025-03-12T07:40:46+00:00","dateModified":"2025-03-27T12:33:24+00:00","description":"Unisel Plastik Sanayi Tic. Ltd. \u015eti. - Otomatik Boru Kesme Makas\u0131 ( 16-42 mm )","breadcrumb":{"@id":"https:\/\/www.uniselplastik.com.tr\/?product=otomatik-boru-kesme-makasi-16-42-mm#breadcrumb"},"inLanguage":"tr","potentialAction":[{"@type":"ReadAction","target":["https:\/\/www.uniselplastik.com.tr\/?product=otomatik-boru-kesme-makasi-16-42-mm"]}]},{"@type":"ImageObject","inLanguage":"tr","@id":"https:\/\/www.uniselplastik.com.tr\/?product=otomatik-boru-kesme-makasi-16-42-mm#primaryimage","url":"https:\/\/www.uniselplastik.com.tr\/wp-content\/uploads\/2025\/03\/OTOMATIK-BORU-KESME-MAKASI-768x512-1.jpg","contentUrl":"https:\/\/www.uniselplastik.com.tr\/wp-content\/uploads\/2025\/03\/OTOMATIK-BORU-KESME-MAKASI-768x512-1.jpg","width":768,"height":512},{"@type":"BreadcrumbList","@id":"https:\/\/www.uniselplastik.com.tr\/?product=otomatik-boru-kesme-makasi-16-42-mm#breadcrumb","itemListElement":[{"@type":"ListItem","position":1,"name":"Home","item":"https:\/\/www.uniselplastik.com.tr\/"},{"@type":"ListItem","position":2,"name":"Ma\u011faza","item":"https:\/\/www.uniselplastik.com.tr\/?page_id=1824"},{"@type":"ListItem","position":3,"name":"Otomatik Boru Kesme Makas\u0131 ( 16-42 mm )"}]},{"@type":"WebSite","@id":"https:\/\/www.uniselplastik.com.tr\/#website","url":"https:\/\/www.uniselplastik.com.tr\/","name":"Unisel Plastik Sanayi Tic. Ltd. \u015eti.","description":"Plastik Sulama","publisher":{"@id":"https:\/\/www.uniselplastik.com.tr\/#organization"},"potentialAction":[{"@type":"SearchAction","target":{"@type":"EntryPoint","urlTemplate":"https:\/\/www.uniselplastik.com.tr\/?s={search_term_string}"},"query-input":{"@type":"PropertyValueSpecification","valueRequired":true,"valueName":"search_term_string"}}],"inLanguage":"tr"},{"@type":"Organization","@id":"https:\/\/www.uniselplastik.com.tr\/#organization","name":"unisel plastik sanayi","url":"https:\/\/www.uniselplastik.com.tr\/","logo":{"@type":"ImageObject","inLanguage":"tr","@id":"https:\/\/www.uniselplastik.com.tr\/#\/schema\/logo\/image\/","url":"https:\/\/www.uniselplastik.com.tr\/wp-content\/uploads\/2022\/10\/logo-mavi-e1670404165625.png","contentUrl":"https:\/\/www.uniselplastik.com.tr\/wp-content\/uploads\/2022\/10\/logo-mavi-e1670404165625.png","width":300,"height":100,"caption":"unisel plastik sanayi"},"image":{"@id":"https:\/\/www.uniselplastik.com.tr\/#\/schema\/logo\/image\/"},"sameAs":["https:\/\/tr-tr.facebook.com\/people\/Unisel-Plastik-Market\/100085855740352\/"]}]}},"_links":{"self":[{"href":"https:\/\/www.uniselplastik.com.tr\/index.php?rest_route=\/wp\/v2\/product\/3251","targetHints":{"allow":["GET"]}}],"collection":[{"href":"https:\/\/www.uniselplastik.com.tr\/index.php?rest_route=\/wp\/v2\/product"}],"about":[{"href":"https:\/\/www.uniselplastik.com.tr\/index.php?rest_route=\/wp\/v2\/types\/product"}],"replies":[{"embeddable":true,"href":"https:\/\/www.uniselplastik.com.tr\/index.php?rest_route=%2Fwp%2Fv2%2Fcomments&post=3251"}],"version-history":[{"count":1,"href":"https:\/\/www.uniselplastik.com.tr\/index.php?rest_route=\/wp\/v2\/product\/3251\/revisions"}],"predecessor-version":[{"id":3254,"href":"https:\/\/www.uniselplastik.com.tr\/index.php?rest_route=\/wp\/v2\/product\/3251\/revisions\/3254"}],"wp:featuredmedia":[{"embeddable":true,"href":"https:\/\/www.uniselplastik.com.tr\/index.php?rest_route=\/wp\/v2\/media\/3253"}],"wp:attachment":[{"href":"https:\/\/www.uniselplastik.com.tr\/index.php?rest_route=%2Fwp%2Fv2%2Fmedia&parent=3251"}],"wp:term":[{"taxonomy":"product_brand","embeddable":true,"href":"https:\/\/www.uniselplastik.com.tr\/index.php?rest_route=%2Fwp%2Fv2%2Fproduct_brand&post=3251"},{"taxonomy":"product_cat","embeddable":true,"href":"https:\/\/www.uniselplastik.com.tr\/index.php?rest_route=%2Fwp%2Fv2%2Fproduct_cat&post=3251"},{"taxonomy":"product_tag","embeddable":true,"href":"https:\/\/www.uniselplastik.com.tr\/index.php?rest_route=%2Fwp%2Fv2%2Fproduct_tag&post=3251"}],"curies":[{"name":"wp","href":"https:\/\/api.w.org\/{rel}","templated":true}]}}