{"id":3229,"date":"2025-03-12T10:11:32","date_gmt":"2025-03-12T07:11:32","guid":{"rendered":"https:\/\/www.uniselplastik.com.tr\/?post_type=product&#038;p=3229"},"modified":"2025-03-27T15:33:28","modified_gmt":"2025-03-27T12:33:28","slug":"pprc-klasik-kaynak-makinasi-seti","status":"publish","type":"product","link":"https:\/\/www.uniselplastik.com.tr\/?product=pprc-klasik-kaynak-makinasi-seti","title":{"rendered":"PPRC Klasik Kaynak Makinas\u0131 Seti"},"content":{"rendered":"<h2><strong>TEKN\u0130K DETAYLAR<\/strong><\/h2>\n<p>\u2022\u00c7ift rezistansl\u0131 ve 1500 Watt<br \/>\n\u2022\u00c7atal ayakl\u0131<br \/>\n\u20222 y\u0131l servis ve yedek par\u00e7a garantili<br \/>\n\u2022Klasik<br \/>\n\u2022Rezistanslar paslanmaz malzemelidir.<br \/>\n\u2022PP kayna\u011f\u0131 i\u00e7in ihtiya\u00e7 duyaca\u011f\u0131n\u0131z b\u00fct\u00fcn<br \/>\naparatlar \u00e7antada mevcuttur.(20-40 mm)<br \/>\n\u2022Setteki t\u00fcm \u00fcr\u00fcnler DiN normludur.<br \/>\n\u2022Termostatl\u0131d\u0131r.<br \/>\n\u2022Boru kesme makas\u0131 sete dahildir. (16-42 mm)<\/p>\n","protected":false},"excerpt":{"rendered":"<p>TEKN\u0130K DETAYLAR \u2022\u00c7ift rezistansl\u0131 ve 1500 Watt \u2022\u00c7atal ayakl\u0131 \u20222 y\u0131l servis ve yedek par\u00e7a garantili \u2022Klasik \u2022Rezistanslar paslanmaz malzemelidir. \u2022PP kayna\u011f\u0131 i\u00e7in ihtiya\u00e7 duyaca\u011f\u0131n\u0131z b\u00fct\u00fcn aparatlar \u00e7antada mevcuttur.(20-40 mm) \u2022Setteki t\u00fcm \u00fcr\u00fcnler DiN normludur. \u2022Termostatl\u0131d\u0131r. \u2022Boru kesme makas\u0131 sete dahildir. (16-42 mm)<\/p>\n","protected":false},"featured_media":3231,"comment_status":"open","ping_status":"closed","template":"","meta":{"_acf_changed":false,"inline_featured_image":false,"_joinchat":[]},"product_brand":[],"product_cat":[76],"product_tag":[],"class_list":{"0":"post-3229","1":"product","2":"type-product","3":"status-publish","4":"has-post-thumbnail","6":"product_cat-pprc-urunler","8":"first","9":"instock","10":"shipping-taxable","11":"product-type-simple"},"acf":[],"yoast_head":"<!-- This site is optimized with the Yoast SEO Premium plugin v24.7 (Yoast SEO v25.0) - https:\/\/yoast.com\/wordpress\/plugins\/seo\/ -->\n<title>PPRC Klasik Kaynak Makinas\u0131 Seti - Unisel Plastik Sanayi Tic. Ltd. \u015eti.<\/title>\n<meta name=\"description\" content=\"Unisel Plastik Sanayi Tic. Ltd. \u015eti. - PPRC Klasik Kaynak Makinas\u0131 Seti\" \/>\n<meta name=\"robots\" content=\"index, follow, max-snippet:-1, max-image-preview:large, max-video-preview:-1\" \/>\n<link rel=\"canonical\" href=\"https:\/\/www.uniselplastik.com.tr\/?product=pprc-klasik-kaynak-makinasi-seti\" \/>\n<meta property=\"og:locale\" content=\"tr_TR\" \/>\n<meta property=\"og:type\" content=\"article\" \/>\n<meta property=\"og:title\" content=\"PPRC Klasik Kaynak Makinas\u0131 Seti\" \/>\n<meta property=\"og:description\" content=\"Unisel Plastik Sanayi Tic. Ltd. \u015eti. - PPRC Klasik Kaynak Makinas\u0131 Seti\" \/>\n<meta property=\"og:url\" content=\"https:\/\/www.uniselplastik.com.tr\/?product=pprc-klasik-kaynak-makinasi-seti\" \/>\n<meta property=\"og:site_name\" content=\"Unisel Plastik Sanayi Tic. Ltd. \u015eti.\" \/>\n<meta property=\"article:publisher\" content=\"https:\/\/tr-tr.facebook.com\/people\/Unisel-Plastik-Market\/100085855740352\/\" \/>\n<meta property=\"article:modified_time\" content=\"2025-03-27T12:33:28+00:00\" \/>\n<meta property=\"og:image\" content=\"https:\/\/www.uniselplastik.com.tr\/wp-content\/uploads\/2025\/03\/unisel-KLASIK-KAYNAK-MAKINASI-SETi.jpg\" \/>\n\t<meta property=\"og:image:width\" content=\"900\" \/>\n\t<meta property=\"og:image:height\" content=\"600\" \/>\n\t<meta property=\"og:image:type\" content=\"image\/jpeg\" \/>\n<meta name=\"twitter:card\" content=\"summary_large_image\" \/>\n<meta name=\"twitter:label1\" content=\"Tahmini okuma s\u00fcresi\" \/>\n\t<meta name=\"twitter:data1\" content=\"1 dakika\" \/>\n<script type=\"application\/ld+json\" class=\"yoast-schema-graph\">{\"@context\":\"https:\/\/schema.org\",\"@graph\":[{\"@type\":\"WebPage\",\"@id\":\"https:\/\/www.uniselplastik.com.tr\/?product=pprc-klasik-kaynak-makinasi-seti\",\"url\":\"https:\/\/www.uniselplastik.com.tr\/?product=pprc-klasik-kaynak-makinasi-seti\",\"name\":\"PPRC Klasik Kaynak Makinas\u0131 Seti - Unisel Plastik Sanayi Tic. Ltd. \u015eti.\",\"isPartOf\":{\"@id\":\"https:\/\/www.uniselplastik.com.tr\/#website\"},\"primaryImageOfPage\":{\"@id\":\"https:\/\/www.uniselplastik.com.tr\/?product=pprc-klasik-kaynak-makinasi-seti#primaryimage\"},\"image\":{\"@id\":\"https:\/\/www.uniselplastik.com.tr\/?product=pprc-klasik-kaynak-makinasi-seti#primaryimage\"},\"thumbnailUrl\":\"https:\/\/www.uniselplastik.com.tr\/wp-content\/uploads\/2025\/03\/unisel-KLASIK-KAYNAK-MAKINASI-SETi.jpg\",\"datePublished\":\"2025-03-12T07:11:32+00:00\",\"dateModified\":\"2025-03-27T12:33:28+00:00\",\"description\":\"Unisel Plastik Sanayi Tic. Ltd. \u015eti. - PPRC Klasik Kaynak Makinas\u0131 Seti\",\"breadcrumb\":{\"@id\":\"https:\/\/www.uniselplastik.com.tr\/?product=pprc-klasik-kaynak-makinasi-seti#breadcrumb\"},\"inLanguage\":\"tr\",\"potentialAction\":[{\"@type\":\"ReadAction\",\"target\":[\"https:\/\/www.uniselplastik.com.tr\/?product=pprc-klasik-kaynak-makinasi-seti\"]}]},{\"@type\":\"ImageObject\",\"inLanguage\":\"tr\",\"@id\":\"https:\/\/www.uniselplastik.com.tr\/?product=pprc-klasik-kaynak-makinasi-seti#primaryimage\",\"url\":\"https:\/\/www.uniselplastik.com.tr\/wp-content\/uploads\/2025\/03\/unisel-KLASIK-KAYNAK-MAKINASI-SETi.jpg\",\"contentUrl\":\"https:\/\/www.uniselplastik.com.tr\/wp-content\/uploads\/2025\/03\/unisel-KLASIK-KAYNAK-MAKINASI-SETi.jpg\",\"width\":900,\"height\":600,\"caption\":\"PPRC Klasik Kaynak Makinas\u0131 Seti\"},{\"@type\":\"BreadcrumbList\",\"@id\":\"https:\/\/www.uniselplastik.com.tr\/?product=pprc-klasik-kaynak-makinasi-seti#breadcrumb\",\"itemListElement\":[{\"@type\":\"ListItem\",\"position\":1,\"name\":\"Home\",\"item\":\"https:\/\/www.uniselplastik.com.tr\/\"},{\"@type\":\"ListItem\",\"position\":2,\"name\":\"Ma\u011faza\",\"item\":\"https:\/\/www.uniselplastik.com.tr\/?page_id=1824\"},{\"@type\":\"ListItem\",\"position\":3,\"name\":\"PPRC Klasik Kaynak Makinas\u0131 Seti\"}]},{\"@type\":\"WebSite\",\"@id\":\"https:\/\/www.uniselplastik.com.tr\/#website\",\"url\":\"https:\/\/www.uniselplastik.com.tr\/\",\"name\":\"Unisel Plastik Sanayi Tic. Ltd. \u015eti.\",\"description\":\"Plastik Sulama\",\"publisher\":{\"@id\":\"https:\/\/www.uniselplastik.com.tr\/#organization\"},\"potentialAction\":[{\"@type\":\"SearchAction\",\"target\":{\"@type\":\"EntryPoint\",\"urlTemplate\":\"https:\/\/www.uniselplastik.com.tr\/?s={search_term_string}\"},\"query-input\":{\"@type\":\"PropertyValueSpecification\",\"valueRequired\":true,\"valueName\":\"search_term_string\"}}],\"inLanguage\":\"tr\"},{\"@type\":\"Organization\",\"@id\":\"https:\/\/www.uniselplastik.com.tr\/#organization\",\"name\":\"unisel plastik sanayi\",\"url\":\"https:\/\/www.uniselplastik.com.tr\/\",\"logo\":{\"@type\":\"ImageObject\",\"inLanguage\":\"tr\",\"@id\":\"https:\/\/www.uniselplastik.com.tr\/#\/schema\/logo\/image\/\",\"url\":\"https:\/\/www.uniselplastik.com.tr\/wp-content\/uploads\/2022\/10\/logo-mavi-e1670404165625.png\",\"contentUrl\":\"https:\/\/www.uniselplastik.com.tr\/wp-content\/uploads\/2022\/10\/logo-mavi-e1670404165625.png\",\"width\":300,\"height\":100,\"caption\":\"unisel plastik sanayi\"},\"image\":{\"@id\":\"https:\/\/www.uniselplastik.com.tr\/#\/schema\/logo\/image\/\"},\"sameAs\":[\"https:\/\/tr-tr.facebook.com\/people\/Unisel-Plastik-Market\/100085855740352\/\"]}]}<\/script>\n<!-- \/ Yoast SEO Premium plugin. -->","yoast_head_json":{"title":"PPRC Klasik Kaynak Makinas\u0131 Seti - Unisel Plastik Sanayi Tic. Ltd. \u015eti.","description":"Unisel Plastik Sanayi Tic. Ltd. \u015eti. - PPRC Klasik Kaynak Makinas\u0131 Seti","robots":{"index":"index","follow":"follow","max-snippet":"max-snippet:-1","max-image-preview":"max-image-preview:large","max-video-preview":"max-video-preview:-1"},"canonical":"https:\/\/www.uniselplastik.com.tr\/?product=pprc-klasik-kaynak-makinasi-seti","og_locale":"tr_TR","og_type":"article","og_title":"PPRC Klasik Kaynak Makinas\u0131 Seti","og_description":"Unisel Plastik Sanayi Tic. Ltd. \u015eti. - PPRC Klasik Kaynak Makinas\u0131 Seti","og_url":"https:\/\/www.uniselplastik.com.tr\/?product=pprc-klasik-kaynak-makinasi-seti","og_site_name":"Unisel Plastik Sanayi Tic. Ltd. \u015eti.","article_publisher":"https:\/\/tr-tr.facebook.com\/people\/Unisel-Plastik-Market\/100085855740352\/","article_modified_time":"2025-03-27T12:33:28+00:00","og_image":[{"width":900,"height":600,"url":"https:\/\/www.uniselplastik.com.tr\/wp-content\/uploads\/2025\/03\/unisel-KLASIK-KAYNAK-MAKINASI-SETi.jpg","type":"image\/jpeg"}],"twitter_card":"summary_large_image","twitter_misc":{"Tahmini okuma s\u00fcresi":"1 dakika"},"schema":{"@context":"https:\/\/schema.org","@graph":[{"@type":"WebPage","@id":"https:\/\/www.uniselplastik.com.tr\/?product=pprc-klasik-kaynak-makinasi-seti","url":"https:\/\/www.uniselplastik.com.tr\/?product=pprc-klasik-kaynak-makinasi-seti","name":"PPRC Klasik Kaynak Makinas\u0131 Seti - Unisel Plastik Sanayi Tic. Ltd. \u015eti.","isPartOf":{"@id":"https:\/\/www.uniselplastik.com.tr\/#website"},"primaryImageOfPage":{"@id":"https:\/\/www.uniselplastik.com.tr\/?product=pprc-klasik-kaynak-makinasi-seti#primaryimage"},"image":{"@id":"https:\/\/www.uniselplastik.com.tr\/?product=pprc-klasik-kaynak-makinasi-seti#primaryimage"},"thumbnailUrl":"https:\/\/www.uniselplastik.com.tr\/wp-content\/uploads\/2025\/03\/unisel-KLASIK-KAYNAK-MAKINASI-SETi.jpg","datePublished":"2025-03-12T07:11:32+00:00","dateModified":"2025-03-27T12:33:28+00:00","description":"Unisel Plastik Sanayi Tic. Ltd. \u015eti. - PPRC Klasik Kaynak Makinas\u0131 Seti","breadcrumb":{"@id":"https:\/\/www.uniselplastik.com.tr\/?product=pprc-klasik-kaynak-makinasi-seti#breadcrumb"},"inLanguage":"tr","potentialAction":[{"@type":"ReadAction","target":["https:\/\/www.uniselplastik.com.tr\/?product=pprc-klasik-kaynak-makinasi-seti"]}]},{"@type":"ImageObject","inLanguage":"tr","@id":"https:\/\/www.uniselplastik.com.tr\/?product=pprc-klasik-kaynak-makinasi-seti#primaryimage","url":"https:\/\/www.uniselplastik.com.tr\/wp-content\/uploads\/2025\/03\/unisel-KLASIK-KAYNAK-MAKINASI-SETi.jpg","contentUrl":"https:\/\/www.uniselplastik.com.tr\/wp-content\/uploads\/2025\/03\/unisel-KLASIK-KAYNAK-MAKINASI-SETi.jpg","width":900,"height":600,"caption":"PPRC Klasik Kaynak Makinas\u0131 Seti"},{"@type":"BreadcrumbList","@id":"https:\/\/www.uniselplastik.com.tr\/?product=pprc-klasik-kaynak-makinasi-seti#breadcrumb","itemListElement":[{"@type":"ListItem","position":1,"name":"Home","item":"https:\/\/www.uniselplastik.com.tr\/"},{"@type":"ListItem","position":2,"name":"Ma\u011faza","item":"https:\/\/www.uniselplastik.com.tr\/?page_id=1824"},{"@type":"ListItem","position":3,"name":"PPRC Klasik Kaynak Makinas\u0131 Seti"}]},{"@type":"WebSite","@id":"https:\/\/www.uniselplastik.com.tr\/#website","url":"https:\/\/www.uniselplastik.com.tr\/","name":"Unisel Plastik Sanayi Tic. Ltd. \u015eti.","description":"Plastik Sulama","publisher":{"@id":"https:\/\/www.uniselplastik.com.tr\/#organization"},"potentialAction":[{"@type":"SearchAction","target":{"@type":"EntryPoint","urlTemplate":"https:\/\/www.uniselplastik.com.tr\/?s={search_term_string}"},"query-input":{"@type":"PropertyValueSpecification","valueRequired":true,"valueName":"search_term_string"}}],"inLanguage":"tr"},{"@type":"Organization","@id":"https:\/\/www.uniselplastik.com.tr\/#organization","name":"unisel plastik sanayi","url":"https:\/\/www.uniselplastik.com.tr\/","logo":{"@type":"ImageObject","inLanguage":"tr","@id":"https:\/\/www.uniselplastik.com.tr\/#\/schema\/logo\/image\/","url":"https:\/\/www.uniselplastik.com.tr\/wp-content\/uploads\/2022\/10\/logo-mavi-e1670404165625.png","contentUrl":"https:\/\/www.uniselplastik.com.tr\/wp-content\/uploads\/2022\/10\/logo-mavi-e1670404165625.png","width":300,"height":100,"caption":"unisel plastik sanayi"},"image":{"@id":"https:\/\/www.uniselplastik.com.tr\/#\/schema\/logo\/image\/"},"sameAs":["https:\/\/tr-tr.facebook.com\/people\/Unisel-Plastik-Market\/100085855740352\/"]}]}},"_links":{"self":[{"href":"https:\/\/www.uniselplastik.com.tr\/index.php?rest_route=\/wp\/v2\/product\/3229","targetHints":{"allow":["GET"]}}],"collection":[{"href":"https:\/\/www.uniselplastik.com.tr\/index.php?rest_route=\/wp\/v2\/product"}],"about":[{"href":"https:\/\/www.uniselplastik.com.tr\/index.php?rest_route=\/wp\/v2\/types\/product"}],"replies":[{"embeddable":true,"href":"https:\/\/www.uniselplastik.com.tr\/index.php?rest_route=%2Fwp%2Fv2%2Fcomments&post=3229"}],"version-history":[{"count":2,"href":"https:\/\/www.uniselplastik.com.tr\/index.php?rest_route=\/wp\/v2\/product\/3229\/revisions"}],"predecessor-version":[{"id":3235,"href":"https:\/\/www.uniselplastik.com.tr\/index.php?rest_route=\/wp\/v2\/product\/3229\/revisions\/3235"}],"wp:featuredmedia":[{"embeddable":true,"href":"https:\/\/www.uniselplastik.com.tr\/index.php?rest_route=\/wp\/v2\/media\/3231"}],"wp:attachment":[{"href":"https:\/\/www.uniselplastik.com.tr\/index.php?rest_route=%2Fwp%2Fv2%2Fmedia&parent=3229"}],"wp:term":[{"taxonomy":"product_brand","embeddable":true,"href":"https:\/\/www.uniselplastik.com.tr\/index.php?rest_route=%2Fwp%2Fv2%2Fproduct_brand&post=3229"},{"taxonomy":"product_cat","embeddable":true,"href":"https:\/\/www.uniselplastik.com.tr\/index.php?rest_route=%2Fwp%2Fv2%2Fproduct_cat&post=3229"},{"taxonomy":"product_tag","embeddable":true,"href":"https:\/\/www.uniselplastik.com.tr\/index.php?rest_route=%2Fwp%2Fv2%2Fproduct_tag&post=3229"}],"curies":[{"name":"wp","href":"https:\/\/api.w.org\/{rel}","templated":true}]}}