{"id":2991,"date":"2025-03-06T12:55:37","date_gmt":"2025-03-06T09:55:37","guid":{"rendered":"https:\/\/www.uniselplastik.com.tr\/?post_type=product&#038;p=2991"},"modified":"2025-03-06T12:55:38","modified_gmt":"2025-03-06T09:55:38","slug":"plastik-dis-dis-ic-dis-dirsek-2","status":"publish","type":"product","link":"https:\/\/www.uniselplastik.com.tr\/?product=plastik-dis-dis-ic-dis-dirsek-2","title":{"rendered":"Plastik D\u0131\u015f Di\u015f \u2013 \u0130\u00e7 Di\u015f Dirsek"},"content":{"rendered":"\n<table id=\"tablepress-158\" class=\"tablepress tablepress-id-158\">\n<thead>\n<tr class=\"row-1\">\n\t<th class=\"column-1\">KOD<\/th><th class=\"column-2\">EBAT<\/th><th class=\"column-3\">\u00c7UVAL (Ad.)<\/th><th class=\"column-4\">KOL\u0130 (Ad.)<\/th>\n<\/tr>\n<\/thead>\n<tbody class=\"row-striping row-hover\">\n<tr class=\"row-2\">\n\t<td class=\"column-1\">D0300<\/td><td class=\"column-2\">1\/2\"x1\/2\"<\/td><td class=\"column-3\">900<\/td><td class=\"column-4\">1.200<\/td>\n<\/tr>\n<tr class=\"row-3\">\n\t<td class=\"column-1\">D0301<\/td><td class=\"column-2\">3\/4\"x3\/4\"<\/td><td class=\"column-3\">600<\/td><td class=\"column-4\">800<\/td>\n<\/tr>\n<tr class=\"row-4\">\n\t<td class=\"column-1\">D0302<\/td><td class=\"column-2\">1\"x1\"<\/td><td class=\"column-3\">400<\/td><td class=\"column-4\">500<\/td>\n<\/tr>\n<tr class=\"row-5\">\n\t<td class=\"column-1\">D0303<\/td><td class=\"column-2\">11\/4\"x11\/4\"<\/td><td class=\"column-3\">250<\/td><td class=\"column-4\">300<\/td>\n<\/tr>\n<tr class=\"row-6\">\n\t<td class=\"column-1\">D0304<\/td><td class=\"column-2\">11\/2\"x11\/2\"<\/td><td class=\"column-3\">150<\/td><td class=\"column-4\">210<\/td>\n<\/tr>\n<tr class=\"row-7\">\n\t<td class=\"column-1\">D0305<\/td><td class=\"column-2\">2\"x2\"<\/td><td class=\"column-3\">100<\/td><td class=\"column-4\">110<\/td>\n<\/tr>\n<tr class=\"row-8\">\n\t<td class=\"column-1\">D0306<\/td><td class=\"column-2\">21\/2\"x21\/2\"<\/td><td class=\"column-3\">55<\/td><td class=\"column-4\">65<\/td>\n<\/tr>\n<tr class=\"row-9\">\n\t<td class=\"column-1\">D0307<\/td><td class=\"column-2\">3\"x3\"<\/td><td class=\"column-3\">35<\/td><td class=\"column-4\">40<\/td>\n<\/tr>\n<tr class=\"row-10\">\n\t<td class=\"column-1\">D0308<\/td><td class=\"column-2\">4\"x4\"<\/td><td class=\"column-3\">18<\/td><td class=\"column-4\">20<\/td>\n<\/tr>\n<\/tbody>\n<\/table>\n<!-- #tablepress-158 from cache -->\n","protected":false},"excerpt":{"rendered":"","protected":false},"featured_media":2993,"comment_status":"open","ping_status":"closed","template":"","meta":{"_acf_changed":false,"inline_featured_image":false,"_joinchat":[]},"product_brand":[],"product_cat":[79],"product_tag":[],"class_list":{"0":"post-2991","1":"product","2":"type-product","3":"status-publish","4":"has-post-thumbnail","6":"product_cat-plastik-ek-parcalari","8":"first","9":"instock","10":"shipping-taxable","11":"product-type-simple"},"acf":[],"yoast_head":"<!-- This site is optimized with the Yoast SEO Premium plugin v24.7 (Yoast SEO v25.0) - https:\/\/yoast.com\/wordpress\/plugins\/seo\/ -->\n<title>Plastik D\u0131\u015f Di\u015f \u2013 \u0130\u00e7 Di\u015f Dirsek - Unisel Plastik Sanayi Tic. Ltd. \u015eti.<\/title>\n<meta name=\"description\" content=\"Unisel Plastik Sanayi Tic. Ltd. \u015eti. - Plastik D\u0131\u015f Di\u015f \u2013 \u0130\u00e7 Di\u015f Dirsek\" \/>\n<meta name=\"robots\" content=\"index, follow, max-snippet:-1, max-image-preview:large, max-video-preview:-1\" \/>\n<link rel=\"canonical\" href=\"https:\/\/www.uniselplastik.com.tr\/?product=plastik-dis-dis-ic-dis-dirsek-2\" \/>\n<meta property=\"og:locale\" content=\"tr_TR\" \/>\n<meta property=\"og:type\" content=\"article\" \/>\n<meta property=\"og:title\" content=\"Plastik D\u0131\u015f Di\u015f \u2013 \u0130\u00e7 Di\u015f Dirsek\" \/>\n<meta property=\"og:description\" content=\"Unisel Plastik Sanayi Tic. Ltd. \u015eti. - Plastik D\u0131\u015f Di\u015f \u2013 \u0130\u00e7 Di\u015f Dirsek\" \/>\n<meta property=\"og:url\" content=\"https:\/\/www.uniselplastik.com.tr\/?product=plastik-dis-dis-ic-dis-dirsek-2\" \/>\n<meta property=\"og:site_name\" content=\"Unisel Plastik Sanayi Tic. Ltd. \u015eti.\" \/>\n<meta property=\"article:publisher\" content=\"https:\/\/tr-tr.facebook.com\/people\/Unisel-Plastik-Market\/100085855740352\/\" \/>\n<meta property=\"article:modified_time\" content=\"2025-03-06T09:55:38+00:00\" \/>\n<meta property=\"og:image\" content=\"https:\/\/www.uniselplastik.com.tr\/wp-content\/uploads\/2025\/03\/ic-dis-dis-dis-dirsek-1024x683-1.jpg\" \/>\n\t<meta property=\"og:image:width\" content=\"1024\" \/>\n\t<meta property=\"og:image:height\" content=\"683\" \/>\n\t<meta property=\"og:image:type\" content=\"image\/jpeg\" \/>\n<meta name=\"twitter:card\" content=\"summary_large_image\" \/>\n<meta name=\"twitter:label1\" content=\"Tahmini okuma s\u00fcresi\" \/>\n\t<meta name=\"twitter:data1\" content=\"1 dakika\" \/>\n<script type=\"application\/ld+json\" class=\"yoast-schema-graph\">{\"@context\":\"https:\/\/schema.org\",\"@graph\":[{\"@type\":\"WebPage\",\"@id\":\"https:\/\/www.uniselplastik.com.tr\/?product=plastik-dis-dis-ic-dis-dirsek-2\",\"url\":\"https:\/\/www.uniselplastik.com.tr\/?product=plastik-dis-dis-ic-dis-dirsek-2\",\"name\":\"Plastik D\u0131\u015f Di\u015f \u2013 \u0130\u00e7 Di\u015f Dirsek - Unisel Plastik Sanayi Tic. Ltd. \u015eti.\",\"isPartOf\":{\"@id\":\"https:\/\/www.uniselplastik.com.tr\/#website\"},\"primaryImageOfPage\":{\"@id\":\"https:\/\/www.uniselplastik.com.tr\/?product=plastik-dis-dis-ic-dis-dirsek-2#primaryimage\"},\"image\":{\"@id\":\"https:\/\/www.uniselplastik.com.tr\/?product=plastik-dis-dis-ic-dis-dirsek-2#primaryimage\"},\"thumbnailUrl\":\"https:\/\/www.uniselplastik.com.tr\/wp-content\/uploads\/2025\/03\/ic-dis-dis-dis-dirsek-1024x683-1.jpg\",\"datePublished\":\"2025-03-06T09:55:37+00:00\",\"dateModified\":\"2025-03-06T09:55:38+00:00\",\"description\":\"Unisel Plastik Sanayi Tic. Ltd. \u015eti. - Plastik D\u0131\u015f Di\u015f \u2013 \u0130\u00e7 Di\u015f Dirsek\",\"breadcrumb\":{\"@id\":\"https:\/\/www.uniselplastik.com.tr\/?product=plastik-dis-dis-ic-dis-dirsek-2#breadcrumb\"},\"inLanguage\":\"tr\",\"potentialAction\":[{\"@type\":\"ReadAction\",\"target\":[\"https:\/\/www.uniselplastik.com.tr\/?product=plastik-dis-dis-ic-dis-dirsek-2\"]}]},{\"@type\":\"ImageObject\",\"inLanguage\":\"tr\",\"@id\":\"https:\/\/www.uniselplastik.com.tr\/?product=plastik-dis-dis-ic-dis-dirsek-2#primaryimage\",\"url\":\"https:\/\/www.uniselplastik.com.tr\/wp-content\/uploads\/2025\/03\/ic-dis-dis-dis-dirsek-1024x683-1.jpg\",\"contentUrl\":\"https:\/\/www.uniselplastik.com.tr\/wp-content\/uploads\/2025\/03\/ic-dis-dis-dis-dirsek-1024x683-1.jpg\",\"width\":1024,\"height\":683,\"caption\":\"Plastik D\u0131\u015f Di\u015f \u2013 \u0130\u00e7 Di\u015f Dirsek\"},{\"@type\":\"BreadcrumbList\",\"@id\":\"https:\/\/www.uniselplastik.com.tr\/?product=plastik-dis-dis-ic-dis-dirsek-2#breadcrumb\",\"itemListElement\":[{\"@type\":\"ListItem\",\"position\":1,\"name\":\"Home\",\"item\":\"https:\/\/www.uniselplastik.com.tr\/\"},{\"@type\":\"ListItem\",\"position\":2,\"name\":\"Ma\u011faza\",\"item\":\"https:\/\/www.uniselplastik.com.tr\/?page_id=1824\"},{\"@type\":\"ListItem\",\"position\":3,\"name\":\"Plastik D\u0131\u015f Di\u015f \u2013 \u0130\u00e7 Di\u015f Dirsek\"}]},{\"@type\":\"WebSite\",\"@id\":\"https:\/\/www.uniselplastik.com.tr\/#website\",\"url\":\"https:\/\/www.uniselplastik.com.tr\/\",\"name\":\"Unisel Plastik Sanayi Tic. Ltd. \u015eti.\",\"description\":\"Plastik Sulama\",\"publisher\":{\"@id\":\"https:\/\/www.uniselplastik.com.tr\/#organization\"},\"potentialAction\":[{\"@type\":\"SearchAction\",\"target\":{\"@type\":\"EntryPoint\",\"urlTemplate\":\"https:\/\/www.uniselplastik.com.tr\/?s={search_term_string}\"},\"query-input\":{\"@type\":\"PropertyValueSpecification\",\"valueRequired\":true,\"valueName\":\"search_term_string\"}}],\"inLanguage\":\"tr\"},{\"@type\":\"Organization\",\"@id\":\"https:\/\/www.uniselplastik.com.tr\/#organization\",\"name\":\"unisel plastik sanayi\",\"url\":\"https:\/\/www.uniselplastik.com.tr\/\",\"logo\":{\"@type\":\"ImageObject\",\"inLanguage\":\"tr\",\"@id\":\"https:\/\/www.uniselplastik.com.tr\/#\/schema\/logo\/image\/\",\"url\":\"https:\/\/www.uniselplastik.com.tr\/wp-content\/uploads\/2022\/10\/logo-mavi-e1670404165625.png\",\"contentUrl\":\"https:\/\/www.uniselplastik.com.tr\/wp-content\/uploads\/2022\/10\/logo-mavi-e1670404165625.png\",\"width\":300,\"height\":100,\"caption\":\"unisel plastik sanayi\"},\"image\":{\"@id\":\"https:\/\/www.uniselplastik.com.tr\/#\/schema\/logo\/image\/\"},\"sameAs\":[\"https:\/\/tr-tr.facebook.com\/people\/Unisel-Plastik-Market\/100085855740352\/\"]}]}<\/script>\n<!-- \/ Yoast SEO Premium plugin. -->","yoast_head_json":{"title":"Plastik D\u0131\u015f Di\u015f \u2013 \u0130\u00e7 Di\u015f Dirsek - Unisel Plastik Sanayi Tic. Ltd. \u015eti.","description":"Unisel Plastik Sanayi Tic. Ltd. \u015eti. - Plastik D\u0131\u015f Di\u015f \u2013 \u0130\u00e7 Di\u015f Dirsek","robots":{"index":"index","follow":"follow","max-snippet":"max-snippet:-1","max-image-preview":"max-image-preview:large","max-video-preview":"max-video-preview:-1"},"canonical":"https:\/\/www.uniselplastik.com.tr\/?product=plastik-dis-dis-ic-dis-dirsek-2","og_locale":"tr_TR","og_type":"article","og_title":"Plastik D\u0131\u015f Di\u015f \u2013 \u0130\u00e7 Di\u015f Dirsek","og_description":"Unisel Plastik Sanayi Tic. Ltd. \u015eti. - Plastik D\u0131\u015f Di\u015f \u2013 \u0130\u00e7 Di\u015f Dirsek","og_url":"https:\/\/www.uniselplastik.com.tr\/?product=plastik-dis-dis-ic-dis-dirsek-2","og_site_name":"Unisel Plastik Sanayi Tic. Ltd. \u015eti.","article_publisher":"https:\/\/tr-tr.facebook.com\/people\/Unisel-Plastik-Market\/100085855740352\/","article_modified_time":"2025-03-06T09:55:38+00:00","og_image":[{"width":1024,"height":683,"url":"https:\/\/www.uniselplastik.com.tr\/wp-content\/uploads\/2025\/03\/ic-dis-dis-dis-dirsek-1024x683-1.jpg","type":"image\/jpeg"}],"twitter_card":"summary_large_image","twitter_misc":{"Tahmini okuma s\u00fcresi":"1 dakika"},"schema":{"@context":"https:\/\/schema.org","@graph":[{"@type":"WebPage","@id":"https:\/\/www.uniselplastik.com.tr\/?product=plastik-dis-dis-ic-dis-dirsek-2","url":"https:\/\/www.uniselplastik.com.tr\/?product=plastik-dis-dis-ic-dis-dirsek-2","name":"Plastik D\u0131\u015f Di\u015f \u2013 \u0130\u00e7 Di\u015f Dirsek - Unisel Plastik Sanayi Tic. Ltd. \u015eti.","isPartOf":{"@id":"https:\/\/www.uniselplastik.com.tr\/#website"},"primaryImageOfPage":{"@id":"https:\/\/www.uniselplastik.com.tr\/?product=plastik-dis-dis-ic-dis-dirsek-2#primaryimage"},"image":{"@id":"https:\/\/www.uniselplastik.com.tr\/?product=plastik-dis-dis-ic-dis-dirsek-2#primaryimage"},"thumbnailUrl":"https:\/\/www.uniselplastik.com.tr\/wp-content\/uploads\/2025\/03\/ic-dis-dis-dis-dirsek-1024x683-1.jpg","datePublished":"2025-03-06T09:55:37+00:00","dateModified":"2025-03-06T09:55:38+00:00","description":"Unisel Plastik Sanayi Tic. Ltd. \u015eti. - Plastik D\u0131\u015f Di\u015f \u2013 \u0130\u00e7 Di\u015f Dirsek","breadcrumb":{"@id":"https:\/\/www.uniselplastik.com.tr\/?product=plastik-dis-dis-ic-dis-dirsek-2#breadcrumb"},"inLanguage":"tr","potentialAction":[{"@type":"ReadAction","target":["https:\/\/www.uniselplastik.com.tr\/?product=plastik-dis-dis-ic-dis-dirsek-2"]}]},{"@type":"ImageObject","inLanguage":"tr","@id":"https:\/\/www.uniselplastik.com.tr\/?product=plastik-dis-dis-ic-dis-dirsek-2#primaryimage","url":"https:\/\/www.uniselplastik.com.tr\/wp-content\/uploads\/2025\/03\/ic-dis-dis-dis-dirsek-1024x683-1.jpg","contentUrl":"https:\/\/www.uniselplastik.com.tr\/wp-content\/uploads\/2025\/03\/ic-dis-dis-dis-dirsek-1024x683-1.jpg","width":1024,"height":683,"caption":"Plastik D\u0131\u015f Di\u015f \u2013 \u0130\u00e7 Di\u015f Dirsek"},{"@type":"BreadcrumbList","@id":"https:\/\/www.uniselplastik.com.tr\/?product=plastik-dis-dis-ic-dis-dirsek-2#breadcrumb","itemListElement":[{"@type":"ListItem","position":1,"name":"Home","item":"https:\/\/www.uniselplastik.com.tr\/"},{"@type":"ListItem","position":2,"name":"Ma\u011faza","item":"https:\/\/www.uniselplastik.com.tr\/?page_id=1824"},{"@type":"ListItem","position":3,"name":"Plastik D\u0131\u015f Di\u015f \u2013 \u0130\u00e7 Di\u015f Dirsek"}]},{"@type":"WebSite","@id":"https:\/\/www.uniselplastik.com.tr\/#website","url":"https:\/\/www.uniselplastik.com.tr\/","name":"Unisel Plastik Sanayi Tic. Ltd. \u015eti.","description":"Plastik Sulama","publisher":{"@id":"https:\/\/www.uniselplastik.com.tr\/#organization"},"potentialAction":[{"@type":"SearchAction","target":{"@type":"EntryPoint","urlTemplate":"https:\/\/www.uniselplastik.com.tr\/?s={search_term_string}"},"query-input":{"@type":"PropertyValueSpecification","valueRequired":true,"valueName":"search_term_string"}}],"inLanguage":"tr"},{"@type":"Organization","@id":"https:\/\/www.uniselplastik.com.tr\/#organization","name":"unisel plastik sanayi","url":"https:\/\/www.uniselplastik.com.tr\/","logo":{"@type":"ImageObject","inLanguage":"tr","@id":"https:\/\/www.uniselplastik.com.tr\/#\/schema\/logo\/image\/","url":"https:\/\/www.uniselplastik.com.tr\/wp-content\/uploads\/2022\/10\/logo-mavi-e1670404165625.png","contentUrl":"https:\/\/www.uniselplastik.com.tr\/wp-content\/uploads\/2022\/10\/logo-mavi-e1670404165625.png","width":300,"height":100,"caption":"unisel plastik sanayi"},"image":{"@id":"https:\/\/www.uniselplastik.com.tr\/#\/schema\/logo\/image\/"},"sameAs":["https:\/\/tr-tr.facebook.com\/people\/Unisel-Plastik-Market\/100085855740352\/"]}]}},"_links":{"self":[{"href":"https:\/\/www.uniselplastik.com.tr\/index.php?rest_route=\/wp\/v2\/product\/2991","targetHints":{"allow":["GET"]}}],"collection":[{"href":"https:\/\/www.uniselplastik.com.tr\/index.php?rest_route=\/wp\/v2\/product"}],"about":[{"href":"https:\/\/www.uniselplastik.com.tr\/index.php?rest_route=\/wp\/v2\/types\/product"}],"replies":[{"embeddable":true,"href":"https:\/\/www.uniselplastik.com.tr\/index.php?rest_route=%2Fwp%2Fv2%2Fcomments&post=2991"}],"version-history":[{"count":1,"href":"https:\/\/www.uniselplastik.com.tr\/index.php?rest_route=\/wp\/v2\/product\/2991\/revisions"}],"predecessor-version":[{"id":2994,"href":"https:\/\/www.uniselplastik.com.tr\/index.php?rest_route=\/wp\/v2\/product\/2991\/revisions\/2994"}],"wp:featuredmedia":[{"embeddable":true,"href":"https:\/\/www.uniselplastik.com.tr\/index.php?rest_route=\/wp\/v2\/media\/2993"}],"wp:attachment":[{"href":"https:\/\/www.uniselplastik.com.tr\/index.php?rest_route=%2Fwp%2Fv2%2Fmedia&parent=2991"}],"wp:term":[{"taxonomy":"product_brand","embeddable":true,"href":"https:\/\/www.uniselplastik.com.tr\/index.php?rest_route=%2Fwp%2Fv2%2Fproduct_brand&post=2991"},{"taxonomy":"product_cat","embeddable":true,"href":"https:\/\/www.uniselplastik.com.tr\/index.php?rest_route=%2Fwp%2Fv2%2Fproduct_cat&post=2991"},{"taxonomy":"product_tag","embeddable":true,"href":"https:\/\/www.uniselplastik.com.tr\/index.php?rest_route=%2Fwp%2Fv2%2Fproduct_tag&post=2991"}],"curies":[{"name":"wp","href":"https:\/\/api.w.org\/{rel}","templated":true}]}}