{"id":2709,"date":"2024-02-27T10:58:33","date_gmt":"2024-02-27T07:58:33","guid":{"rendered":"https:\/\/www.uniselplastik.com.tr\/?post_type=product&#038;p=2709"},"modified":"2024-02-27T13:41:26","modified_gmt":"2024-02-27T10:41:26","slug":"somunlu-damlama-conta-cikisli-nipel","status":"publish","type":"product","link":"https:\/\/www.uniselplastik.com.tr\/?product=somunlu-damlama-conta-cikisli-nipel","title":{"rendered":"SOMUNLU DAMLAMA CONTA \u00c7IKI\u015eLI N\u0130PEL"},"content":{"rendered":"\n<table id=\"tablepress-138\" class=\"tablepress tablepress-id-138\">\n<thead>\n<tr class=\"row-1\">\n\t<th class=\"column-1\"><span style=\"color:#FFFFFF;\"><strong>KOD<\/strong><\/span><\/th><th class=\"column-2\"><span style=\"color:#FFFFFF;\"><strong>EBAT (mm.)<\/strong><\/span><\/th><th class=\"column-3\"><span style=\"color:#FFFFFF;\"><strong>\u00c7UVAL (Ad.)<\/strong><\/span><\/th><th class=\"column-4\"><span style=\"color:#FFFFFF;\"><strong>PO\u015eET(Ad.)<\/strong><\/span><\/th>\n<\/tr>\n<\/thead>\n<tbody class=\"row-striping row-hover\">\n<tr class=\"row-2\">\n\t<td class=\"column-1\">Y430<\/td><td class=\"column-2\">16 mm<\/td><td class=\"column-3\"><\/td><td class=\"column-4\"><\/td>\n<\/tr>\n<tr class=\"row-3\">\n\t<td class=\"column-1\">Y431<\/td><td class=\"column-2\">20 mm<\/td><td class=\"column-3\"><\/td><td class=\"column-4\"><\/td>\n<\/tr>\n<\/tbody>\n<\/table>\n\n","protected":false},"excerpt":{"rendered":"","protected":false},"featured_media":2704,"comment_status":"open","ping_status":"closed","template":"","meta":{"_acf_changed":false,"inline_featured_image":false,"_joinchat":[]},"product_brand":[],"product_cat":[81],"product_tag":[],"class_list":{"0":"post-2709","1":"product","2":"type-product","3":"status-publish","4":"has-post-thumbnail","6":"product_cat-yeni-damlama-ek-parcalari","8":"first","9":"instock","10":"shipping-taxable","11":"product-type-simple"},"acf":[],"yoast_head":"<!-- This site is optimized with the Yoast SEO Premium plugin v24.7 (Yoast SEO v25.0) - https:\/\/yoast.com\/wordpress\/plugins\/seo\/ -->\n<title>SOMUNLU DAMLAMA CONTA \u00c7IKI\u015eLI N\u0130PEL - Unisel Plastik Sanayi Tic. Ltd. \u015eti.<\/title>\n<meta name=\"description\" content=\"Unisel Plastik Sanayi Tic. Ltd. \u015eti. - SOMUNLU DAMLAMA CONTA \u00c7IKI\u015eLI N\u0130PEL\" \/>\n<meta name=\"robots\" content=\"index, follow, max-snippet:-1, max-image-preview:large, max-video-preview:-1\" \/>\n<link rel=\"canonical\" href=\"https:\/\/www.uniselplastik.com.tr\/?product=somunlu-damlama-conta-cikisli-nipel\" \/>\n<meta property=\"og:locale\" content=\"tr_TR\" \/>\n<meta property=\"og:type\" content=\"article\" \/>\n<meta property=\"og:title\" content=\"SOMUNLU DAMLAMA CONTA \u00c7IKI\u015eLI N\u0130PEL\" \/>\n<meta property=\"og:description\" content=\"Unisel Plastik Sanayi Tic. Ltd. \u015eti. - SOMUNLU DAMLAMA CONTA \u00c7IKI\u015eLI N\u0130PEL\" \/>\n<meta property=\"og:url\" content=\"https:\/\/www.uniselplastik.com.tr\/?product=somunlu-damlama-conta-cikisli-nipel\" \/>\n<meta property=\"og:site_name\" content=\"Unisel Plastik Sanayi Tic. Ltd. \u015eti.\" \/>\n<meta property=\"article:publisher\" content=\"https:\/\/tr-tr.facebook.com\/people\/Unisel-Plastik-Market\/100085855740352\/\" \/>\n<meta property=\"article:modified_time\" content=\"2024-02-27T10:41:26+00:00\" \/>\n<meta property=\"og:image\" content=\"https:\/\/www.uniselplastik.com.tr\/wp-content\/uploads\/2024\/02\/somunlu-conta-cikisli-nipel.jpg\" \/>\n\t<meta property=\"og:image:width\" content=\"1200\" \/>\n\t<meta property=\"og:image:height\" content=\"800\" \/>\n\t<meta property=\"og:image:type\" content=\"image\/jpeg\" \/>\n<meta name=\"twitter:card\" content=\"summary_large_image\" \/>\n<meta name=\"twitter:label1\" content=\"Tahmini okuma s\u00fcresi\" \/>\n\t<meta name=\"twitter:data1\" content=\"1 dakika\" \/>\n<script type=\"application\/ld+json\" class=\"yoast-schema-graph\">{\"@context\":\"https:\/\/schema.org\",\"@graph\":[{\"@type\":\"WebPage\",\"@id\":\"https:\/\/www.uniselplastik.com.tr\/?product=somunlu-damlama-conta-cikisli-nipel\",\"url\":\"https:\/\/www.uniselplastik.com.tr\/?product=somunlu-damlama-conta-cikisli-nipel\",\"name\":\"SOMUNLU DAMLAMA CONTA \u00c7IKI\u015eLI N\u0130PEL - Unisel Plastik Sanayi Tic. Ltd. \u015eti.\",\"isPartOf\":{\"@id\":\"https:\/\/www.uniselplastik.com.tr\/#website\"},\"primaryImageOfPage\":{\"@id\":\"https:\/\/www.uniselplastik.com.tr\/?product=somunlu-damlama-conta-cikisli-nipel#primaryimage\"},\"image\":{\"@id\":\"https:\/\/www.uniselplastik.com.tr\/?product=somunlu-damlama-conta-cikisli-nipel#primaryimage\"},\"thumbnailUrl\":\"https:\/\/www.uniselplastik.com.tr\/wp-content\/uploads\/2024\/02\/somunlu-conta-cikisli-nipel.jpg\",\"datePublished\":\"2024-02-27T07:58:33+00:00\",\"dateModified\":\"2024-02-27T10:41:26+00:00\",\"description\":\"Unisel Plastik Sanayi Tic. Ltd. \u015eti. - SOMUNLU DAMLAMA CONTA \u00c7IKI\u015eLI N\u0130PEL\",\"breadcrumb\":{\"@id\":\"https:\/\/www.uniselplastik.com.tr\/?product=somunlu-damlama-conta-cikisli-nipel#breadcrumb\"},\"inLanguage\":\"tr\",\"potentialAction\":[{\"@type\":\"ReadAction\",\"target\":[\"https:\/\/www.uniselplastik.com.tr\/?product=somunlu-damlama-conta-cikisli-nipel\"]}]},{\"@type\":\"ImageObject\",\"inLanguage\":\"tr\",\"@id\":\"https:\/\/www.uniselplastik.com.tr\/?product=somunlu-damlama-conta-cikisli-nipel#primaryimage\",\"url\":\"https:\/\/www.uniselplastik.com.tr\/wp-content\/uploads\/2024\/02\/somunlu-conta-cikisli-nipel.jpg\",\"contentUrl\":\"https:\/\/www.uniselplastik.com.tr\/wp-content\/uploads\/2024\/02\/somunlu-conta-cikisli-nipel.jpg\",\"width\":1200,\"height\":800,\"caption\":\"SOMUNLU DAMLAMA CONTA \u00c7IKI\u015eLI N\u0130PEL\"},{\"@type\":\"BreadcrumbList\",\"@id\":\"https:\/\/www.uniselplastik.com.tr\/?product=somunlu-damlama-conta-cikisli-nipel#breadcrumb\",\"itemListElement\":[{\"@type\":\"ListItem\",\"position\":1,\"name\":\"Home\",\"item\":\"https:\/\/www.uniselplastik.com.tr\/\"},{\"@type\":\"ListItem\",\"position\":2,\"name\":\"Ma\u011faza\",\"item\":\"https:\/\/www.uniselplastik.com.tr\/?page_id=1824\"},{\"@type\":\"ListItem\",\"position\":3,\"name\":\"SOMUNLU DAMLAMA CONTA \u00c7IKI\u015eLI N\u0130PEL\"}]},{\"@type\":\"WebSite\",\"@id\":\"https:\/\/www.uniselplastik.com.tr\/#website\",\"url\":\"https:\/\/www.uniselplastik.com.tr\/\",\"name\":\"Unisel Plastik Sanayi Tic. Ltd. \u015eti.\",\"description\":\"Plastik Sulama\",\"publisher\":{\"@id\":\"https:\/\/www.uniselplastik.com.tr\/#organization\"},\"potentialAction\":[{\"@type\":\"SearchAction\",\"target\":{\"@type\":\"EntryPoint\",\"urlTemplate\":\"https:\/\/www.uniselplastik.com.tr\/?s={search_term_string}\"},\"query-input\":{\"@type\":\"PropertyValueSpecification\",\"valueRequired\":true,\"valueName\":\"search_term_string\"}}],\"inLanguage\":\"tr\"},{\"@type\":\"Organization\",\"@id\":\"https:\/\/www.uniselplastik.com.tr\/#organization\",\"name\":\"unisel plastik sanayi\",\"url\":\"https:\/\/www.uniselplastik.com.tr\/\",\"logo\":{\"@type\":\"ImageObject\",\"inLanguage\":\"tr\",\"@id\":\"https:\/\/www.uniselplastik.com.tr\/#\/schema\/logo\/image\/\",\"url\":\"https:\/\/www.uniselplastik.com.tr\/wp-content\/uploads\/2022\/10\/logo-mavi-e1670404165625.png\",\"contentUrl\":\"https:\/\/www.uniselplastik.com.tr\/wp-content\/uploads\/2022\/10\/logo-mavi-e1670404165625.png\",\"width\":300,\"height\":100,\"caption\":\"unisel plastik sanayi\"},\"image\":{\"@id\":\"https:\/\/www.uniselplastik.com.tr\/#\/schema\/logo\/image\/\"},\"sameAs\":[\"https:\/\/tr-tr.facebook.com\/people\/Unisel-Plastik-Market\/100085855740352\/\"]}]}<\/script>\n<!-- \/ Yoast SEO Premium plugin. -->","yoast_head_json":{"title":"SOMUNLU DAMLAMA CONTA \u00c7IKI\u015eLI N\u0130PEL - Unisel Plastik Sanayi Tic. Ltd. \u015eti.","description":"Unisel Plastik Sanayi Tic. Ltd. \u015eti. - SOMUNLU DAMLAMA CONTA \u00c7IKI\u015eLI N\u0130PEL","robots":{"index":"index","follow":"follow","max-snippet":"max-snippet:-1","max-image-preview":"max-image-preview:large","max-video-preview":"max-video-preview:-1"},"canonical":"https:\/\/www.uniselplastik.com.tr\/?product=somunlu-damlama-conta-cikisli-nipel","og_locale":"tr_TR","og_type":"article","og_title":"SOMUNLU DAMLAMA CONTA \u00c7IKI\u015eLI N\u0130PEL","og_description":"Unisel Plastik Sanayi Tic. Ltd. \u015eti. - SOMUNLU DAMLAMA CONTA \u00c7IKI\u015eLI N\u0130PEL","og_url":"https:\/\/www.uniselplastik.com.tr\/?product=somunlu-damlama-conta-cikisli-nipel","og_site_name":"Unisel Plastik Sanayi Tic. Ltd. \u015eti.","article_publisher":"https:\/\/tr-tr.facebook.com\/people\/Unisel-Plastik-Market\/100085855740352\/","article_modified_time":"2024-02-27T10:41:26+00:00","og_image":[{"width":1200,"height":800,"url":"https:\/\/www.uniselplastik.com.tr\/wp-content\/uploads\/2024\/02\/somunlu-conta-cikisli-nipel.jpg","type":"image\/jpeg"}],"twitter_card":"summary_large_image","twitter_misc":{"Tahmini okuma s\u00fcresi":"1 dakika"},"schema":{"@context":"https:\/\/schema.org","@graph":[{"@type":"WebPage","@id":"https:\/\/www.uniselplastik.com.tr\/?product=somunlu-damlama-conta-cikisli-nipel","url":"https:\/\/www.uniselplastik.com.tr\/?product=somunlu-damlama-conta-cikisli-nipel","name":"SOMUNLU DAMLAMA CONTA \u00c7IKI\u015eLI N\u0130PEL - Unisel Plastik Sanayi Tic. Ltd. \u015eti.","isPartOf":{"@id":"https:\/\/www.uniselplastik.com.tr\/#website"},"primaryImageOfPage":{"@id":"https:\/\/www.uniselplastik.com.tr\/?product=somunlu-damlama-conta-cikisli-nipel#primaryimage"},"image":{"@id":"https:\/\/www.uniselplastik.com.tr\/?product=somunlu-damlama-conta-cikisli-nipel#primaryimage"},"thumbnailUrl":"https:\/\/www.uniselplastik.com.tr\/wp-content\/uploads\/2024\/02\/somunlu-conta-cikisli-nipel.jpg","datePublished":"2024-02-27T07:58:33+00:00","dateModified":"2024-02-27T10:41:26+00:00","description":"Unisel Plastik Sanayi Tic. Ltd. \u015eti. - SOMUNLU DAMLAMA CONTA \u00c7IKI\u015eLI N\u0130PEL","breadcrumb":{"@id":"https:\/\/www.uniselplastik.com.tr\/?product=somunlu-damlama-conta-cikisli-nipel#breadcrumb"},"inLanguage":"tr","potentialAction":[{"@type":"ReadAction","target":["https:\/\/www.uniselplastik.com.tr\/?product=somunlu-damlama-conta-cikisli-nipel"]}]},{"@type":"ImageObject","inLanguage":"tr","@id":"https:\/\/www.uniselplastik.com.tr\/?product=somunlu-damlama-conta-cikisli-nipel#primaryimage","url":"https:\/\/www.uniselplastik.com.tr\/wp-content\/uploads\/2024\/02\/somunlu-conta-cikisli-nipel.jpg","contentUrl":"https:\/\/www.uniselplastik.com.tr\/wp-content\/uploads\/2024\/02\/somunlu-conta-cikisli-nipel.jpg","width":1200,"height":800,"caption":"SOMUNLU DAMLAMA CONTA \u00c7IKI\u015eLI N\u0130PEL"},{"@type":"BreadcrumbList","@id":"https:\/\/www.uniselplastik.com.tr\/?product=somunlu-damlama-conta-cikisli-nipel#breadcrumb","itemListElement":[{"@type":"ListItem","position":1,"name":"Home","item":"https:\/\/www.uniselplastik.com.tr\/"},{"@type":"ListItem","position":2,"name":"Ma\u011faza","item":"https:\/\/www.uniselplastik.com.tr\/?page_id=1824"},{"@type":"ListItem","position":3,"name":"SOMUNLU DAMLAMA CONTA \u00c7IKI\u015eLI N\u0130PEL"}]},{"@type":"WebSite","@id":"https:\/\/www.uniselplastik.com.tr\/#website","url":"https:\/\/www.uniselplastik.com.tr\/","name":"Unisel Plastik Sanayi Tic. Ltd. \u015eti.","description":"Plastik Sulama","publisher":{"@id":"https:\/\/www.uniselplastik.com.tr\/#organization"},"potentialAction":[{"@type":"SearchAction","target":{"@type":"EntryPoint","urlTemplate":"https:\/\/www.uniselplastik.com.tr\/?s={search_term_string}"},"query-input":{"@type":"PropertyValueSpecification","valueRequired":true,"valueName":"search_term_string"}}],"inLanguage":"tr"},{"@type":"Organization","@id":"https:\/\/www.uniselplastik.com.tr\/#organization","name":"unisel plastik sanayi","url":"https:\/\/www.uniselplastik.com.tr\/","logo":{"@type":"ImageObject","inLanguage":"tr","@id":"https:\/\/www.uniselplastik.com.tr\/#\/schema\/logo\/image\/","url":"https:\/\/www.uniselplastik.com.tr\/wp-content\/uploads\/2022\/10\/logo-mavi-e1670404165625.png","contentUrl":"https:\/\/www.uniselplastik.com.tr\/wp-content\/uploads\/2022\/10\/logo-mavi-e1670404165625.png","width":300,"height":100,"caption":"unisel plastik sanayi"},"image":{"@id":"https:\/\/www.uniselplastik.com.tr\/#\/schema\/logo\/image\/"},"sameAs":["https:\/\/tr-tr.facebook.com\/people\/Unisel-Plastik-Market\/100085855740352\/"]}]}},"_links":{"self":[{"href":"https:\/\/www.uniselplastik.com.tr\/index.php?rest_route=\/wp\/v2\/product\/2709","targetHints":{"allow":["GET"]}}],"collection":[{"href":"https:\/\/www.uniselplastik.com.tr\/index.php?rest_route=\/wp\/v2\/product"}],"about":[{"href":"https:\/\/www.uniselplastik.com.tr\/index.php?rest_route=\/wp\/v2\/types\/product"}],"replies":[{"embeddable":true,"href":"https:\/\/www.uniselplastik.com.tr\/index.php?rest_route=%2Fwp%2Fv2%2Fcomments&post=2709"}],"version-history":[{"count":0,"href":"https:\/\/www.uniselplastik.com.tr\/index.php?rest_route=\/wp\/v2\/product\/2709\/revisions"}],"wp:featuredmedia":[{"embeddable":true,"href":"https:\/\/www.uniselplastik.com.tr\/index.php?rest_route=\/wp\/v2\/media\/2704"}],"wp:attachment":[{"href":"https:\/\/www.uniselplastik.com.tr\/index.php?rest_route=%2Fwp%2Fv2%2Fmedia&parent=2709"}],"wp:term":[{"taxonomy":"product_brand","embeddable":true,"href":"https:\/\/www.uniselplastik.com.tr\/index.php?rest_route=%2Fwp%2Fv2%2Fproduct_brand&post=2709"},{"taxonomy":"product_cat","embeddable":true,"href":"https:\/\/www.uniselplastik.com.tr\/index.php?rest_route=%2Fwp%2Fv2%2Fproduct_cat&post=2709"},{"taxonomy":"product_tag","embeddable":true,"href":"https:\/\/www.uniselplastik.com.tr\/index.php?rest_route=%2Fwp%2Fv2%2Fproduct_tag&post=2709"}],"curies":[{"name":"wp","href":"https:\/\/api.w.org\/{rel}","templated":true}]}}