{"id":1570,"date":"2022-06-15T12:01:46","date_gmt":"2022-06-15T09:01:46","guid":{"rendered":"https:\/\/www.uniselplastik.com.tr\/test\/index.php\/2022\/06\/15\/plastik-reduksiyonlu-hortum-rekoru\/"},"modified":"2025-03-11T14:04:41","modified_gmt":"2025-03-11T11:04:41","slug":"plastik-reduksiyonlu-hortum-rekoru","status":"publish","type":"product","link":"https:\/\/www.uniselplastik.com.tr\/?product=plastik-reduksiyonlu-hortum-rekoru","title":{"rendered":"PLAST\u0130K RED\u00dcKS\u0130YONLU HORTUM REKORU"},"content":{"rendered":"\n<table id=\"tablepress-113\" class=\"tablepress tablepress-id-113\">\n<thead>\n<tr class=\"row-1\">\n\t<th class=\"column-1\">KOD<\/th><th class=\"column-2\">EBAT (mm.)<\/th><th class=\"column-3\">\u00c7UVAL (Ad.)<\/th><th class=\"column-4\">KOL\u0130 (Ad.)<\/th>\n<\/tr>\n<\/thead>\n<tbody class=\"row-striping row-hover\">\n<tr class=\"row-2\">\n\t<td class=\"column-1\">D0290<\/td><td class=\"column-2\">3\/4\"x1\/2\"<\/td><td class=\"column-3\">1300<\/td><td class=\"column-4\">1700<\/td>\n<\/tr>\n<tr class=\"row-3\">\n\t<td class=\"column-1\">D0291<\/td><td class=\"column-2\">1\"x3\/4\"<\/td><td class=\"column-3\">750<\/td><td class=\"column-4\">900<\/td>\n<\/tr>\n<tr class=\"row-4\">\n\t<td class=\"column-1\">D0292<\/td><td class=\"column-2\">11\/4\"x1\"<\/td><td class=\"column-3\">400<\/td><td class=\"column-4\">450<\/td>\n<\/tr>\n<tr class=\"row-5\">\n\t<td class=\"column-1\">D0293<\/td><td class=\"column-2\">11\/2\"x11\/4\"<\/td><td class=\"column-3\">300<\/td><td class=\"column-4\">400<\/td>\n<\/tr>\n<tr class=\"row-6\">\n\t<td class=\"column-1\">D0294<\/td><td class=\"column-2\">2\"x11\/2\"<\/td><td class=\"column-3\">200<\/td><td class=\"column-4\">270<\/td>\n<\/tr>\n<tr class=\"row-7\">\n\t<td class=\"column-1\">D0295<\/td><td class=\"column-2\">21\/2\"x2\"<\/td><td class=\"column-3\">120<\/td><td class=\"column-4\">140<\/td>\n<\/tr>\n<tr class=\"row-8\">\n\t<td class=\"column-1\">D0296<\/td><td class=\"column-2\">3\"x21\/2\"<\/td><td class=\"column-3\"><\/td><td class=\"column-4\"><\/td>\n<\/tr>\n<tr class=\"row-9\">\n\t<td class=\"column-1\">D0297<\/td><td class=\"column-2\">4\"x3\"<\/td><td class=\"column-3\"><\/td><td class=\"column-4\"><\/td>\n<\/tr>\n<\/tbody>\n<\/table>\n\n","protected":false},"excerpt":{"rendered":"","protected":false},"featured_media":2158,"comment_status":"open","ping_status":"closed","template":"","meta":{"_acf_changed":false,"inline_featured_image":false,"_joinchat":[]},"product_brand":[],"product_cat":[90],"product_tag":[],"class_list":{"0":"post-1570","1":"product","2":"type-product","3":"status-publish","4":"has-post-thumbnail","6":"product_cat-klape-cekvalf-hortum-rekorlari","8":"first","9":"instock","10":"shipping-taxable","11":"product-type-simple"},"acf":[],"yoast_head":"<!-- This site is optimized with the Yoast SEO Premium plugin v24.7 (Yoast SEO v25.0) - https:\/\/yoast.com\/wordpress\/plugins\/seo\/ -->\n<title>PLAST\u0130K RED\u00dcKS\u0130YONLU HORTUM REKORU - Unisel Plastik Sanayi Tic. Ltd. \u015eti.<\/title>\n<meta name=\"description\" content=\"Unisel Plastik Sanayi Tic. Ltd. \u015eti. - PLAST\u0130K RED\u00dcKS\u0130YONLU HORTUM REKORU\" \/>\n<meta name=\"robots\" content=\"index, follow, max-snippet:-1, max-image-preview:large, max-video-preview:-1\" \/>\n<link rel=\"canonical\" href=\"https:\/\/www.uniselplastik.com.tr\/?product=plastik-reduksiyonlu-hortum-rekoru\" \/>\n<meta property=\"og:locale\" content=\"tr_TR\" \/>\n<meta property=\"og:type\" content=\"article\" \/>\n<meta property=\"og:title\" content=\"PLAST\u0130K RED\u00dcKS\u0130YONLU HORTUM REKORU\" \/>\n<meta property=\"og:description\" content=\"Unisel Plastik Sanayi Tic. Ltd. \u015eti. - PLAST\u0130K RED\u00dcKS\u0130YONLU HORTUM REKORU\" \/>\n<meta property=\"og:url\" content=\"https:\/\/www.uniselplastik.com.tr\/?product=plastik-reduksiyonlu-hortum-rekoru\" \/>\n<meta property=\"og:site_name\" content=\"Unisel Plastik Sanayi Tic. Ltd. \u015eti.\" \/>\n<meta property=\"article:publisher\" content=\"https:\/\/tr-tr.facebook.com\/people\/Unisel-Plastik-Market\/100085855740352\/\" \/>\n<meta property=\"article:modified_time\" content=\"2025-03-11T11:04:41+00:00\" \/>\n<meta property=\"og:image\" content=\"https:\/\/www.uniselplastik.com.tr\/wp-content\/uploads\/2022\/06\/red-hortum-rekoru3.jpg\" \/>\n\t<meta property=\"og:image:width\" content=\"1000\" \/>\n\t<meta property=\"og:image:height\" content=\"667\" \/>\n\t<meta property=\"og:image:type\" content=\"image\/jpeg\" \/>\n<meta name=\"twitter:card\" content=\"summary_large_image\" \/>\n<meta name=\"twitter:label1\" content=\"Tahmini okuma s\u00fcresi\" \/>\n\t<meta name=\"twitter:data1\" content=\"1 dakika\" \/>\n<script type=\"application\/ld+json\" class=\"yoast-schema-graph\">{\"@context\":\"https:\/\/schema.org\",\"@graph\":[{\"@type\":\"WebPage\",\"@id\":\"https:\/\/www.uniselplastik.com.tr\/?product=plastik-reduksiyonlu-hortum-rekoru\",\"url\":\"https:\/\/www.uniselplastik.com.tr\/?product=plastik-reduksiyonlu-hortum-rekoru\",\"name\":\"PLAST\u0130K RED\u00dcKS\u0130YONLU HORTUM REKORU - Unisel Plastik Sanayi Tic. Ltd. \u015eti.\",\"isPartOf\":{\"@id\":\"https:\/\/www.uniselplastik.com.tr\/#website\"},\"primaryImageOfPage\":{\"@id\":\"https:\/\/www.uniselplastik.com.tr\/?product=plastik-reduksiyonlu-hortum-rekoru#primaryimage\"},\"image\":{\"@id\":\"https:\/\/www.uniselplastik.com.tr\/?product=plastik-reduksiyonlu-hortum-rekoru#primaryimage\"},\"thumbnailUrl\":\"https:\/\/www.uniselplastik.com.tr\/wp-content\/uploads\/2022\/06\/red-hortum-rekoru3.jpg\",\"datePublished\":\"2022-06-15T09:01:46+00:00\",\"dateModified\":\"2025-03-11T11:04:41+00:00\",\"description\":\"Unisel Plastik Sanayi Tic. Ltd. \u015eti. - PLAST\u0130K RED\u00dcKS\u0130YONLU HORTUM REKORU\",\"breadcrumb\":{\"@id\":\"https:\/\/www.uniselplastik.com.tr\/?product=plastik-reduksiyonlu-hortum-rekoru#breadcrumb\"},\"inLanguage\":\"tr\",\"potentialAction\":[{\"@type\":\"ReadAction\",\"target\":[\"https:\/\/www.uniselplastik.com.tr\/?product=plastik-reduksiyonlu-hortum-rekoru\"]}]},{\"@type\":\"ImageObject\",\"inLanguage\":\"tr\",\"@id\":\"https:\/\/www.uniselplastik.com.tr\/?product=plastik-reduksiyonlu-hortum-rekoru#primaryimage\",\"url\":\"https:\/\/www.uniselplastik.com.tr\/wp-content\/uploads\/2022\/06\/red-hortum-rekoru3.jpg\",\"contentUrl\":\"https:\/\/www.uniselplastik.com.tr\/wp-content\/uploads\/2022\/06\/red-hortum-rekoru3.jpg\",\"width\":1000,\"height\":667},{\"@type\":\"BreadcrumbList\",\"@id\":\"https:\/\/www.uniselplastik.com.tr\/?product=plastik-reduksiyonlu-hortum-rekoru#breadcrumb\",\"itemListElement\":[{\"@type\":\"ListItem\",\"position\":1,\"name\":\"Home\",\"item\":\"https:\/\/www.uniselplastik.com.tr\/\"},{\"@type\":\"ListItem\",\"position\":2,\"name\":\"Ma\u011faza\",\"item\":\"https:\/\/www.uniselplastik.com.tr\/?page_id=1824\"},{\"@type\":\"ListItem\",\"position\":3,\"name\":\"PLAST\u0130K RED\u00dcKS\u0130YONLU HORTUM REKORU\"}]},{\"@type\":\"WebSite\",\"@id\":\"https:\/\/www.uniselplastik.com.tr\/#website\",\"url\":\"https:\/\/www.uniselplastik.com.tr\/\",\"name\":\"Unisel Plastik Sanayi Tic. Ltd. \u015eti.\",\"description\":\"Plastik Sulama\",\"publisher\":{\"@id\":\"https:\/\/www.uniselplastik.com.tr\/#organization\"},\"potentialAction\":[{\"@type\":\"SearchAction\",\"target\":{\"@type\":\"EntryPoint\",\"urlTemplate\":\"https:\/\/www.uniselplastik.com.tr\/?s={search_term_string}\"},\"query-input\":{\"@type\":\"PropertyValueSpecification\",\"valueRequired\":true,\"valueName\":\"search_term_string\"}}],\"inLanguage\":\"tr\"},{\"@type\":\"Organization\",\"@id\":\"https:\/\/www.uniselplastik.com.tr\/#organization\",\"name\":\"unisel plastik sanayi\",\"url\":\"https:\/\/www.uniselplastik.com.tr\/\",\"logo\":{\"@type\":\"ImageObject\",\"inLanguage\":\"tr\",\"@id\":\"https:\/\/www.uniselplastik.com.tr\/#\/schema\/logo\/image\/\",\"url\":\"https:\/\/www.uniselplastik.com.tr\/wp-content\/uploads\/2022\/10\/logo-mavi-e1670404165625.png\",\"contentUrl\":\"https:\/\/www.uniselplastik.com.tr\/wp-content\/uploads\/2022\/10\/logo-mavi-e1670404165625.png\",\"width\":300,\"height\":100,\"caption\":\"unisel plastik sanayi\"},\"image\":{\"@id\":\"https:\/\/www.uniselplastik.com.tr\/#\/schema\/logo\/image\/\"},\"sameAs\":[\"https:\/\/tr-tr.facebook.com\/people\/Unisel-Plastik-Market\/100085855740352\/\"]}]}<\/script>\n<!-- \/ Yoast SEO Premium plugin. -->","yoast_head_json":{"title":"PLAST\u0130K RED\u00dcKS\u0130YONLU HORTUM REKORU - Unisel Plastik Sanayi Tic. Ltd. \u015eti.","description":"Unisel Plastik Sanayi Tic. Ltd. \u015eti. - PLAST\u0130K RED\u00dcKS\u0130YONLU HORTUM REKORU","robots":{"index":"index","follow":"follow","max-snippet":"max-snippet:-1","max-image-preview":"max-image-preview:large","max-video-preview":"max-video-preview:-1"},"canonical":"https:\/\/www.uniselplastik.com.tr\/?product=plastik-reduksiyonlu-hortum-rekoru","og_locale":"tr_TR","og_type":"article","og_title":"PLAST\u0130K RED\u00dcKS\u0130YONLU HORTUM REKORU","og_description":"Unisel Plastik Sanayi Tic. Ltd. \u015eti. - PLAST\u0130K RED\u00dcKS\u0130YONLU HORTUM REKORU","og_url":"https:\/\/www.uniselplastik.com.tr\/?product=plastik-reduksiyonlu-hortum-rekoru","og_site_name":"Unisel Plastik Sanayi Tic. Ltd. \u015eti.","article_publisher":"https:\/\/tr-tr.facebook.com\/people\/Unisel-Plastik-Market\/100085855740352\/","article_modified_time":"2025-03-11T11:04:41+00:00","og_image":[{"width":1000,"height":667,"url":"https:\/\/www.uniselplastik.com.tr\/wp-content\/uploads\/2022\/06\/red-hortum-rekoru3.jpg","type":"image\/jpeg"}],"twitter_card":"summary_large_image","twitter_misc":{"Tahmini okuma s\u00fcresi":"1 dakika"},"schema":{"@context":"https:\/\/schema.org","@graph":[{"@type":"WebPage","@id":"https:\/\/www.uniselplastik.com.tr\/?product=plastik-reduksiyonlu-hortum-rekoru","url":"https:\/\/www.uniselplastik.com.tr\/?product=plastik-reduksiyonlu-hortum-rekoru","name":"PLAST\u0130K RED\u00dcKS\u0130YONLU HORTUM REKORU - Unisel Plastik Sanayi Tic. Ltd. \u015eti.","isPartOf":{"@id":"https:\/\/www.uniselplastik.com.tr\/#website"},"primaryImageOfPage":{"@id":"https:\/\/www.uniselplastik.com.tr\/?product=plastik-reduksiyonlu-hortum-rekoru#primaryimage"},"image":{"@id":"https:\/\/www.uniselplastik.com.tr\/?product=plastik-reduksiyonlu-hortum-rekoru#primaryimage"},"thumbnailUrl":"https:\/\/www.uniselplastik.com.tr\/wp-content\/uploads\/2022\/06\/red-hortum-rekoru3.jpg","datePublished":"2022-06-15T09:01:46+00:00","dateModified":"2025-03-11T11:04:41+00:00","description":"Unisel Plastik Sanayi Tic. Ltd. \u015eti. - PLAST\u0130K RED\u00dcKS\u0130YONLU HORTUM REKORU","breadcrumb":{"@id":"https:\/\/www.uniselplastik.com.tr\/?product=plastik-reduksiyonlu-hortum-rekoru#breadcrumb"},"inLanguage":"tr","potentialAction":[{"@type":"ReadAction","target":["https:\/\/www.uniselplastik.com.tr\/?product=plastik-reduksiyonlu-hortum-rekoru"]}]},{"@type":"ImageObject","inLanguage":"tr","@id":"https:\/\/www.uniselplastik.com.tr\/?product=plastik-reduksiyonlu-hortum-rekoru#primaryimage","url":"https:\/\/www.uniselplastik.com.tr\/wp-content\/uploads\/2022\/06\/red-hortum-rekoru3.jpg","contentUrl":"https:\/\/www.uniselplastik.com.tr\/wp-content\/uploads\/2022\/06\/red-hortum-rekoru3.jpg","width":1000,"height":667},{"@type":"BreadcrumbList","@id":"https:\/\/www.uniselplastik.com.tr\/?product=plastik-reduksiyonlu-hortum-rekoru#breadcrumb","itemListElement":[{"@type":"ListItem","position":1,"name":"Home","item":"https:\/\/www.uniselplastik.com.tr\/"},{"@type":"ListItem","position":2,"name":"Ma\u011faza","item":"https:\/\/www.uniselplastik.com.tr\/?page_id=1824"},{"@type":"ListItem","position":3,"name":"PLAST\u0130K RED\u00dcKS\u0130YONLU HORTUM REKORU"}]},{"@type":"WebSite","@id":"https:\/\/www.uniselplastik.com.tr\/#website","url":"https:\/\/www.uniselplastik.com.tr\/","name":"Unisel Plastik Sanayi Tic. Ltd. \u015eti.","description":"Plastik Sulama","publisher":{"@id":"https:\/\/www.uniselplastik.com.tr\/#organization"},"potentialAction":[{"@type":"SearchAction","target":{"@type":"EntryPoint","urlTemplate":"https:\/\/www.uniselplastik.com.tr\/?s={search_term_string}"},"query-input":{"@type":"PropertyValueSpecification","valueRequired":true,"valueName":"search_term_string"}}],"inLanguage":"tr"},{"@type":"Organization","@id":"https:\/\/www.uniselplastik.com.tr\/#organization","name":"unisel plastik sanayi","url":"https:\/\/www.uniselplastik.com.tr\/","logo":{"@type":"ImageObject","inLanguage":"tr","@id":"https:\/\/www.uniselplastik.com.tr\/#\/schema\/logo\/image\/","url":"https:\/\/www.uniselplastik.com.tr\/wp-content\/uploads\/2022\/10\/logo-mavi-e1670404165625.png","contentUrl":"https:\/\/www.uniselplastik.com.tr\/wp-content\/uploads\/2022\/10\/logo-mavi-e1670404165625.png","width":300,"height":100,"caption":"unisel plastik sanayi"},"image":{"@id":"https:\/\/www.uniselplastik.com.tr\/#\/schema\/logo\/image\/"},"sameAs":["https:\/\/tr-tr.facebook.com\/people\/Unisel-Plastik-Market\/100085855740352\/"]}]}},"_links":{"self":[{"href":"https:\/\/www.uniselplastik.com.tr\/index.php?rest_route=\/wp\/v2\/product\/1570","targetHints":{"allow":["GET"]}}],"collection":[{"href":"https:\/\/www.uniselplastik.com.tr\/index.php?rest_route=\/wp\/v2\/product"}],"about":[{"href":"https:\/\/www.uniselplastik.com.tr\/index.php?rest_route=\/wp\/v2\/types\/product"}],"replies":[{"embeddable":true,"href":"https:\/\/www.uniselplastik.com.tr\/index.php?rest_route=%2Fwp%2Fv2%2Fcomments&post=1570"}],"version-history":[{"count":2,"href":"https:\/\/www.uniselplastik.com.tr\/index.php?rest_route=\/wp\/v2\/product\/1570\/revisions"}],"predecessor-version":[{"id":3105,"href":"https:\/\/www.uniselplastik.com.tr\/index.php?rest_route=\/wp\/v2\/product\/1570\/revisions\/3105"}],"wp:featuredmedia":[{"embeddable":true,"href":"https:\/\/www.uniselplastik.com.tr\/index.php?rest_route=\/wp\/v2\/media\/2158"}],"wp:attachment":[{"href":"https:\/\/www.uniselplastik.com.tr\/index.php?rest_route=%2Fwp%2Fv2%2Fmedia&parent=1570"}],"wp:term":[{"taxonomy":"product_brand","embeddable":true,"href":"https:\/\/www.uniselplastik.com.tr\/index.php?rest_route=%2Fwp%2Fv2%2Fproduct_brand&post=1570"},{"taxonomy":"product_cat","embeddable":true,"href":"https:\/\/www.uniselplastik.com.tr\/index.php?rest_route=%2Fwp%2Fv2%2Fproduct_cat&post=1570"},{"taxonomy":"product_tag","embeddable":true,"href":"https:\/\/www.uniselplastik.com.tr\/index.php?rest_route=%2Fwp%2Fv2%2Fproduct_tag&post=1570"}],"curies":[{"name":"wp","href":"https:\/\/api.w.org\/{rel}","templated":true}]}}