{"id":1550,"date":"2022-06-15T12:01:41","date_gmt":"2022-06-15T09:01:41","guid":{"rendered":"https:\/\/www.uniselplastik.com.tr\/test\/index.php\/2022\/06\/15\/30-bar-icten-disli-te\/"},"modified":"2022-11-28T15:08:38","modified_gmt":"2022-11-28T12:08:38","slug":"30-bar-icten-disli-te","status":"publish","type":"product","link":"https:\/\/www.uniselplastik.com.tr\/?product=30-bar-icten-disli-te","title":{"rendered":"30 Bar \u0130\u00e7ten Di\u015fli Te"},"content":{"rendered":"\n<table id=\"tablepress-90\" class=\"tablepress tablepress-id-90\">\n<thead>\n<tr class=\"row-1\">\n\t<th class=\"column-1\">KOD<\/th><th class=\"column-2\">EBAT (mm.)<\/th><th class=\"column-3\">\u00c7UVAL (Ad.)<\/th><th class=\"column-4\">KOL\u0130 (Ad.)<\/th>\n<\/tr>\n<\/thead>\n<tbody class=\"row-striping row-hover\">\n<tr class=\"row-2\">\n\t<td class=\"column-1\">A\u00d68500<\/td><td class=\"column-2\">20 x 1\/2\" x 20<\/td><td class=\"column-3\">200<\/td><td class=\"column-4\">250<\/td>\n<\/tr>\n<tr class=\"row-3\">\n\t<td class=\"column-1\">A\u00d68501<\/td><td class=\"column-2\">20 x 3\/4\" x 20<\/td><td class=\"column-3\">200<\/td><td class=\"column-4\">250<\/td>\n<\/tr>\n<tr class=\"row-4\">\n\t<td class=\"column-1\">A\u00d68502<\/td><td class=\"column-2\">25 x 1\/2\" x 25<\/td><td class=\"column-3\">120<\/td><td class=\"column-4\">150<\/td>\n<\/tr>\n<tr class=\"row-5\">\n\t<td class=\"column-1\">A\u00d68503<\/td><td class=\"column-2\">25 x 3\/4\" x 25<\/td><td class=\"column-3\">120<\/td><td class=\"column-4\">150<\/td>\n<\/tr>\n<tr class=\"row-6\">\n\t<td class=\"column-1\">A\u00d68503-1<\/td><td class=\"column-2\">25 x 1\" x 25<\/td><td class=\"column-3\">100<\/td><td class=\"column-4\">125<\/td>\n<\/tr>\n<tr class=\"row-7\">\n\t<td class=\"column-1\">A\u00d68504<\/td><td class=\"column-2\">32 x 1\/2\" x 32<\/td><td class=\"column-3\">80<\/td><td class=\"column-4\">100<\/td>\n<\/tr>\n<tr class=\"row-8\">\n\t<td class=\"column-1\">A\u00d68505<\/td><td class=\"column-2\">32 x 3\/4\" x 32<\/td><td class=\"column-3\">80<\/td><td class=\"column-4\">100<\/td>\n<\/tr>\n<tr class=\"row-9\">\n\t<td class=\"column-1\">A\u00d68506<\/td><td class=\"column-2\">32 x 1\" x 32<\/td><td class=\"column-3\">80<\/td><td class=\"column-4\">100<\/td>\n<\/tr>\n<tr class=\"row-10\">\n\t<td class=\"column-1\">A\u00d68507<\/td><td class=\"column-2\">40 x 3\/4\" x 40<\/td><td class=\"column-3\">40<\/td><td class=\"column-4\">60<\/td>\n<\/tr>\n<tr class=\"row-11\">\n\t<td class=\"column-1\">A\u00d68508<\/td><td class=\"column-2\">40 x 1\" x 40<\/td><td class=\"column-3\">40<\/td><td class=\"column-4\">60<\/td>\n<\/tr>\n<tr class=\"row-12\">\n\t<td class=\"column-1\">A\u00d68509<\/td><td class=\"column-2\">40 x 1\u00bc x 40<\/td><td class=\"column-3\">40<\/td><td class=\"column-4\">60<\/td>\n<\/tr>\n<tr class=\"row-13\">\n\t<td class=\"column-1\">A\u00d68510<\/td><td class=\"column-2\">50 x 1\" x 50<\/td><td class=\"column-3\">25<\/td><td class=\"column-4\">40<\/td>\n<\/tr>\n<tr class=\"row-14\">\n\t<td class=\"column-1\">A\u00d68511<\/td><td class=\"column-2\">50 x 1\u00bc\"x 50<\/td><td class=\"column-3\">25<\/td><td class=\"column-4\">40<\/td>\n<\/tr>\n<tr class=\"row-15\">\n\t<td class=\"column-1\">A\u00d68512<\/td><td class=\"column-2\">50 x 1\u00bd\" x 50<\/td><td class=\"column-3\">25<\/td><td class=\"column-4\">40<\/td>\n<\/tr>\n<tr class=\"row-16\">\n\t<td class=\"column-1\">A\u00d68512-1<\/td><td class=\"column-2\">63 x 1 x 63<\/td><td class=\"column-3\">15<\/td><td class=\"column-4\">24<\/td>\n<\/tr>\n<tr class=\"row-17\">\n\t<td class=\"column-1\">A\u00d68513<\/td><td class=\"column-2\">63 x 1\u00bc\" x 63<\/td><td class=\"column-3\">15<\/td><td class=\"column-4\">24<\/td>\n<\/tr>\n<tr class=\"row-18\">\n\t<td class=\"column-1\">A\u00d68514<\/td><td class=\"column-2\">63 x 1\u00bd\" x 63<\/td><td class=\"column-3\">15<\/td><td class=\"column-4\">24<\/td>\n<\/tr>\n<tr class=\"row-19\">\n\t<td class=\"column-1\">A\u00d68515<\/td><td class=\"column-2\">63 x 2\" x 63<\/td><td class=\"column-3\">15<\/td><td class=\"column-4\">24<\/td>\n<\/tr>\n<tr class=\"row-20\">\n\t<td class=\"column-1\">A\u00d68516<\/td><td class=\"column-2\">75 x 2\" x 75<\/td><td class=\"column-3\">11<\/td><td class=\"column-4\">16<\/td>\n<\/tr>\n<tr class=\"row-21\">\n\t<td class=\"column-1\">A\u00d68517<\/td><td class=\"column-2\">75 x 2\u00bd\" x 75<\/td><td class=\"column-3\">11<\/td><td class=\"column-4\">16<\/td>\n<\/tr>\n<tr class=\"row-22\">\n\t<td class=\"column-1\">A\u00d68518<\/td><td class=\"column-2\">90 x 2\u00bd\" x 90<\/td><td class=\"column-3\">6<\/td><td class=\"column-4\">8<\/td>\n<\/tr>\n<tr class=\"row-23\">\n\t<td class=\"column-1\">A\u00d68519<\/td><td class=\"column-2\">90 x 3\" x 90<\/td><td class=\"column-3\">6<\/td><td class=\"column-4\">8<\/td>\n<\/tr>\n<tr class=\"row-24\">\n\t<td class=\"column-1\">A\u00d68520-1<\/td><td class=\"column-2\">110 x 21\/2\" x 110<\/td><td class=\"column-3\">3<\/td><td class=\"column-4\">5<\/td>\n<\/tr>\n<tr class=\"row-25\">\n\t<td class=\"column-1\">A\u00d68520<\/td><td class=\"column-2\">110 x 3\" x 110<\/td><td class=\"column-3\">3<\/td><td class=\"column-4\">5<\/td>\n<\/tr>\n<tr class=\"row-26\">\n\t<td class=\"column-1\">A\u00d68521<\/td><td class=\"column-2\">110 x 4\" x 110<\/td><td class=\"column-3\">3<\/td><td class=\"column-4\">5<\/td>\n<\/tr>\n<tr class=\"row-27\">\n\t<td class=\"column-1\">A\u00d68522<\/td><td class=\"column-2\">125 x 5\" x 125<\/td><td class=\"column-3\">1<\/td><td class=\"column-4\">1<\/td>\n<\/tr>\n<\/tbody>\n<\/table>\n<!-- #tablepress-90 from cache -->\n","protected":false},"excerpt":{"rendered":"","protected":false},"featured_media":2168,"comment_status":"open","ping_status":"closed","template":"","meta":{"_acf_changed":false,"inline_featured_image":false,"_joinchat":[]},"product_brand":[],"product_cat":[83],"product_tag":[],"class_list":{"0":"post-1550","1":"product","2":"type-product","3":"status-publish","4":"has-post-thumbnail","6":"product_cat-yuksek-basinc-kaplin-adaptor","8":"first","9":"instock","10":"shipping-taxable","11":"product-type-simple"},"acf":[],"yoast_head":"<!-- This site is optimized with the Yoast SEO Premium plugin v24.7 (Yoast SEO v25.0) - https:\/\/yoast.com\/wordpress\/plugins\/seo\/ -->\n<title>30 Bar \u0130\u00e7ten Di\u015fli Te - Unisel Plastik Sanayi Tic. Ltd. \u015eti.<\/title>\n<meta name=\"description\" content=\"Unisel Plastik Sanayi Tic. Ltd. \u015eti. - 30 Bar \u0130\u00e7ten Di\u015fli Te\" \/>\n<meta name=\"robots\" content=\"index, follow, max-snippet:-1, max-image-preview:large, max-video-preview:-1\" \/>\n<link rel=\"canonical\" href=\"https:\/\/www.uniselplastik.com.tr\/?product=30-bar-icten-disli-te\" \/>\n<meta property=\"og:locale\" content=\"tr_TR\" \/>\n<meta property=\"og:type\" content=\"article\" \/>\n<meta property=\"og:title\" content=\"30 Bar \u0130\u00e7ten Di\u015fli Te\" \/>\n<meta property=\"og:description\" content=\"Unisel Plastik Sanayi Tic. Ltd. \u015eti. - 30 Bar \u0130\u00e7ten Di\u015fli Te\" \/>\n<meta property=\"og:url\" content=\"https:\/\/www.uniselplastik.com.tr\/?product=30-bar-icten-disli-te\" \/>\n<meta property=\"og:site_name\" content=\"Unisel Plastik Sanayi Tic. Ltd. \u015eti.\" \/>\n<meta property=\"article:publisher\" content=\"https:\/\/tr-tr.facebook.com\/people\/Unisel-Plastik-Market\/100085855740352\/\" \/>\n<meta property=\"article:modified_time\" content=\"2022-11-28T12:08:38+00:00\" \/>\n<meta property=\"og:image\" content=\"https:\/\/www.uniselplastik.com.tr\/wp-content\/uploads\/2022\/06\/30-bar-icten-disli-te.jpg\" \/>\n\t<meta property=\"og:image:width\" content=\"1000\" \/>\n\t<meta property=\"og:image:height\" content=\"750\" \/>\n\t<meta property=\"og:image:type\" content=\"image\/jpeg\" \/>\n<meta name=\"twitter:card\" content=\"summary_large_image\" \/>\n<script type=\"application\/ld+json\" class=\"yoast-schema-graph\">{\"@context\":\"https:\/\/schema.org\",\"@graph\":[{\"@type\":\"WebPage\",\"@id\":\"https:\/\/www.uniselplastik.com.tr\/?product=30-bar-icten-disli-te\",\"url\":\"https:\/\/www.uniselplastik.com.tr\/?product=30-bar-icten-disli-te\",\"name\":\"30 Bar \u0130\u00e7ten Di\u015fli Te - Unisel Plastik Sanayi Tic. Ltd. \u015eti.\",\"isPartOf\":{\"@id\":\"https:\/\/www.uniselplastik.com.tr\/#website\"},\"primaryImageOfPage\":{\"@id\":\"https:\/\/www.uniselplastik.com.tr\/?product=30-bar-icten-disli-te#primaryimage\"},\"image\":{\"@id\":\"https:\/\/www.uniselplastik.com.tr\/?product=30-bar-icten-disli-te#primaryimage\"},\"thumbnailUrl\":\"https:\/\/www.uniselplastik.com.tr\/wp-content\/uploads\/2022\/06\/30-bar-icten-disli-te.jpg\",\"datePublished\":\"2022-06-15T09:01:41+00:00\",\"dateModified\":\"2022-11-28T12:08:38+00:00\",\"description\":\"Unisel Plastik Sanayi Tic. Ltd. \u015eti. - 30 Bar \u0130\u00e7ten Di\u015fli Te\",\"breadcrumb\":{\"@id\":\"https:\/\/www.uniselplastik.com.tr\/?product=30-bar-icten-disli-te#breadcrumb\"},\"inLanguage\":\"tr\",\"potentialAction\":[{\"@type\":\"ReadAction\",\"target\":[\"https:\/\/www.uniselplastik.com.tr\/?product=30-bar-icten-disli-te\"]}]},{\"@type\":\"ImageObject\",\"inLanguage\":\"tr\",\"@id\":\"https:\/\/www.uniselplastik.com.tr\/?product=30-bar-icten-disli-te#primaryimage\",\"url\":\"https:\/\/www.uniselplastik.com.tr\/wp-content\/uploads\/2022\/06\/30-bar-icten-disli-te.jpg\",\"contentUrl\":\"https:\/\/www.uniselplastik.com.tr\/wp-content\/uploads\/2022\/06\/30-bar-icten-disli-te.jpg\",\"width\":1000,\"height\":750},{\"@type\":\"BreadcrumbList\",\"@id\":\"https:\/\/www.uniselplastik.com.tr\/?product=30-bar-icten-disli-te#breadcrumb\",\"itemListElement\":[{\"@type\":\"ListItem\",\"position\":1,\"name\":\"Home\",\"item\":\"https:\/\/www.uniselplastik.com.tr\/\"},{\"@type\":\"ListItem\",\"position\":2,\"name\":\"Ma\u011faza\",\"item\":\"https:\/\/www.uniselplastik.com.tr\/?page_id=1824\"},{\"@type\":\"ListItem\",\"position\":3,\"name\":\"30 Bar \u0130\u00e7ten Di\u015fli Te\"}]},{\"@type\":\"WebSite\",\"@id\":\"https:\/\/www.uniselplastik.com.tr\/#website\",\"url\":\"https:\/\/www.uniselplastik.com.tr\/\",\"name\":\"Unisel Plastik Sanayi Tic. Ltd. \u015eti.\",\"description\":\"Plastik Sulama\",\"publisher\":{\"@id\":\"https:\/\/www.uniselplastik.com.tr\/#organization\"},\"potentialAction\":[{\"@type\":\"SearchAction\",\"target\":{\"@type\":\"EntryPoint\",\"urlTemplate\":\"https:\/\/www.uniselplastik.com.tr\/?s={search_term_string}\"},\"query-input\":{\"@type\":\"PropertyValueSpecification\",\"valueRequired\":true,\"valueName\":\"search_term_string\"}}],\"inLanguage\":\"tr\"},{\"@type\":\"Organization\",\"@id\":\"https:\/\/www.uniselplastik.com.tr\/#organization\",\"name\":\"unisel plastik sanayi\",\"url\":\"https:\/\/www.uniselplastik.com.tr\/\",\"logo\":{\"@type\":\"ImageObject\",\"inLanguage\":\"tr\",\"@id\":\"https:\/\/www.uniselplastik.com.tr\/#\/schema\/logo\/image\/\",\"url\":\"https:\/\/www.uniselplastik.com.tr\/wp-content\/uploads\/2022\/10\/logo-mavi-e1670404165625.png\",\"contentUrl\":\"https:\/\/www.uniselplastik.com.tr\/wp-content\/uploads\/2022\/10\/logo-mavi-e1670404165625.png\",\"width\":300,\"height\":100,\"caption\":\"unisel plastik sanayi\"},\"image\":{\"@id\":\"https:\/\/www.uniselplastik.com.tr\/#\/schema\/logo\/image\/\"},\"sameAs\":[\"https:\/\/tr-tr.facebook.com\/people\/Unisel-Plastik-Market\/100085855740352\/\"]}]}<\/script>\n<!-- \/ Yoast SEO Premium plugin. -->","yoast_head_json":{"title":"30 Bar \u0130\u00e7ten Di\u015fli Te - Unisel Plastik Sanayi Tic. Ltd. \u015eti.","description":"Unisel Plastik Sanayi Tic. Ltd. \u015eti. - 30 Bar \u0130\u00e7ten Di\u015fli Te","robots":{"index":"index","follow":"follow","max-snippet":"max-snippet:-1","max-image-preview":"max-image-preview:large","max-video-preview":"max-video-preview:-1"},"canonical":"https:\/\/www.uniselplastik.com.tr\/?product=30-bar-icten-disli-te","og_locale":"tr_TR","og_type":"article","og_title":"30 Bar \u0130\u00e7ten Di\u015fli Te","og_description":"Unisel Plastik Sanayi Tic. Ltd. \u015eti. - 30 Bar \u0130\u00e7ten Di\u015fli Te","og_url":"https:\/\/www.uniselplastik.com.tr\/?product=30-bar-icten-disli-te","og_site_name":"Unisel Plastik Sanayi Tic. Ltd. \u015eti.","article_publisher":"https:\/\/tr-tr.facebook.com\/people\/Unisel-Plastik-Market\/100085855740352\/","article_modified_time":"2022-11-28T12:08:38+00:00","og_image":[{"width":1000,"height":750,"url":"https:\/\/www.uniselplastik.com.tr\/wp-content\/uploads\/2022\/06\/30-bar-icten-disli-te.jpg","type":"image\/jpeg"}],"twitter_card":"summary_large_image","schema":{"@context":"https:\/\/schema.org","@graph":[{"@type":"WebPage","@id":"https:\/\/www.uniselplastik.com.tr\/?product=30-bar-icten-disli-te","url":"https:\/\/www.uniselplastik.com.tr\/?product=30-bar-icten-disli-te","name":"30 Bar \u0130\u00e7ten Di\u015fli Te - Unisel Plastik Sanayi Tic. Ltd. \u015eti.","isPartOf":{"@id":"https:\/\/www.uniselplastik.com.tr\/#website"},"primaryImageOfPage":{"@id":"https:\/\/www.uniselplastik.com.tr\/?product=30-bar-icten-disli-te#primaryimage"},"image":{"@id":"https:\/\/www.uniselplastik.com.tr\/?product=30-bar-icten-disli-te#primaryimage"},"thumbnailUrl":"https:\/\/www.uniselplastik.com.tr\/wp-content\/uploads\/2022\/06\/30-bar-icten-disli-te.jpg","datePublished":"2022-06-15T09:01:41+00:00","dateModified":"2022-11-28T12:08:38+00:00","description":"Unisel Plastik Sanayi Tic. Ltd. \u015eti. - 30 Bar \u0130\u00e7ten Di\u015fli Te","breadcrumb":{"@id":"https:\/\/www.uniselplastik.com.tr\/?product=30-bar-icten-disli-te#breadcrumb"},"inLanguage":"tr","potentialAction":[{"@type":"ReadAction","target":["https:\/\/www.uniselplastik.com.tr\/?product=30-bar-icten-disli-te"]}]},{"@type":"ImageObject","inLanguage":"tr","@id":"https:\/\/www.uniselplastik.com.tr\/?product=30-bar-icten-disli-te#primaryimage","url":"https:\/\/www.uniselplastik.com.tr\/wp-content\/uploads\/2022\/06\/30-bar-icten-disli-te.jpg","contentUrl":"https:\/\/www.uniselplastik.com.tr\/wp-content\/uploads\/2022\/06\/30-bar-icten-disli-te.jpg","width":1000,"height":750},{"@type":"BreadcrumbList","@id":"https:\/\/www.uniselplastik.com.tr\/?product=30-bar-icten-disli-te#breadcrumb","itemListElement":[{"@type":"ListItem","position":1,"name":"Home","item":"https:\/\/www.uniselplastik.com.tr\/"},{"@type":"ListItem","position":2,"name":"Ma\u011faza","item":"https:\/\/www.uniselplastik.com.tr\/?page_id=1824"},{"@type":"ListItem","position":3,"name":"30 Bar \u0130\u00e7ten Di\u015fli Te"}]},{"@type":"WebSite","@id":"https:\/\/www.uniselplastik.com.tr\/#website","url":"https:\/\/www.uniselplastik.com.tr\/","name":"Unisel Plastik Sanayi Tic. Ltd. \u015eti.","description":"Plastik Sulama","publisher":{"@id":"https:\/\/www.uniselplastik.com.tr\/#organization"},"potentialAction":[{"@type":"SearchAction","target":{"@type":"EntryPoint","urlTemplate":"https:\/\/www.uniselplastik.com.tr\/?s={search_term_string}"},"query-input":{"@type":"PropertyValueSpecification","valueRequired":true,"valueName":"search_term_string"}}],"inLanguage":"tr"},{"@type":"Organization","@id":"https:\/\/www.uniselplastik.com.tr\/#organization","name":"unisel plastik sanayi","url":"https:\/\/www.uniselplastik.com.tr\/","logo":{"@type":"ImageObject","inLanguage":"tr","@id":"https:\/\/www.uniselplastik.com.tr\/#\/schema\/logo\/image\/","url":"https:\/\/www.uniselplastik.com.tr\/wp-content\/uploads\/2022\/10\/logo-mavi-e1670404165625.png","contentUrl":"https:\/\/www.uniselplastik.com.tr\/wp-content\/uploads\/2022\/10\/logo-mavi-e1670404165625.png","width":300,"height":100,"caption":"unisel plastik sanayi"},"image":{"@id":"https:\/\/www.uniselplastik.com.tr\/#\/schema\/logo\/image\/"},"sameAs":["https:\/\/tr-tr.facebook.com\/people\/Unisel-Plastik-Market\/100085855740352\/"]}]}},"_links":{"self":[{"href":"https:\/\/www.uniselplastik.com.tr\/index.php?rest_route=\/wp\/v2\/product\/1550","targetHints":{"allow":["GET"]}}],"collection":[{"href":"https:\/\/www.uniselplastik.com.tr\/index.php?rest_route=\/wp\/v2\/product"}],"about":[{"href":"https:\/\/www.uniselplastik.com.tr\/index.php?rest_route=\/wp\/v2\/types\/product"}],"replies":[{"embeddable":true,"href":"https:\/\/www.uniselplastik.com.tr\/index.php?rest_route=%2Fwp%2Fv2%2Fcomments&post=1550"}],"version-history":[{"count":0,"href":"https:\/\/www.uniselplastik.com.tr\/index.php?rest_route=\/wp\/v2\/product\/1550\/revisions"}],"wp:featuredmedia":[{"embeddable":true,"href":"https:\/\/www.uniselplastik.com.tr\/index.php?rest_route=\/wp\/v2\/media\/2168"}],"wp:attachment":[{"href":"https:\/\/www.uniselplastik.com.tr\/index.php?rest_route=%2Fwp%2Fv2%2Fmedia&parent=1550"}],"wp:term":[{"taxonomy":"product_brand","embeddable":true,"href":"https:\/\/www.uniselplastik.com.tr\/index.php?rest_route=%2Fwp%2Fv2%2Fproduct_brand&post=1550"},{"taxonomy":"product_cat","embeddable":true,"href":"https:\/\/www.uniselplastik.com.tr\/index.php?rest_route=%2Fwp%2Fv2%2Fproduct_cat&post=1550"},{"taxonomy":"product_tag","embeddable":true,"href":"https:\/\/www.uniselplastik.com.tr\/index.php?rest_route=%2Fwp%2Fv2%2Fproduct_tag&post=1550"}],"curies":[{"name":"wp","href":"https:\/\/api.w.org\/{rel}","templated":true}]}}