{"id":1500,"date":"2022-06-15T12:01:22","date_gmt":"2022-06-15T09:01:22","guid":{"rendered":"https:\/\/www.uniselplastik.com.tr\/test\/index.php\/2022\/06\/15\/dis-dis-ic-dis-manson-nipel\/"},"modified":"2022-11-28T14:04:09","modified_gmt":"2022-11-28T11:04:09","slug":"dis-dis-ic-dis-manson-nipel","status":"publish","type":"product","link":"https:\/\/www.uniselplastik.com.tr\/?product=dis-dis-ic-dis-manson-nipel","title":{"rendered":"D\u0131\u015f Di\u015f &#8211; \u0130\u00e7 Di\u015f Man\u015fon \/ Nipel"},"content":{"rendered":"\n<table id=\"tablepress-74\" class=\"tablepress tablepress-id-74\">\n<thead>\n<tr class=\"row-1\">\n\t<th class=\"column-1\">KOD<\/th><th class=\"column-2\">EBAT (mm.)<\/th><th class=\"column-3\">\u00c7UVAL (Ad.)<\/th><th class=\"column-4\">KOL\u0130 (Ad.)<\/th>\n<\/tr>\n<\/thead>\n<tbody class=\"row-striping row-hover\">\n<tr class=\"row-2\">\n\t<td class=\"column-1\">D030<\/td><td class=\"column-2\">DI\u015e D\u0130\u015e 3\/4\" x \u0130\u00c7 D\u0130\u015e 1\/2\"<\/td><td class=\"column-3\">800<\/td><td class=\"column-4\">900<\/td>\n<\/tr>\n<tr class=\"row-3\">\n\t<td class=\"column-1\">D031<\/td><td class=\"column-2\">DI\u015e D\u0130\u015e 1\" x \u0130\u00c7 D\u0130\u015e 3\/4\"<\/td><td class=\"column-3\">400<\/td><td class=\"column-4\">500<\/td>\n<\/tr>\n<tr class=\"row-4\">\n\t<td class=\"column-1\">D032<\/td><td class=\"column-2\">DI\u015e D\u0130\u015e 11\/4\" x \u0130\u00c7 D\u0130\u015e 1\"<\/td><td class=\"column-3\">300<\/td><td class=\"column-4\">300<\/td>\n<\/tr>\n<tr class=\"row-5\">\n\t<td class=\"column-1\">D033<\/td><td class=\"column-2\">DI\u015e D\u0130\u015e 11\/2\" x \u0130\u00c7 D\u0130\u015e 11\/4\"<\/td><td class=\"column-3\">160<\/td><td class=\"column-4\">200<\/td>\n<\/tr>\n<tr class=\"row-6\">\n\t<td class=\"column-1\">D034<\/td><td class=\"column-2\">DI\u015e D\u0130\u015e 2\" x  \u0130\u00c7 D\u0130\u015e 11\/2\"<\/td><td class=\"column-3\">100<\/td><td class=\"column-4\">120<\/td>\n<\/tr>\n<\/tbody>\n<\/table>\n<!-- #tablepress-74 from cache -->\n","protected":false},"excerpt":{"rendered":"","protected":false},"featured_media":1501,"comment_status":"open","ping_status":"closed","template":"","meta":{"_acf_changed":false,"inline_featured_image":false,"_joinchat":[]},"product_brand":[],"product_cat":[79],"product_tag":[],"class_list":{"0":"post-1500","1":"product","2":"type-product","3":"status-publish","4":"has-post-thumbnail","6":"product_cat-plastik-ek-parcalari","8":"first","9":"instock","10":"shipping-taxable","11":"product-type-simple"},"acf":[],"yoast_head":"<!-- This site is optimized with the Yoast SEO Premium plugin v24.7 (Yoast SEO v25.0) - https:\/\/yoast.com\/wordpress\/plugins\/seo\/ -->\n<title>D\u0131\u015f Di\u015f - \u0130\u00e7 Di\u015f Man\u015fon \/ Nipel - Unisel Plastik Sanayi Tic. Ltd. \u015eti.<\/title>\n<meta name=\"description\" content=\"Unisel Plastik Sanayi Tic. Ltd. \u015eti. - D\u0131\u015f Di\u015f - \u0130\u00e7 Di\u015f Man\u015fon \/ Nipel\" \/>\n<meta name=\"robots\" content=\"index, follow, max-snippet:-1, max-image-preview:large, max-video-preview:-1\" \/>\n<link rel=\"canonical\" href=\"https:\/\/www.uniselplastik.com.tr\/?product=dis-dis-ic-dis-manson-nipel\" \/>\n<meta property=\"og:locale\" content=\"tr_TR\" \/>\n<meta property=\"og:type\" content=\"article\" \/>\n<meta property=\"og:title\" content=\"D\u0131\u015f Di\u015f - \u0130\u00e7 Di\u015f Man\u015fon \/ Nipel\" \/>\n<meta property=\"og:description\" content=\"Unisel Plastik Sanayi Tic. Ltd. \u015eti. - D\u0131\u015f Di\u015f - \u0130\u00e7 Di\u015f Man\u015fon \/ Nipel\" \/>\n<meta property=\"og:url\" content=\"https:\/\/www.uniselplastik.com.tr\/?product=dis-dis-ic-dis-manson-nipel\" \/>\n<meta property=\"og:site_name\" content=\"Unisel Plastik Sanayi Tic. Ltd. \u015eti.\" \/>\n<meta property=\"article:publisher\" content=\"https:\/\/tr-tr.facebook.com\/people\/Unisel-Plastik-Market\/100085855740352\/\" \/>\n<meta property=\"article:modified_time\" content=\"2022-11-28T11:04:09+00:00\" \/>\n<meta property=\"og:image\" content=\"https:\/\/www.uniselplastik.com.tr\/wp-content\/uploads\/2019\/01\/D030-DIS-DIS-IC-DIS-MANSON-NIPEL.jpg\" \/>\n\t<meta property=\"og:image:width\" content=\"1200\" \/>\n\t<meta property=\"og:image:height\" content=\"800\" \/>\n\t<meta property=\"og:image:type\" content=\"image\/jpeg\" \/>\n<meta name=\"twitter:card\" content=\"summary_large_image\" \/>\n<script type=\"application\/ld+json\" class=\"yoast-schema-graph\">{\"@context\":\"https:\/\/schema.org\",\"@graph\":[{\"@type\":\"WebPage\",\"@id\":\"https:\/\/www.uniselplastik.com.tr\/?product=dis-dis-ic-dis-manson-nipel\",\"url\":\"https:\/\/www.uniselplastik.com.tr\/?product=dis-dis-ic-dis-manson-nipel\",\"name\":\"D\u0131\u015f Di\u015f - \u0130\u00e7 Di\u015f Man\u015fon \/ Nipel - Unisel Plastik Sanayi Tic. Ltd. \u015eti.\",\"isPartOf\":{\"@id\":\"https:\/\/www.uniselplastik.com.tr\/#website\"},\"primaryImageOfPage\":{\"@id\":\"https:\/\/www.uniselplastik.com.tr\/?product=dis-dis-ic-dis-manson-nipel#primaryimage\"},\"image\":{\"@id\":\"https:\/\/www.uniselplastik.com.tr\/?product=dis-dis-ic-dis-manson-nipel#primaryimage\"},\"thumbnailUrl\":\"https:\/\/www.uniselplastik.com.tr\/wp-content\/uploads\/2019\/01\/D030-DIS-DIS-IC-DIS-MANSON-NIPEL.jpg\",\"datePublished\":\"2022-06-15T09:01:22+00:00\",\"dateModified\":\"2022-11-28T11:04:09+00:00\",\"description\":\"Unisel Plastik Sanayi Tic. Ltd. \u015eti. - D\u0131\u015f Di\u015f - \u0130\u00e7 Di\u015f Man\u015fon \/ Nipel\",\"breadcrumb\":{\"@id\":\"https:\/\/www.uniselplastik.com.tr\/?product=dis-dis-ic-dis-manson-nipel#breadcrumb\"},\"inLanguage\":\"tr\",\"potentialAction\":[{\"@type\":\"ReadAction\",\"target\":[\"https:\/\/www.uniselplastik.com.tr\/?product=dis-dis-ic-dis-manson-nipel\"]}]},{\"@type\":\"ImageObject\",\"inLanguage\":\"tr\",\"@id\":\"https:\/\/www.uniselplastik.com.tr\/?product=dis-dis-ic-dis-manson-nipel#primaryimage\",\"url\":\"https:\/\/www.uniselplastik.com.tr\/wp-content\/uploads\/2019\/01\/D030-DIS-DIS-IC-DIS-MANSON-NIPEL.jpg\",\"contentUrl\":\"https:\/\/www.uniselplastik.com.tr\/wp-content\/uploads\/2019\/01\/D030-DIS-DIS-IC-DIS-MANSON-NIPEL.jpg\",\"width\":1200,\"height\":800},{\"@type\":\"BreadcrumbList\",\"@id\":\"https:\/\/www.uniselplastik.com.tr\/?product=dis-dis-ic-dis-manson-nipel#breadcrumb\",\"itemListElement\":[{\"@type\":\"ListItem\",\"position\":1,\"name\":\"Home\",\"item\":\"https:\/\/www.uniselplastik.com.tr\/\"},{\"@type\":\"ListItem\",\"position\":2,\"name\":\"Ma\u011faza\",\"item\":\"https:\/\/www.uniselplastik.com.tr\/?page_id=1824\"},{\"@type\":\"ListItem\",\"position\":3,\"name\":\"D\u0131\u015f Di\u015f &#8211; \u0130\u00e7 Di\u015f Man\u015fon \/ Nipel\"}]},{\"@type\":\"WebSite\",\"@id\":\"https:\/\/www.uniselplastik.com.tr\/#website\",\"url\":\"https:\/\/www.uniselplastik.com.tr\/\",\"name\":\"Unisel Plastik Sanayi Tic. Ltd. \u015eti.\",\"description\":\"Plastik Sulama\",\"publisher\":{\"@id\":\"https:\/\/www.uniselplastik.com.tr\/#organization\"},\"potentialAction\":[{\"@type\":\"SearchAction\",\"target\":{\"@type\":\"EntryPoint\",\"urlTemplate\":\"https:\/\/www.uniselplastik.com.tr\/?s={search_term_string}\"},\"query-input\":{\"@type\":\"PropertyValueSpecification\",\"valueRequired\":true,\"valueName\":\"search_term_string\"}}],\"inLanguage\":\"tr\"},{\"@type\":\"Organization\",\"@id\":\"https:\/\/www.uniselplastik.com.tr\/#organization\",\"name\":\"unisel plastik sanayi\",\"url\":\"https:\/\/www.uniselplastik.com.tr\/\",\"logo\":{\"@type\":\"ImageObject\",\"inLanguage\":\"tr\",\"@id\":\"https:\/\/www.uniselplastik.com.tr\/#\/schema\/logo\/image\/\",\"url\":\"https:\/\/www.uniselplastik.com.tr\/wp-content\/uploads\/2022\/10\/logo-mavi-e1670404165625.png\",\"contentUrl\":\"https:\/\/www.uniselplastik.com.tr\/wp-content\/uploads\/2022\/10\/logo-mavi-e1670404165625.png\",\"width\":300,\"height\":100,\"caption\":\"unisel plastik sanayi\"},\"image\":{\"@id\":\"https:\/\/www.uniselplastik.com.tr\/#\/schema\/logo\/image\/\"},\"sameAs\":[\"https:\/\/tr-tr.facebook.com\/people\/Unisel-Plastik-Market\/100085855740352\/\"]}]}<\/script>\n<!-- \/ Yoast SEO Premium plugin. -->","yoast_head_json":{"title":"D\u0131\u015f Di\u015f - \u0130\u00e7 Di\u015f Man\u015fon \/ Nipel - Unisel Plastik Sanayi Tic. Ltd. \u015eti.","description":"Unisel Plastik Sanayi Tic. Ltd. \u015eti. - D\u0131\u015f Di\u015f - \u0130\u00e7 Di\u015f Man\u015fon \/ Nipel","robots":{"index":"index","follow":"follow","max-snippet":"max-snippet:-1","max-image-preview":"max-image-preview:large","max-video-preview":"max-video-preview:-1"},"canonical":"https:\/\/www.uniselplastik.com.tr\/?product=dis-dis-ic-dis-manson-nipel","og_locale":"tr_TR","og_type":"article","og_title":"D\u0131\u015f Di\u015f - \u0130\u00e7 Di\u015f Man\u015fon \/ Nipel","og_description":"Unisel Plastik Sanayi Tic. Ltd. \u015eti. - D\u0131\u015f Di\u015f - \u0130\u00e7 Di\u015f Man\u015fon \/ Nipel","og_url":"https:\/\/www.uniselplastik.com.tr\/?product=dis-dis-ic-dis-manson-nipel","og_site_name":"Unisel Plastik Sanayi Tic. Ltd. \u015eti.","article_publisher":"https:\/\/tr-tr.facebook.com\/people\/Unisel-Plastik-Market\/100085855740352\/","article_modified_time":"2022-11-28T11:04:09+00:00","og_image":[{"width":1200,"height":800,"url":"https:\/\/www.uniselplastik.com.tr\/wp-content\/uploads\/2019\/01\/D030-DIS-DIS-IC-DIS-MANSON-NIPEL.jpg","type":"image\/jpeg"}],"twitter_card":"summary_large_image","schema":{"@context":"https:\/\/schema.org","@graph":[{"@type":"WebPage","@id":"https:\/\/www.uniselplastik.com.tr\/?product=dis-dis-ic-dis-manson-nipel","url":"https:\/\/www.uniselplastik.com.tr\/?product=dis-dis-ic-dis-manson-nipel","name":"D\u0131\u015f Di\u015f - \u0130\u00e7 Di\u015f Man\u015fon \/ Nipel - Unisel Plastik Sanayi Tic. Ltd. \u015eti.","isPartOf":{"@id":"https:\/\/www.uniselplastik.com.tr\/#website"},"primaryImageOfPage":{"@id":"https:\/\/www.uniselplastik.com.tr\/?product=dis-dis-ic-dis-manson-nipel#primaryimage"},"image":{"@id":"https:\/\/www.uniselplastik.com.tr\/?product=dis-dis-ic-dis-manson-nipel#primaryimage"},"thumbnailUrl":"https:\/\/www.uniselplastik.com.tr\/wp-content\/uploads\/2019\/01\/D030-DIS-DIS-IC-DIS-MANSON-NIPEL.jpg","datePublished":"2022-06-15T09:01:22+00:00","dateModified":"2022-11-28T11:04:09+00:00","description":"Unisel Plastik Sanayi Tic. Ltd. \u015eti. - D\u0131\u015f Di\u015f - \u0130\u00e7 Di\u015f Man\u015fon \/ Nipel","breadcrumb":{"@id":"https:\/\/www.uniselplastik.com.tr\/?product=dis-dis-ic-dis-manson-nipel#breadcrumb"},"inLanguage":"tr","potentialAction":[{"@type":"ReadAction","target":["https:\/\/www.uniselplastik.com.tr\/?product=dis-dis-ic-dis-manson-nipel"]}]},{"@type":"ImageObject","inLanguage":"tr","@id":"https:\/\/www.uniselplastik.com.tr\/?product=dis-dis-ic-dis-manson-nipel#primaryimage","url":"https:\/\/www.uniselplastik.com.tr\/wp-content\/uploads\/2019\/01\/D030-DIS-DIS-IC-DIS-MANSON-NIPEL.jpg","contentUrl":"https:\/\/www.uniselplastik.com.tr\/wp-content\/uploads\/2019\/01\/D030-DIS-DIS-IC-DIS-MANSON-NIPEL.jpg","width":1200,"height":800},{"@type":"BreadcrumbList","@id":"https:\/\/www.uniselplastik.com.tr\/?product=dis-dis-ic-dis-manson-nipel#breadcrumb","itemListElement":[{"@type":"ListItem","position":1,"name":"Home","item":"https:\/\/www.uniselplastik.com.tr\/"},{"@type":"ListItem","position":2,"name":"Ma\u011faza","item":"https:\/\/www.uniselplastik.com.tr\/?page_id=1824"},{"@type":"ListItem","position":3,"name":"D\u0131\u015f Di\u015f &#8211; \u0130\u00e7 Di\u015f Man\u015fon \/ Nipel"}]},{"@type":"WebSite","@id":"https:\/\/www.uniselplastik.com.tr\/#website","url":"https:\/\/www.uniselplastik.com.tr\/","name":"Unisel Plastik Sanayi Tic. Ltd. \u015eti.","description":"Plastik Sulama","publisher":{"@id":"https:\/\/www.uniselplastik.com.tr\/#organization"},"potentialAction":[{"@type":"SearchAction","target":{"@type":"EntryPoint","urlTemplate":"https:\/\/www.uniselplastik.com.tr\/?s={search_term_string}"},"query-input":{"@type":"PropertyValueSpecification","valueRequired":true,"valueName":"search_term_string"}}],"inLanguage":"tr"},{"@type":"Organization","@id":"https:\/\/www.uniselplastik.com.tr\/#organization","name":"unisel plastik sanayi","url":"https:\/\/www.uniselplastik.com.tr\/","logo":{"@type":"ImageObject","inLanguage":"tr","@id":"https:\/\/www.uniselplastik.com.tr\/#\/schema\/logo\/image\/","url":"https:\/\/www.uniselplastik.com.tr\/wp-content\/uploads\/2022\/10\/logo-mavi-e1670404165625.png","contentUrl":"https:\/\/www.uniselplastik.com.tr\/wp-content\/uploads\/2022\/10\/logo-mavi-e1670404165625.png","width":300,"height":100,"caption":"unisel plastik sanayi"},"image":{"@id":"https:\/\/www.uniselplastik.com.tr\/#\/schema\/logo\/image\/"},"sameAs":["https:\/\/tr-tr.facebook.com\/people\/Unisel-Plastik-Market\/100085855740352\/"]}]}},"_links":{"self":[{"href":"https:\/\/www.uniselplastik.com.tr\/index.php?rest_route=\/wp\/v2\/product\/1500","targetHints":{"allow":["GET"]}}],"collection":[{"href":"https:\/\/www.uniselplastik.com.tr\/index.php?rest_route=\/wp\/v2\/product"}],"about":[{"href":"https:\/\/www.uniselplastik.com.tr\/index.php?rest_route=\/wp\/v2\/types\/product"}],"replies":[{"embeddable":true,"href":"https:\/\/www.uniselplastik.com.tr\/index.php?rest_route=%2Fwp%2Fv2%2Fcomments&post=1500"}],"version-history":[{"count":0,"href":"https:\/\/www.uniselplastik.com.tr\/index.php?rest_route=\/wp\/v2\/product\/1500\/revisions"}],"wp:featuredmedia":[{"embeddable":true,"href":"https:\/\/www.uniselplastik.com.tr\/index.php?rest_route=\/wp\/v2\/media\/1501"}],"wp:attachment":[{"href":"https:\/\/www.uniselplastik.com.tr\/index.php?rest_route=%2Fwp%2Fv2%2Fmedia&parent=1500"}],"wp:term":[{"taxonomy":"product_brand","embeddable":true,"href":"https:\/\/www.uniselplastik.com.tr\/index.php?rest_route=%2Fwp%2Fv2%2Fproduct_brand&post=1500"},{"taxonomy":"product_cat","embeddable":true,"href":"https:\/\/www.uniselplastik.com.tr\/index.php?rest_route=%2Fwp%2Fv2%2Fproduct_cat&post=1500"},{"taxonomy":"product_tag","embeddable":true,"href":"https:\/\/www.uniselplastik.com.tr\/index.php?rest_route=%2Fwp%2Fv2%2Fproduct_tag&post=1500"}],"curies":[{"name":"wp","href":"https:\/\/api.w.org\/{rel}","templated":true}]}}