{"id":1450,"date":"2022-06-15T12:01:11","date_gmt":"2022-06-15T09:01:11","guid":{"rendered":"https:\/\/www.uniselplastik.com.tr\/test\/index.php\/2022\/06\/15\/plastik-fittings-reduksiyon\/"},"modified":"2022-11-25T09:49:50","modified_gmt":"2022-11-25T06:49:50","slug":"plastik-fittings-reduksiyon","status":"publish","type":"product","link":"https:\/\/www.uniselplastik.com.tr\/?product=plastik-fittings-reduksiyon","title":{"rendered":"Plastik Fittings Red\u00fcksiyon"},"content":{"rendered":"\n<table id=\"tablepress-37\" class=\"tablepress tablepress-id-37\">\n<thead>\n<tr class=\"row-1\">\n\t<th class=\"column-1\">KOD<\/th><th class=\"column-2\">EBAT (mm.)<\/th><th class=\"column-3\">\u00c7UVAL (Ad.)<\/th><th class=\"column-4\">KOL\u0130 (Ad.)<\/th>\n<\/tr>\n<\/thead>\n<tbody class=\"row-striping row-hover\">\n<tr class=\"row-2\">\n\t<td class=\"column-1\">D130<\/td><td class=\"column-2\">3\/4\" x 1\/2\"<\/td><td class=\"column-3\">2500<\/td><td class=\"column-4\">3000<\/td>\n<\/tr>\n<tr class=\"row-3\">\n\t<td class=\"column-1\">D131<\/td><td class=\"column-2\">1\" x 1\/2\"<\/td><td class=\"column-3\">1200<\/td><td class=\"column-4\">1800<\/td>\n<\/tr>\n<tr class=\"row-4\">\n\t<td class=\"column-1\">D132<\/td><td class=\"column-2\">1\" x 3\/4\"<\/td><td class=\"column-3\">1200<\/td><td class=\"column-4\">1800<\/td>\n<\/tr>\n<tr class=\"row-5\">\n\t<td class=\"column-1\">D132-1<\/td><td class=\"column-2\">1\u00bc\" x 1\u00bd\"<\/td><td class=\"column-3\">900<\/td><td class=\"column-4\">1000<\/td>\n<\/tr>\n<tr class=\"row-6\">\n\t<td class=\"column-1\">D133<\/td><td class=\"column-2\">1\u00bc\" x 3\/4\"<\/td><td class=\"column-3\">800<\/td><td class=\"column-4\">1000<\/td>\n<\/tr>\n<tr class=\"row-7\">\n\t<td class=\"column-1\">D134<\/td><td class=\"column-2\">1\u00bc\" x 1\"<\/td><td class=\"column-3\">900<\/td><td class=\"column-4\">1000<\/td>\n<\/tr>\n<tr class=\"row-8\">\n\t<td class=\"column-1\">D134-1<\/td><td class=\"column-2\">1\u00bd\" x 1\/2\"<\/td><td class=\"column-3\">500<\/td><td class=\"column-4\">700<\/td>\n<\/tr>\n<tr class=\"row-9\">\n\t<td class=\"column-1\">D134-2<\/td><td class=\"column-2\">1\u00bd\" x 3\/4\"<\/td><td class=\"column-3\">500<\/td><td class=\"column-4\">700<\/td>\n<\/tr>\n<tr class=\"row-10\">\n\t<td class=\"column-1\">D135<\/td><td class=\"column-2\">1\u00bd\" x 1\"<\/td><td class=\"column-3\">600<\/td><td class=\"column-4\">700<\/td>\n<\/tr>\n<tr class=\"row-11\">\n\t<td class=\"column-1\">D136<\/td><td class=\"column-2\">1\u00bd\" x 1\u00bc\"<\/td><td class=\"column-3\">500<\/td><td class=\"column-4\">700<\/td>\n<\/tr>\n<tr class=\"row-12\">\n\t<td class=\"column-1\">D137-1<\/td><td class=\"column-2\">2\" x 1\/2\"<\/td><td class=\"column-3\">300<\/td><td class=\"column-4\">400<\/td>\n<\/tr>\n<tr class=\"row-13\">\n\t<td class=\"column-1\">D137-2<\/td><td class=\"column-2\">2\" x 3\/4\"<\/td><td class=\"column-3\">300<\/td><td class=\"column-4\">400<\/td>\n<\/tr>\n<tr class=\"row-14\">\n\t<td class=\"column-1\">D137-3<\/td><td class=\"column-2\">2\" x 1\"<\/td><td class=\"column-3\">300<\/td><td class=\"column-4\">400<\/td>\n<\/tr>\n<tr class=\"row-15\">\n\t<td class=\"column-1\">D137<\/td><td class=\"column-2\">2\" x 1\u00bc\"<\/td><td class=\"column-3\">300<\/td><td class=\"column-4\">400<\/td>\n<\/tr>\n<tr class=\"row-16\">\n\t<td class=\"column-1\">D138<\/td><td class=\"column-2\">2\" x 1\u00bd\"<\/td><td class=\"column-3\">350<\/td><td class=\"column-4\">400<\/td>\n<\/tr>\n<tr class=\"row-17\">\n\t<td class=\"column-1\">D139-1<\/td><td class=\"column-2\">21\/2 \"x 3\/4\"<\/td><td class=\"column-3\">200<\/td><td class=\"column-4\">200<\/td>\n<\/tr>\n<tr class=\"row-18\">\n\t<td class=\"column-1\">D139-2<\/td><td class=\"column-2\">21\/2 x 1\"<\/td><td class=\"column-3\">200<\/td><td class=\"column-4\">200<\/td>\n<\/tr>\n<tr class=\"row-19\">\n\t<td class=\"column-1\">D139<\/td><td class=\"column-2\">2\u00bd\" x 1\u00bc\"<\/td><td class=\"column-3\">200<\/td><td class=\"column-4\">200<\/td>\n<\/tr>\n<tr class=\"row-20\">\n\t<td class=\"column-1\">D140<\/td><td class=\"column-2\">2\u00bd\"x 1\u00bd\"<\/td><td class=\"column-3\">200<\/td><td class=\"column-4\">200<\/td>\n<\/tr>\n<tr class=\"row-21\">\n\t<td class=\"column-1\">D141<\/td><td class=\"column-2\">2\u00bd\" x 2\"<\/td><td class=\"column-3\">200<\/td><td class=\"column-4\">200<\/td>\n<\/tr>\n<tr class=\"row-22\">\n\t<td class=\"column-1\">D142-1<\/td><td class=\"column-2\">3\"x1\"<\/td><td class=\"column-3\">140<\/td><td class=\"column-4\">180<\/td>\n<\/tr>\n<tr class=\"row-23\">\n\t<td class=\"column-1\">D142-2<\/td><td class=\"column-2\">3\"x1\u00bc\"<\/td><td class=\"column-3\">140<\/td><td class=\"column-4\">180<\/td>\n<\/tr>\n<tr class=\"row-24\">\n\t<td class=\"column-1\">D142-3<\/td><td class=\"column-2\">3\"x1\u00bd\"<\/td><td class=\"column-3\">140<\/td><td class=\"column-4\">180<\/td>\n<\/tr>\n<tr class=\"row-25\">\n\t<td class=\"column-1\">D142<\/td><td class=\"column-2\">3\"x2\"<\/td><td class=\"column-3\">150<\/td><td class=\"column-4\">180<\/td>\n<\/tr>\n<tr class=\"row-26\">\n\t<td class=\"column-1\">D143<\/td><td class=\"column-2\">3\"x2\u00bd\"<\/td><td class=\"column-3\">150<\/td><td class=\"column-4\">180<\/td>\n<\/tr>\n<tr class=\"row-27\">\n\t<td class=\"column-1\">D144-1<\/td><td class=\"column-2\">4\"x1\"<\/td><td class=\"column-3\">80<\/td><td class=\"column-4\">105<\/td>\n<\/tr>\n<tr class=\"row-28\">\n\t<td class=\"column-1\">D144-2<\/td><td class=\"column-2\">4\"x1\u00bc\"<\/td><td class=\"column-3\">80<\/td><td class=\"column-4\">105<\/td>\n<\/tr>\n<tr class=\"row-29\">\n\t<td class=\"column-1\">D144-3<\/td><td class=\"column-2\">4\"x1\u00bd\"<\/td><td class=\"column-3\">80<\/td><td class=\"column-4\">105<\/td>\n<\/tr>\n<tr class=\"row-30\">\n\t<td class=\"column-1\">D144-4<\/td><td class=\"column-2\">4\"x2\"<\/td><td class=\"column-3\">80<\/td><td class=\"column-4\">105<\/td>\n<\/tr>\n<tr class=\"row-31\">\n\t<td class=\"column-1\">D144<\/td><td class=\"column-2\">4\"x2\u00bd\"<\/td><td class=\"column-3\">80<\/td><td class=\"column-4\">105<\/td>\n<\/tr>\n<tr class=\"row-32\">\n\t<td class=\"column-1\">D145<\/td><td class=\"column-2\">4\"x3\"<\/td><td class=\"column-3\">90<\/td><td class=\"column-4\">105<\/td>\n<\/tr>\n<\/tbody>\n<\/table>\n<!-- #tablepress-37 from cache -->\n","protected":false},"excerpt":{"rendered":"","protected":false},"featured_media":1451,"comment_status":"open","ping_status":"closed","template":"","meta":{"_acf_changed":false,"inline_featured_image":false,"_joinchat":[]},"product_brand":[],"product_cat":[79],"product_tag":[],"class_list":{"0":"post-1450","1":"product","2":"type-product","3":"status-publish","4":"has-post-thumbnail","6":"product_cat-plastik-ek-parcalari","8":"first","9":"instock","10":"shipping-taxable","11":"product-type-simple"},"acf":[],"yoast_head":"<!-- This site is optimized with the Yoast SEO Premium plugin v24.7 (Yoast SEO v25.0) - https:\/\/yoast.com\/wordpress\/plugins\/seo\/ -->\n<title>Plastik Fittings Red\u00fcksiyon - Unisel Plastik Sanayi Tic. Ltd. \u015eti.<\/title>\n<meta name=\"description\" content=\"Unisel Plastik Sanayi Tic. Ltd. \u015eti. - Plastik Fittings Red\u00fcksiyon\" \/>\n<meta name=\"robots\" content=\"index, follow, max-snippet:-1, max-image-preview:large, max-video-preview:-1\" \/>\n<link rel=\"canonical\" href=\"https:\/\/www.uniselplastik.com.tr\/?product=plastik-fittings-reduksiyon\" \/>\n<meta property=\"og:locale\" content=\"tr_TR\" \/>\n<meta property=\"og:type\" content=\"article\" \/>\n<meta property=\"og:title\" content=\"Plastik Fittings Red\u00fcksiyon\" \/>\n<meta property=\"og:description\" content=\"Unisel Plastik Sanayi Tic. Ltd. \u015eti. - Plastik Fittings Red\u00fcksiyon\" \/>\n<meta property=\"og:url\" content=\"https:\/\/www.uniselplastik.com.tr\/?product=plastik-fittings-reduksiyon\" \/>\n<meta property=\"og:site_name\" content=\"Unisel Plastik Sanayi Tic. Ltd. \u015eti.\" \/>\n<meta property=\"article:publisher\" content=\"https:\/\/tr-tr.facebook.com\/people\/Unisel-Plastik-Market\/100085855740352\/\" \/>\n<meta property=\"article:modified_time\" content=\"2022-11-25T06:49:50+00:00\" \/>\n<meta property=\"og:image\" content=\"https:\/\/www.uniselplastik.com.tr\/wp-content\/uploads\/2019\/01\/D130-PLASTIK-FITTINGS-REDUKSIYON.jpg\" \/>\n\t<meta property=\"og:image:width\" content=\"1200\" \/>\n\t<meta property=\"og:image:height\" content=\"800\" \/>\n\t<meta property=\"og:image:type\" content=\"image\/jpeg\" \/>\n<meta name=\"twitter:card\" content=\"summary_large_image\" \/>\n<script type=\"application\/ld+json\" class=\"yoast-schema-graph\">{\"@context\":\"https:\/\/schema.org\",\"@graph\":[{\"@type\":\"WebPage\",\"@id\":\"https:\/\/www.uniselplastik.com.tr\/?product=plastik-fittings-reduksiyon\",\"url\":\"https:\/\/www.uniselplastik.com.tr\/?product=plastik-fittings-reduksiyon\",\"name\":\"Plastik Fittings Red\u00fcksiyon - Unisel Plastik Sanayi Tic. Ltd. \u015eti.\",\"isPartOf\":{\"@id\":\"https:\/\/www.uniselplastik.com.tr\/#website\"},\"primaryImageOfPage\":{\"@id\":\"https:\/\/www.uniselplastik.com.tr\/?product=plastik-fittings-reduksiyon#primaryimage\"},\"image\":{\"@id\":\"https:\/\/www.uniselplastik.com.tr\/?product=plastik-fittings-reduksiyon#primaryimage\"},\"thumbnailUrl\":\"https:\/\/www.uniselplastik.com.tr\/wp-content\/uploads\/2019\/01\/D130-PLASTIK-FITTINGS-REDUKSIYON.jpg\",\"datePublished\":\"2022-06-15T09:01:11+00:00\",\"dateModified\":\"2022-11-25T06:49:50+00:00\",\"description\":\"Unisel Plastik Sanayi Tic. Ltd. \u015eti. - Plastik Fittings Red\u00fcksiyon\",\"breadcrumb\":{\"@id\":\"https:\/\/www.uniselplastik.com.tr\/?product=plastik-fittings-reduksiyon#breadcrumb\"},\"inLanguage\":\"tr\",\"potentialAction\":[{\"@type\":\"ReadAction\",\"target\":[\"https:\/\/www.uniselplastik.com.tr\/?product=plastik-fittings-reduksiyon\"]}]},{\"@type\":\"ImageObject\",\"inLanguage\":\"tr\",\"@id\":\"https:\/\/www.uniselplastik.com.tr\/?product=plastik-fittings-reduksiyon#primaryimage\",\"url\":\"https:\/\/www.uniselplastik.com.tr\/wp-content\/uploads\/2019\/01\/D130-PLASTIK-FITTINGS-REDUKSIYON.jpg\",\"contentUrl\":\"https:\/\/www.uniselplastik.com.tr\/wp-content\/uploads\/2019\/01\/D130-PLASTIK-FITTINGS-REDUKSIYON.jpg\",\"width\":1200,\"height\":800},{\"@type\":\"BreadcrumbList\",\"@id\":\"https:\/\/www.uniselplastik.com.tr\/?product=plastik-fittings-reduksiyon#breadcrumb\",\"itemListElement\":[{\"@type\":\"ListItem\",\"position\":1,\"name\":\"Home\",\"item\":\"https:\/\/www.uniselplastik.com.tr\/\"},{\"@type\":\"ListItem\",\"position\":2,\"name\":\"Ma\u011faza\",\"item\":\"https:\/\/www.uniselplastik.com.tr\/?page_id=1824\"},{\"@type\":\"ListItem\",\"position\":3,\"name\":\"Plastik Fittings Red\u00fcksiyon\"}]},{\"@type\":\"WebSite\",\"@id\":\"https:\/\/www.uniselplastik.com.tr\/#website\",\"url\":\"https:\/\/www.uniselplastik.com.tr\/\",\"name\":\"Unisel Plastik Sanayi Tic. Ltd. \u015eti.\",\"description\":\"Plastik Sulama\",\"publisher\":{\"@id\":\"https:\/\/www.uniselplastik.com.tr\/#organization\"},\"potentialAction\":[{\"@type\":\"SearchAction\",\"target\":{\"@type\":\"EntryPoint\",\"urlTemplate\":\"https:\/\/www.uniselplastik.com.tr\/?s={search_term_string}\"},\"query-input\":{\"@type\":\"PropertyValueSpecification\",\"valueRequired\":true,\"valueName\":\"search_term_string\"}}],\"inLanguage\":\"tr\"},{\"@type\":\"Organization\",\"@id\":\"https:\/\/www.uniselplastik.com.tr\/#organization\",\"name\":\"unisel plastik sanayi\",\"url\":\"https:\/\/www.uniselplastik.com.tr\/\",\"logo\":{\"@type\":\"ImageObject\",\"inLanguage\":\"tr\",\"@id\":\"https:\/\/www.uniselplastik.com.tr\/#\/schema\/logo\/image\/\",\"url\":\"https:\/\/www.uniselplastik.com.tr\/wp-content\/uploads\/2022\/10\/logo-mavi-e1670404165625.png\",\"contentUrl\":\"https:\/\/www.uniselplastik.com.tr\/wp-content\/uploads\/2022\/10\/logo-mavi-e1670404165625.png\",\"width\":300,\"height\":100,\"caption\":\"unisel plastik sanayi\"},\"image\":{\"@id\":\"https:\/\/www.uniselplastik.com.tr\/#\/schema\/logo\/image\/\"},\"sameAs\":[\"https:\/\/tr-tr.facebook.com\/people\/Unisel-Plastik-Market\/100085855740352\/\"]}]}<\/script>\n<!-- \/ Yoast SEO Premium plugin. -->","yoast_head_json":{"title":"Plastik Fittings Red\u00fcksiyon - Unisel Plastik Sanayi Tic. Ltd. \u015eti.","description":"Unisel Plastik Sanayi Tic. Ltd. \u015eti. - Plastik Fittings Red\u00fcksiyon","robots":{"index":"index","follow":"follow","max-snippet":"max-snippet:-1","max-image-preview":"max-image-preview:large","max-video-preview":"max-video-preview:-1"},"canonical":"https:\/\/www.uniselplastik.com.tr\/?product=plastik-fittings-reduksiyon","og_locale":"tr_TR","og_type":"article","og_title":"Plastik Fittings Red\u00fcksiyon","og_description":"Unisel Plastik Sanayi Tic. Ltd. \u015eti. - Plastik Fittings Red\u00fcksiyon","og_url":"https:\/\/www.uniselplastik.com.tr\/?product=plastik-fittings-reduksiyon","og_site_name":"Unisel Plastik Sanayi Tic. Ltd. \u015eti.","article_publisher":"https:\/\/tr-tr.facebook.com\/people\/Unisel-Plastik-Market\/100085855740352\/","article_modified_time":"2022-11-25T06:49:50+00:00","og_image":[{"width":1200,"height":800,"url":"https:\/\/www.uniselplastik.com.tr\/wp-content\/uploads\/2019\/01\/D130-PLASTIK-FITTINGS-REDUKSIYON.jpg","type":"image\/jpeg"}],"twitter_card":"summary_large_image","schema":{"@context":"https:\/\/schema.org","@graph":[{"@type":"WebPage","@id":"https:\/\/www.uniselplastik.com.tr\/?product=plastik-fittings-reduksiyon","url":"https:\/\/www.uniselplastik.com.tr\/?product=plastik-fittings-reduksiyon","name":"Plastik Fittings Red\u00fcksiyon - Unisel Plastik Sanayi Tic. Ltd. \u015eti.","isPartOf":{"@id":"https:\/\/www.uniselplastik.com.tr\/#website"},"primaryImageOfPage":{"@id":"https:\/\/www.uniselplastik.com.tr\/?product=plastik-fittings-reduksiyon#primaryimage"},"image":{"@id":"https:\/\/www.uniselplastik.com.tr\/?product=plastik-fittings-reduksiyon#primaryimage"},"thumbnailUrl":"https:\/\/www.uniselplastik.com.tr\/wp-content\/uploads\/2019\/01\/D130-PLASTIK-FITTINGS-REDUKSIYON.jpg","datePublished":"2022-06-15T09:01:11+00:00","dateModified":"2022-11-25T06:49:50+00:00","description":"Unisel Plastik Sanayi Tic. Ltd. \u015eti. - Plastik Fittings Red\u00fcksiyon","breadcrumb":{"@id":"https:\/\/www.uniselplastik.com.tr\/?product=plastik-fittings-reduksiyon#breadcrumb"},"inLanguage":"tr","potentialAction":[{"@type":"ReadAction","target":["https:\/\/www.uniselplastik.com.tr\/?product=plastik-fittings-reduksiyon"]}]},{"@type":"ImageObject","inLanguage":"tr","@id":"https:\/\/www.uniselplastik.com.tr\/?product=plastik-fittings-reduksiyon#primaryimage","url":"https:\/\/www.uniselplastik.com.tr\/wp-content\/uploads\/2019\/01\/D130-PLASTIK-FITTINGS-REDUKSIYON.jpg","contentUrl":"https:\/\/www.uniselplastik.com.tr\/wp-content\/uploads\/2019\/01\/D130-PLASTIK-FITTINGS-REDUKSIYON.jpg","width":1200,"height":800},{"@type":"BreadcrumbList","@id":"https:\/\/www.uniselplastik.com.tr\/?product=plastik-fittings-reduksiyon#breadcrumb","itemListElement":[{"@type":"ListItem","position":1,"name":"Home","item":"https:\/\/www.uniselplastik.com.tr\/"},{"@type":"ListItem","position":2,"name":"Ma\u011faza","item":"https:\/\/www.uniselplastik.com.tr\/?page_id=1824"},{"@type":"ListItem","position":3,"name":"Plastik Fittings Red\u00fcksiyon"}]},{"@type":"WebSite","@id":"https:\/\/www.uniselplastik.com.tr\/#website","url":"https:\/\/www.uniselplastik.com.tr\/","name":"Unisel Plastik Sanayi Tic. Ltd. \u015eti.","description":"Plastik Sulama","publisher":{"@id":"https:\/\/www.uniselplastik.com.tr\/#organization"},"potentialAction":[{"@type":"SearchAction","target":{"@type":"EntryPoint","urlTemplate":"https:\/\/www.uniselplastik.com.tr\/?s={search_term_string}"},"query-input":{"@type":"PropertyValueSpecification","valueRequired":true,"valueName":"search_term_string"}}],"inLanguage":"tr"},{"@type":"Organization","@id":"https:\/\/www.uniselplastik.com.tr\/#organization","name":"unisel plastik sanayi","url":"https:\/\/www.uniselplastik.com.tr\/","logo":{"@type":"ImageObject","inLanguage":"tr","@id":"https:\/\/www.uniselplastik.com.tr\/#\/schema\/logo\/image\/","url":"https:\/\/www.uniselplastik.com.tr\/wp-content\/uploads\/2022\/10\/logo-mavi-e1670404165625.png","contentUrl":"https:\/\/www.uniselplastik.com.tr\/wp-content\/uploads\/2022\/10\/logo-mavi-e1670404165625.png","width":300,"height":100,"caption":"unisel plastik sanayi"},"image":{"@id":"https:\/\/www.uniselplastik.com.tr\/#\/schema\/logo\/image\/"},"sameAs":["https:\/\/tr-tr.facebook.com\/people\/Unisel-Plastik-Market\/100085855740352\/"]}]}},"_links":{"self":[{"href":"https:\/\/www.uniselplastik.com.tr\/index.php?rest_route=\/wp\/v2\/product\/1450","targetHints":{"allow":["GET"]}}],"collection":[{"href":"https:\/\/www.uniselplastik.com.tr\/index.php?rest_route=\/wp\/v2\/product"}],"about":[{"href":"https:\/\/www.uniselplastik.com.tr\/index.php?rest_route=\/wp\/v2\/types\/product"}],"replies":[{"embeddable":true,"href":"https:\/\/www.uniselplastik.com.tr\/index.php?rest_route=%2Fwp%2Fv2%2Fcomments&post=1450"}],"version-history":[{"count":0,"href":"https:\/\/www.uniselplastik.com.tr\/index.php?rest_route=\/wp\/v2\/product\/1450\/revisions"}],"wp:featuredmedia":[{"embeddable":true,"href":"https:\/\/www.uniselplastik.com.tr\/index.php?rest_route=\/wp\/v2\/media\/1451"}],"wp:attachment":[{"href":"https:\/\/www.uniselplastik.com.tr\/index.php?rest_route=%2Fwp%2Fv2%2Fmedia&parent=1450"}],"wp:term":[{"taxonomy":"product_brand","embeddable":true,"href":"https:\/\/www.uniselplastik.com.tr\/index.php?rest_route=%2Fwp%2Fv2%2Fproduct_brand&post=1450"},{"taxonomy":"product_cat","embeddable":true,"href":"https:\/\/www.uniselplastik.com.tr\/index.php?rest_route=%2Fwp%2Fv2%2Fproduct_cat&post=1450"},{"taxonomy":"product_tag","embeddable":true,"href":"https:\/\/www.uniselplastik.com.tr\/index.php?rest_route=%2Fwp%2Fv2%2Fproduct_tag&post=1450"}],"curies":[{"name":"wp","href":"https:\/\/api.w.org\/{rel}","templated":true}]}}