{"id":1438,"date":"2022-06-15T12:01:09","date_gmt":"2022-06-15T09:01:09","guid":{"rendered":"https:\/\/www.uniselplastik.com.tr\/test\/index.php\/2022\/06\/15\/orjinal-princ-cikisli-priz-kolye\/"},"modified":"2022-11-24T17:07:15","modified_gmt":"2022-11-24T14:07:15","slug":"orjinal-princ-cikisli-priz-kolye","status":"publish","type":"product","link":"https:\/\/www.uniselplastik.com.tr\/?product=orjinal-princ-cikisli-priz-kolye","title":{"rendered":"Orjinal Prin\u00e7 \u00c7\u0131k\u0131\u015fl\u0131 Priz Kolye"},"content":{"rendered":"\n<table id=\"tablepress-29\" class=\"tablepress tablepress-id-29\">\n<thead>\n<tr class=\"row-1\">\n\t<th class=\"column-1\">KOD<\/th><th class=\"column-2\">EBAT (mm.)<\/th><th class=\"column-3\">\u00c7UVAL (Ad.)<\/th><th class=\"column-4\">KOL\u0130 (Ad.)<\/th>\n<\/tr>\n<\/thead>\n<tbody class=\"row-striping row-hover\">\n<tr class=\"row-2\">\n\t<td class=\"column-1\">C300<\/td><td class=\"column-2\">50 x 1\/2\"<\/td><td class=\"column-3\">85<\/td><td class=\"column-4\">120<\/td>\n<\/tr>\n<tr class=\"row-3\">\n\t<td class=\"column-1\">C301<\/td><td class=\"column-2\">50 x 3\/4\"<\/td><td class=\"column-3\">85<\/td><td class=\"column-4\">120<\/td>\n<\/tr>\n<tr class=\"row-4\">\n\t<td class=\"column-1\">C302<\/td><td class=\"column-2\">50 x 1\"<\/td><td class=\"column-3\">85<\/td><td class=\"column-4\">120<\/td>\n<\/tr>\n<tr class=\"row-5\">\n\t<td class=\"column-1\">C303<\/td><td class=\"column-2\">63 x 1\/2\"<\/td><td class=\"column-3\">70<\/td><td class=\"column-4\">90<\/td>\n<\/tr>\n<tr class=\"row-6\">\n\t<td class=\"column-1\">C304<\/td><td class=\"column-2\">63 x 3\/4\"<\/td><td class=\"column-3\">70<\/td><td class=\"column-4\">90<\/td>\n<\/tr>\n<tr class=\"row-7\">\n\t<td class=\"column-1\">C305<\/td><td class=\"column-2\">63 x 1\"<\/td><td class=\"column-3\">70<\/td><td class=\"column-4\">90<\/td>\n<\/tr>\n<tr class=\"row-8\">\n\t<td class=\"column-1\">C306<\/td><td class=\"column-2\">75 x 1\/2\"<\/td><td class=\"column-3\">80<\/td><td class=\"column-4\">100<\/td>\n<\/tr>\n<tr class=\"row-9\">\n\t<td class=\"column-1\">C307<\/td><td class=\"column-2\">75 x 3\/4\"<\/td><td class=\"column-3\">80<\/td><td class=\"column-4\">100<\/td>\n<\/tr>\n<tr class=\"row-10\">\n\t<td class=\"column-1\">C308<\/td><td class=\"column-2\">75 x 1\"<\/td><td class=\"column-3\">80<\/td><td class=\"column-4\">100<\/td>\n<\/tr>\n<tr class=\"row-11\">\n\t<td class=\"column-1\">C309<\/td><td class=\"column-2\">90 x 1\/2\"<\/td><td class=\"column-3\">60<\/td><td class=\"column-4\">80<\/td>\n<\/tr>\n<tr class=\"row-12\">\n\t<td class=\"column-1\">C310<\/td><td class=\"column-2\">90 x 3\/4\"<\/td><td class=\"column-3\">60<\/td><td class=\"column-4\">80<\/td>\n<\/tr>\n<tr class=\"row-13\">\n\t<td class=\"column-1\">C311<\/td><td class=\"column-2\">90 x 1\"<\/td><td class=\"column-3\">60<\/td><td class=\"column-4\">80<\/td>\n<\/tr>\n<tr class=\"row-14\">\n\t<td class=\"column-1\">C311-1<\/td><td class=\"column-2\">90 x 1\u00bc''<\/td><td class=\"column-3\">60<\/td><td class=\"column-4\">64<\/td>\n<\/tr>\n<tr class=\"row-15\">\n\t<td class=\"column-1\">C311-2<\/td><td class=\"column-2\">90 x 1\u00bd\"<\/td><td class=\"column-3\">60<\/td><td class=\"column-4\">64<\/td>\n<\/tr>\n<tr class=\"row-16\">\n\t<td class=\"column-1\">C311-3<\/td><td class=\"column-2\">90 x 2\"<\/td><td class=\"column-3\">48<\/td><td class=\"column-4\">64<\/td>\n<\/tr>\n<tr class=\"row-17\">\n\t<td class=\"column-1\">C312<\/td><td class=\"column-2\">110 x 1\/2\"<\/td><td class=\"column-3\">40<\/td><td class=\"column-4\">60<\/td>\n<\/tr>\n<tr class=\"row-18\">\n\t<td class=\"column-1\">C313<\/td><td class=\"column-2\">110 x 3\/4\"<\/td><td class=\"column-3\">40<\/td><td class=\"column-4\">60<\/td>\n<\/tr>\n<tr class=\"row-19\">\n\t<td class=\"column-1\">C314<\/td><td class=\"column-2\">110 x 1\"<\/td><td class=\"column-3\">40<\/td><td class=\"column-4\">60<\/td>\n<\/tr>\n<tr class=\"row-20\">\n\t<td class=\"column-1\">C314-1<\/td><td class=\"column-2\">110 x 1\u00bc\"<\/td><td class=\"column-3\">40<\/td><td class=\"column-4\">60<\/td>\n<\/tr>\n<tr class=\"row-21\">\n\t<td class=\"column-1\">C314-2<\/td><td class=\"column-2\">110 x 1\u00bd\"<\/td><td class=\"column-3\">40<\/td><td class=\"column-4\">60<\/td>\n<\/tr>\n<tr class=\"row-22\">\n\t<td class=\"column-1\">C314-3<\/td><td class=\"column-2\">110 x 2\"<\/td><td class=\"column-3\">40<\/td><td class=\"column-4\">50<\/td>\n<\/tr>\n<tr class=\"row-23\">\n\t<td class=\"column-1\">C315<\/td><td class=\"column-2\">125 x 1\/2\"<\/td><td class=\"column-3\">40<\/td><td class=\"column-4\">60<\/td>\n<\/tr>\n<tr class=\"row-24\">\n\t<td class=\"column-1\">C316<\/td><td class=\"column-2\">125 x 3\/4\"<\/td><td class=\"column-3\">40<\/td><td class=\"column-4\">60<\/td>\n<\/tr>\n<tr class=\"row-25\">\n\t<td class=\"column-1\">C317<\/td><td class=\"column-2\">125 x 1\"<\/td><td class=\"column-3\">40<\/td><td class=\"column-4\">60<\/td>\n<\/tr>\n<tr class=\"row-26\">\n\t<td class=\"column-1\">C318<\/td><td class=\"column-2\">125 x 1\u00bc''<\/td><td class=\"column-3\">32<\/td><td class=\"column-4\">50<\/td>\n<\/tr>\n<tr class=\"row-27\">\n\t<td class=\"column-1\">C319<\/td><td class=\"column-2\">125 x 1\u00bd\"<\/td><td class=\"column-3\">32<\/td><td class=\"column-4\">50<\/td>\n<\/tr>\n<tr class=\"row-28\">\n\t<td class=\"column-1\">C320<\/td><td class=\"column-2\">125 x 2\"<\/td><td class=\"column-3\">32<\/td><td class=\"column-4\">50<\/td>\n<\/tr>\n<tr class=\"row-29\">\n\t<td class=\"column-1\">C321<\/td><td class=\"column-2\">140 x 1\/2\"<\/td><td class=\"column-3\">20<\/td><td class=\"column-4\">40<\/td>\n<\/tr>\n<tr class=\"row-30\">\n\t<td class=\"column-1\">C322<\/td><td class=\"column-2\">140 x 3\/4\"<\/td><td class=\"column-3\">20<\/td><td class=\"column-4\">40<\/td>\n<\/tr>\n<tr class=\"row-31\">\n\t<td class=\"column-1\">C323<\/td><td class=\"column-2\">140 x 1\"<\/td><td class=\"column-3\">20<\/td><td class=\"column-4\">40<\/td>\n<\/tr>\n<tr class=\"row-32\">\n\t<td class=\"column-1\">C324<\/td><td class=\"column-2\">140 x 1\u00bc\"<\/td><td class=\"column-3\">20<\/td><td class=\"column-4\">40<\/td>\n<\/tr>\n<tr class=\"row-33\">\n\t<td class=\"column-1\">C325<\/td><td class=\"column-2\">140 x 1\u00bd''<\/td><td class=\"column-3\">20<\/td><td class=\"column-4\">40<\/td>\n<\/tr>\n<tr class=\"row-34\">\n\t<td class=\"column-1\">C326<\/td><td class=\"column-2\">140 x 2\"<\/td><td class=\"column-3\">20<\/td><td class=\"column-4\">40<\/td>\n<\/tr>\n<tr class=\"row-35\">\n\t<td class=\"column-1\">C327<\/td><td class=\"column-2\">160 x 1\/2\"<\/td><td class=\"column-3\">18<\/td><td class=\"column-4\">24<\/td>\n<\/tr>\n<tr class=\"row-36\">\n\t<td class=\"column-1\">C328<\/td><td class=\"column-2\">160 x 3\/4\"<\/td><td class=\"column-3\">18<\/td><td class=\"column-4\">24<\/td>\n<\/tr>\n<tr class=\"row-37\">\n\t<td class=\"column-1\">C329<\/td><td class=\"column-2\">160 x 1\"<\/td><td class=\"column-3\">18<\/td><td class=\"column-4\">24<\/td>\n<\/tr>\n<tr class=\"row-38\">\n\t<td class=\"column-1\">C330<\/td><td class=\"column-2\">160 x 1\u00bc\"<\/td><td class=\"column-3\">18<\/td><td class=\"column-4\">24<\/td>\n<\/tr>\n<tr class=\"row-39\">\n\t<td class=\"column-1\">C331<\/td><td class=\"column-2\">160 x 1\u00bd''<\/td><td class=\"column-3\">18<\/td><td class=\"column-4\">24<\/td>\n<\/tr>\n<tr class=\"row-40\">\n\t<td class=\"column-1\">C332<\/td><td class=\"column-2\">160 x 2\"<\/td><td class=\"column-3\">18<\/td><td class=\"column-4\">24<\/td>\n<\/tr>\n<tr class=\"row-41\">\n\t<td class=\"column-1\">C332-1<\/td><td class=\"column-2\">160 x 2\u00bd\"<\/td><td class=\"column-3\">10<\/td><td class=\"column-4\">12<\/td>\n<\/tr>\n<tr class=\"row-42\">\n\t<td class=\"column-1\">C332-2<\/td><td class=\"column-2\">160 x 3\"<\/td><td class=\"column-3\">10<\/td><td class=\"column-4\">12<\/td>\n<\/tr>\n<tr class=\"row-43\">\n\t<td class=\"column-1\">C332-3<\/td><td class=\"column-2\">160 x 4\"<\/td><td class=\"column-3\">10<\/td><td class=\"column-4\">12<\/td>\n<\/tr>\n<tr class=\"row-44\">\n\t<td class=\"column-1\">C333<\/td><td class=\"column-2\">200 x 1\"<\/td><td class=\"column-3\">7<\/td><td class=\"column-4\">9<\/td>\n<\/tr>\n<tr class=\"row-45\">\n\t<td class=\"column-1\">C334<\/td><td class=\"column-2\">200 x 1\u00bc\"<\/td><td class=\"column-3\">7<\/td><td class=\"column-4\">9<\/td>\n<\/tr>\n<tr class=\"row-46\">\n\t<td class=\"column-1\">C335<\/td><td class=\"column-2\">200 x 1\u00bd\"<\/td><td class=\"column-3\">7<\/td><td class=\"column-4\">9<\/td>\n<\/tr>\n<tr class=\"row-47\">\n\t<td class=\"column-1\">C336<\/td><td class=\"column-2\">200 x 2\"<\/td><td class=\"column-3\">7<\/td><td class=\"column-4\">9<\/td>\n<\/tr>\n<tr class=\"row-48\">\n\t<td class=\"column-1\">C337<\/td><td class=\"column-2\">200 x 2\u00bd\"<\/td><td class=\"column-3\">7<\/td><td class=\"column-4\">9<\/td>\n<\/tr>\n<tr class=\"row-49\">\n\t<td class=\"column-1\">C338<\/td><td class=\"column-2\">200 x 3\"<\/td><td class=\"column-3\">7<\/td><td class=\"column-4\">9<\/td>\n<\/tr>\n<tr class=\"row-50\">\n\t<td class=\"column-1\">C339<\/td><td class=\"column-2\">200 x 4\"<\/td><td class=\"column-3\">7<\/td><td class=\"column-4\">9<\/td>\n<\/tr>\n<tr class=\"row-51\">\n\t<td class=\"column-1\">C340<\/td><td class=\"column-2\">225 x 1\"<\/td><td class=\"column-3\">6<\/td><td class=\"column-4\">9<\/td>\n<\/tr>\n<tr class=\"row-52\">\n\t<td class=\"column-1\">C341<\/td><td class=\"column-2\">225 x 1\u00bc\"<\/td><td class=\"column-3\">6<\/td><td class=\"column-4\">9<\/td>\n<\/tr>\n<tr class=\"row-53\">\n\t<td class=\"column-1\">C342<\/td><td class=\"column-2\">225 x 1\u00bd\"<\/td><td class=\"column-3\">6<\/td><td class=\"column-4\">9<\/td>\n<\/tr>\n<tr class=\"row-54\">\n\t<td class=\"column-1\">C343<\/td><td class=\"column-2\">225 x 2\"<\/td><td class=\"column-3\">6<\/td><td class=\"column-4\">9<\/td>\n<\/tr>\n<tr class=\"row-55\">\n\t<td class=\"column-1\">C344<\/td><td class=\"column-2\">225 x 2\u00bd\"<\/td><td class=\"column-3\">6<\/td><td class=\"column-4\">9<\/td>\n<\/tr>\n<tr class=\"row-56\">\n\t<td class=\"column-1\">C345<\/td><td class=\"column-2\">225 x 3\"<\/td><td class=\"column-3\">6<\/td><td class=\"column-4\">9<\/td>\n<\/tr>\n<tr class=\"row-57\">\n\t<td class=\"column-1\">C346<\/td><td class=\"column-2\">225 x 4 \"<\/td><td class=\"column-3\">6<\/td><td class=\"column-4\">9<\/td>\n<\/tr>\n<tr class=\"row-58\">\n\t<td class=\"column-1\">C347<\/td><td class=\"column-2\">250 x 1\"<\/td><td class=\"column-3\">5<\/td><td class=\"column-4\">6<\/td>\n<\/tr>\n<tr class=\"row-59\">\n\t<td class=\"column-1\">C348<\/td><td class=\"column-2\">250 x 1\u00bc\"<\/td><td class=\"column-3\">5<\/td><td class=\"column-4\">6<\/td>\n<\/tr>\n<tr class=\"row-60\">\n\t<td class=\"column-1\">C349<\/td><td class=\"column-2\">250 x 1\u00bd\"<\/td><td class=\"column-3\">5<\/td><td class=\"column-4\">6<\/td>\n<\/tr>\n<tr class=\"row-61\">\n\t<td class=\"column-1\">C350<\/td><td class=\"column-2\">250 x 2\"<\/td><td class=\"column-3\">5<\/td><td class=\"column-4\">6<\/td>\n<\/tr>\n<tr class=\"row-62\">\n\t<td class=\"column-1\">C351<\/td><td class=\"column-2\">250 x 2\u00bd\"<\/td><td class=\"column-3\">5<\/td><td class=\"column-4\">6<\/td>\n<\/tr>\n<tr class=\"row-63\">\n\t<td class=\"column-1\">C352<\/td><td class=\"column-2\">250 x 3\"<\/td><td class=\"column-3\">5<\/td><td class=\"column-4\">6<\/td>\n<\/tr>\n<tr class=\"row-64\">\n\t<td class=\"column-1\">C353<\/td><td class=\"column-2\">250 x 4\"<\/td><td class=\"column-3\">5<\/td><td class=\"column-4\">6<\/td>\n<\/tr>\n<tr class=\"row-65\">\n\t<td class=\"column-1\">C354<\/td><td class=\"column-2\">315 x 1\"<\/td><td class=\"column-3\">3<\/td><td class=\"column-4\">4<\/td>\n<\/tr>\n<tr class=\"row-66\">\n\t<td class=\"column-1\">C355<\/td><td class=\"column-2\">315 x 1\u00bc\"<\/td><td class=\"column-3\">3<\/td><td class=\"column-4\">4<\/td>\n<\/tr>\n<tr class=\"row-67\">\n\t<td class=\"column-1\">C356<\/td><td class=\"column-2\">315 x 1\u00bd\"<\/td><td class=\"column-3\">3<\/td><td class=\"column-4\">4<\/td>\n<\/tr>\n<tr class=\"row-68\">\n\t<td class=\"column-1\">C357<\/td><td class=\"column-2\">315 x 2\"<\/td><td class=\"column-3\">3<\/td><td class=\"column-4\">4<\/td>\n<\/tr>\n<tr class=\"row-69\">\n\t<td class=\"column-1\">C358<\/td><td class=\"column-2\">315 x 2\u00bd\"<\/td><td class=\"column-3\">3<\/td><td class=\"column-4\">4<\/td>\n<\/tr>\n<tr class=\"row-70\">\n\t<td class=\"column-1\">C359<\/td><td class=\"column-2\">315 x 3\"<\/td><td class=\"column-3\">3<\/td><td class=\"column-4\">4<\/td>\n<\/tr>\n<tr class=\"row-71\">\n\t<td class=\"column-1\">C360<\/td><td class=\"column-2\">315 x 4\"<\/td><td class=\"column-3\">3<\/td><td class=\"column-4\">4<\/td>\n<\/tr>\n<\/tbody>\n<\/table>\n<!-- #tablepress-29 from cache -->\n","protected":false},"excerpt":{"rendered":"","protected":false},"featured_media":1439,"comment_status":"open","ping_status":"closed","template":"","meta":{"_acf_changed":false,"inline_featured_image":false,"_joinchat":[]},"product_brand":[],"product_cat":[78],"product_tag":[],"class_list":{"0":"post-1438","1":"product","2":"type-product","3":"status-publish","4":"has-post-thumbnail","6":"product_cat-priz-kolyeler","8":"first","9":"instock","10":"shipping-taxable","11":"product-type-simple"},"acf":[],"yoast_head":"<!-- This site is optimized with the Yoast SEO Premium plugin v24.7 (Yoast SEO v25.0) - https:\/\/yoast.com\/wordpress\/plugins\/seo\/ -->\n<title>Orjinal Prin\u00e7 \u00c7\u0131k\u0131\u015fl\u0131 Priz Kolye - Unisel Plastik Sanayi Tic. Ltd. \u015eti.<\/title>\n<meta name=\"description\" content=\"Unisel Plastik Sanayi Tic. Ltd. \u015eti. - Orjinal Prin\u00e7 \u00c7\u0131k\u0131\u015fl\u0131 Priz Kolye\" \/>\n<meta name=\"robots\" content=\"index, follow, max-snippet:-1, max-image-preview:large, max-video-preview:-1\" \/>\n<link rel=\"canonical\" href=\"https:\/\/www.uniselplastik.com.tr\/?product=orjinal-princ-cikisli-priz-kolye\" \/>\n<meta property=\"og:locale\" content=\"tr_TR\" \/>\n<meta property=\"og:type\" content=\"article\" \/>\n<meta property=\"og:title\" content=\"Orjinal Prin\u00e7 \u00c7\u0131k\u0131\u015fl\u0131 Priz Kolye\" \/>\n<meta property=\"og:description\" content=\"Unisel Plastik Sanayi Tic. Ltd. \u015eti. - Orjinal Prin\u00e7 \u00c7\u0131k\u0131\u015fl\u0131 Priz Kolye\" \/>\n<meta property=\"og:url\" content=\"https:\/\/www.uniselplastik.com.tr\/?product=orjinal-princ-cikisli-priz-kolye\" \/>\n<meta property=\"og:site_name\" content=\"Unisel Plastik Sanayi Tic. Ltd. \u015eti.\" \/>\n<meta property=\"article:publisher\" content=\"https:\/\/tr-tr.facebook.com\/people\/Unisel-Plastik-Market\/100085855740352\/\" \/>\n<meta property=\"article:modified_time\" content=\"2022-11-24T14:07:15+00:00\" \/>\n<meta property=\"og:image\" content=\"https:\/\/www.uniselplastik.com.tr\/wp-content\/uploads\/2019\/01\/C333-ORJINAL-PRINC-CIKISLI-PRIZ-KOLYE.jpg\" \/>\n\t<meta property=\"og:image:width\" content=\"1200\" \/>\n\t<meta property=\"og:image:height\" content=\"800\" \/>\n\t<meta property=\"og:image:type\" content=\"image\/jpeg\" \/>\n<meta name=\"twitter:card\" content=\"summary_large_image\" \/>\n<script type=\"application\/ld+json\" class=\"yoast-schema-graph\">{\"@context\":\"https:\/\/schema.org\",\"@graph\":[{\"@type\":\"WebPage\",\"@id\":\"https:\/\/www.uniselplastik.com.tr\/?product=orjinal-princ-cikisli-priz-kolye\",\"url\":\"https:\/\/www.uniselplastik.com.tr\/?product=orjinal-princ-cikisli-priz-kolye\",\"name\":\"Orjinal Prin\u00e7 \u00c7\u0131k\u0131\u015fl\u0131 Priz Kolye - Unisel Plastik Sanayi Tic. Ltd. \u015eti.\",\"isPartOf\":{\"@id\":\"https:\/\/www.uniselplastik.com.tr\/#website\"},\"primaryImageOfPage\":{\"@id\":\"https:\/\/www.uniselplastik.com.tr\/?product=orjinal-princ-cikisli-priz-kolye#primaryimage\"},\"image\":{\"@id\":\"https:\/\/www.uniselplastik.com.tr\/?product=orjinal-princ-cikisli-priz-kolye#primaryimage\"},\"thumbnailUrl\":\"https:\/\/www.uniselplastik.com.tr\/wp-content\/uploads\/2019\/01\/C333-ORJINAL-PRINC-CIKISLI-PRIZ-KOLYE.jpg\",\"datePublished\":\"2022-06-15T09:01:09+00:00\",\"dateModified\":\"2022-11-24T14:07:15+00:00\",\"description\":\"Unisel Plastik Sanayi Tic. Ltd. \u015eti. - Orjinal Prin\u00e7 \u00c7\u0131k\u0131\u015fl\u0131 Priz Kolye\",\"breadcrumb\":{\"@id\":\"https:\/\/www.uniselplastik.com.tr\/?product=orjinal-princ-cikisli-priz-kolye#breadcrumb\"},\"inLanguage\":\"tr\",\"potentialAction\":[{\"@type\":\"ReadAction\",\"target\":[\"https:\/\/www.uniselplastik.com.tr\/?product=orjinal-princ-cikisli-priz-kolye\"]}]},{\"@type\":\"ImageObject\",\"inLanguage\":\"tr\",\"@id\":\"https:\/\/www.uniselplastik.com.tr\/?product=orjinal-princ-cikisli-priz-kolye#primaryimage\",\"url\":\"https:\/\/www.uniselplastik.com.tr\/wp-content\/uploads\/2019\/01\/C333-ORJINAL-PRINC-CIKISLI-PRIZ-KOLYE.jpg\",\"contentUrl\":\"https:\/\/www.uniselplastik.com.tr\/wp-content\/uploads\/2019\/01\/C333-ORJINAL-PRINC-CIKISLI-PRIZ-KOLYE.jpg\",\"width\":1200,\"height\":800},{\"@type\":\"BreadcrumbList\",\"@id\":\"https:\/\/www.uniselplastik.com.tr\/?product=orjinal-princ-cikisli-priz-kolye#breadcrumb\",\"itemListElement\":[{\"@type\":\"ListItem\",\"position\":1,\"name\":\"Home\",\"item\":\"https:\/\/www.uniselplastik.com.tr\/\"},{\"@type\":\"ListItem\",\"position\":2,\"name\":\"Ma\u011faza\",\"item\":\"https:\/\/www.uniselplastik.com.tr\/?page_id=1824\"},{\"@type\":\"ListItem\",\"position\":3,\"name\":\"Orjinal Prin\u00e7 \u00c7\u0131k\u0131\u015fl\u0131 Priz Kolye\"}]},{\"@type\":\"WebSite\",\"@id\":\"https:\/\/www.uniselplastik.com.tr\/#website\",\"url\":\"https:\/\/www.uniselplastik.com.tr\/\",\"name\":\"Unisel Plastik Sanayi Tic. Ltd. \u015eti.\",\"description\":\"Plastik Sulama\",\"publisher\":{\"@id\":\"https:\/\/www.uniselplastik.com.tr\/#organization\"},\"potentialAction\":[{\"@type\":\"SearchAction\",\"target\":{\"@type\":\"EntryPoint\",\"urlTemplate\":\"https:\/\/www.uniselplastik.com.tr\/?s={search_term_string}\"},\"query-input\":{\"@type\":\"PropertyValueSpecification\",\"valueRequired\":true,\"valueName\":\"search_term_string\"}}],\"inLanguage\":\"tr\"},{\"@type\":\"Organization\",\"@id\":\"https:\/\/www.uniselplastik.com.tr\/#organization\",\"name\":\"unisel plastik sanayi\",\"url\":\"https:\/\/www.uniselplastik.com.tr\/\",\"logo\":{\"@type\":\"ImageObject\",\"inLanguage\":\"tr\",\"@id\":\"https:\/\/www.uniselplastik.com.tr\/#\/schema\/logo\/image\/\",\"url\":\"https:\/\/www.uniselplastik.com.tr\/wp-content\/uploads\/2022\/10\/logo-mavi-e1670404165625.png\",\"contentUrl\":\"https:\/\/www.uniselplastik.com.tr\/wp-content\/uploads\/2022\/10\/logo-mavi-e1670404165625.png\",\"width\":300,\"height\":100,\"caption\":\"unisel plastik sanayi\"},\"image\":{\"@id\":\"https:\/\/www.uniselplastik.com.tr\/#\/schema\/logo\/image\/\"},\"sameAs\":[\"https:\/\/tr-tr.facebook.com\/people\/Unisel-Plastik-Market\/100085855740352\/\"]}]}<\/script>\n<!-- \/ Yoast SEO Premium plugin. -->","yoast_head_json":{"title":"Orjinal Prin\u00e7 \u00c7\u0131k\u0131\u015fl\u0131 Priz Kolye - Unisel Plastik Sanayi Tic. Ltd. \u015eti.","description":"Unisel Plastik Sanayi Tic. Ltd. \u015eti. - Orjinal Prin\u00e7 \u00c7\u0131k\u0131\u015fl\u0131 Priz Kolye","robots":{"index":"index","follow":"follow","max-snippet":"max-snippet:-1","max-image-preview":"max-image-preview:large","max-video-preview":"max-video-preview:-1"},"canonical":"https:\/\/www.uniselplastik.com.tr\/?product=orjinal-princ-cikisli-priz-kolye","og_locale":"tr_TR","og_type":"article","og_title":"Orjinal Prin\u00e7 \u00c7\u0131k\u0131\u015fl\u0131 Priz Kolye","og_description":"Unisel Plastik Sanayi Tic. Ltd. \u015eti. - Orjinal Prin\u00e7 \u00c7\u0131k\u0131\u015fl\u0131 Priz Kolye","og_url":"https:\/\/www.uniselplastik.com.tr\/?product=orjinal-princ-cikisli-priz-kolye","og_site_name":"Unisel Plastik Sanayi Tic. Ltd. \u015eti.","article_publisher":"https:\/\/tr-tr.facebook.com\/people\/Unisel-Plastik-Market\/100085855740352\/","article_modified_time":"2022-11-24T14:07:15+00:00","og_image":[{"width":1200,"height":800,"url":"https:\/\/www.uniselplastik.com.tr\/wp-content\/uploads\/2019\/01\/C333-ORJINAL-PRINC-CIKISLI-PRIZ-KOLYE.jpg","type":"image\/jpeg"}],"twitter_card":"summary_large_image","schema":{"@context":"https:\/\/schema.org","@graph":[{"@type":"WebPage","@id":"https:\/\/www.uniselplastik.com.tr\/?product=orjinal-princ-cikisli-priz-kolye","url":"https:\/\/www.uniselplastik.com.tr\/?product=orjinal-princ-cikisli-priz-kolye","name":"Orjinal Prin\u00e7 \u00c7\u0131k\u0131\u015fl\u0131 Priz Kolye - Unisel Plastik Sanayi Tic. Ltd. \u015eti.","isPartOf":{"@id":"https:\/\/www.uniselplastik.com.tr\/#website"},"primaryImageOfPage":{"@id":"https:\/\/www.uniselplastik.com.tr\/?product=orjinal-princ-cikisli-priz-kolye#primaryimage"},"image":{"@id":"https:\/\/www.uniselplastik.com.tr\/?product=orjinal-princ-cikisli-priz-kolye#primaryimage"},"thumbnailUrl":"https:\/\/www.uniselplastik.com.tr\/wp-content\/uploads\/2019\/01\/C333-ORJINAL-PRINC-CIKISLI-PRIZ-KOLYE.jpg","datePublished":"2022-06-15T09:01:09+00:00","dateModified":"2022-11-24T14:07:15+00:00","description":"Unisel Plastik Sanayi Tic. Ltd. \u015eti. - Orjinal Prin\u00e7 \u00c7\u0131k\u0131\u015fl\u0131 Priz Kolye","breadcrumb":{"@id":"https:\/\/www.uniselplastik.com.tr\/?product=orjinal-princ-cikisli-priz-kolye#breadcrumb"},"inLanguage":"tr","potentialAction":[{"@type":"ReadAction","target":["https:\/\/www.uniselplastik.com.tr\/?product=orjinal-princ-cikisli-priz-kolye"]}]},{"@type":"ImageObject","inLanguage":"tr","@id":"https:\/\/www.uniselplastik.com.tr\/?product=orjinal-princ-cikisli-priz-kolye#primaryimage","url":"https:\/\/www.uniselplastik.com.tr\/wp-content\/uploads\/2019\/01\/C333-ORJINAL-PRINC-CIKISLI-PRIZ-KOLYE.jpg","contentUrl":"https:\/\/www.uniselplastik.com.tr\/wp-content\/uploads\/2019\/01\/C333-ORJINAL-PRINC-CIKISLI-PRIZ-KOLYE.jpg","width":1200,"height":800},{"@type":"BreadcrumbList","@id":"https:\/\/www.uniselplastik.com.tr\/?product=orjinal-princ-cikisli-priz-kolye#breadcrumb","itemListElement":[{"@type":"ListItem","position":1,"name":"Home","item":"https:\/\/www.uniselplastik.com.tr\/"},{"@type":"ListItem","position":2,"name":"Ma\u011faza","item":"https:\/\/www.uniselplastik.com.tr\/?page_id=1824"},{"@type":"ListItem","position":3,"name":"Orjinal Prin\u00e7 \u00c7\u0131k\u0131\u015fl\u0131 Priz Kolye"}]},{"@type":"WebSite","@id":"https:\/\/www.uniselplastik.com.tr\/#website","url":"https:\/\/www.uniselplastik.com.tr\/","name":"Unisel Plastik Sanayi Tic. Ltd. \u015eti.","description":"Plastik Sulama","publisher":{"@id":"https:\/\/www.uniselplastik.com.tr\/#organization"},"potentialAction":[{"@type":"SearchAction","target":{"@type":"EntryPoint","urlTemplate":"https:\/\/www.uniselplastik.com.tr\/?s={search_term_string}"},"query-input":{"@type":"PropertyValueSpecification","valueRequired":true,"valueName":"search_term_string"}}],"inLanguage":"tr"},{"@type":"Organization","@id":"https:\/\/www.uniselplastik.com.tr\/#organization","name":"unisel plastik sanayi","url":"https:\/\/www.uniselplastik.com.tr\/","logo":{"@type":"ImageObject","inLanguage":"tr","@id":"https:\/\/www.uniselplastik.com.tr\/#\/schema\/logo\/image\/","url":"https:\/\/www.uniselplastik.com.tr\/wp-content\/uploads\/2022\/10\/logo-mavi-e1670404165625.png","contentUrl":"https:\/\/www.uniselplastik.com.tr\/wp-content\/uploads\/2022\/10\/logo-mavi-e1670404165625.png","width":300,"height":100,"caption":"unisel plastik sanayi"},"image":{"@id":"https:\/\/www.uniselplastik.com.tr\/#\/schema\/logo\/image\/"},"sameAs":["https:\/\/tr-tr.facebook.com\/people\/Unisel-Plastik-Market\/100085855740352\/"]}]}},"_links":{"self":[{"href":"https:\/\/www.uniselplastik.com.tr\/index.php?rest_route=\/wp\/v2\/product\/1438","targetHints":{"allow":["GET"]}}],"collection":[{"href":"https:\/\/www.uniselplastik.com.tr\/index.php?rest_route=\/wp\/v2\/product"}],"about":[{"href":"https:\/\/www.uniselplastik.com.tr\/index.php?rest_route=\/wp\/v2\/types\/product"}],"replies":[{"embeddable":true,"href":"https:\/\/www.uniselplastik.com.tr\/index.php?rest_route=%2Fwp%2Fv2%2Fcomments&post=1438"}],"version-history":[{"count":0,"href":"https:\/\/www.uniselplastik.com.tr\/index.php?rest_route=\/wp\/v2\/product\/1438\/revisions"}],"wp:featuredmedia":[{"embeddable":true,"href":"https:\/\/www.uniselplastik.com.tr\/index.php?rest_route=\/wp\/v2\/media\/1439"}],"wp:attachment":[{"href":"https:\/\/www.uniselplastik.com.tr\/index.php?rest_route=%2Fwp%2Fv2%2Fmedia&parent=1438"}],"wp:term":[{"taxonomy":"product_brand","embeddable":true,"href":"https:\/\/www.uniselplastik.com.tr\/index.php?rest_route=%2Fwp%2Fv2%2Fproduct_brand&post=1438"},{"taxonomy":"product_cat","embeddable":true,"href":"https:\/\/www.uniselplastik.com.tr\/index.php?rest_route=%2Fwp%2Fv2%2Fproduct_cat&post=1438"},{"taxonomy":"product_tag","embeddable":true,"href":"https:\/\/www.uniselplastik.com.tr\/index.php?rest_route=%2Fwp%2Fv2%2Fproduct_tag&post=1438"}],"curies":[{"name":"wp","href":"https:\/\/api.w.org\/{rel}","templated":true}]}}