{"id":1386,"date":"2022-06-15T12:00:55","date_gmt":"2022-06-15T09:00:55","guid":{"rendered":"https:\/\/www.uniselplastik.com.tr\/test\/index.php\/2022\/06\/15\/distan-disli-te-erkek-te\/"},"modified":"2022-11-24T14:48:37","modified_gmt":"2022-11-24T11:48:37","slug":"distan-disli-te-erkek-te","status":"publish","type":"product","link":"https:\/\/www.uniselplastik.com.tr\/?product=distan-disli-te-erkek-te","title":{"rendered":"D\u0131\u015ftan Di\u015fli Te ( Erkek Te)"},"content":{"rendered":"\n<table id=\"tablepress-5\" class=\"tablepress tablepress-id-5\">\n<thead>\n<tr class=\"row-1\">\n\t<th class=\"column-1\">KOD<\/th><th class=\"column-2\">EBAT (mm.)<\/th><th class=\"column-3\">\u00c7UVAL (Ad.)<\/th><th class=\"column-4\">KOL\u0130 (Ad.)<\/th>\n<\/tr>\n<\/thead>\n<tbody class=\"row-striping row-hover\">\n<tr class=\"row-2\">\n\t<td class=\"column-1\">A8550<\/td><td class=\"column-2\">20 x 1\/2\" x 20<\/td><td class=\"column-3\">160<\/td><td class=\"column-4\">200<\/td>\n<\/tr>\n<tr class=\"row-3\">\n\t<td class=\"column-1\">A8551<\/td><td class=\"column-2\">20 x 3\/4\" x 20<\/td><td class=\"column-3\">160<\/td><td class=\"column-4\">200<\/td>\n<\/tr>\n<tr class=\"row-4\">\n\t<td class=\"column-1\">A8552<\/td><td class=\"column-2\">25 x 1\/2\" x 25<\/td><td class=\"column-3\">100<\/td><td class=\"column-4\">125<\/td>\n<\/tr>\n<tr class=\"row-5\">\n\t<td class=\"column-1\">A8553<\/td><td class=\"column-2\">25 x 3\/4\" x 25<\/td><td class=\"column-3\">100<\/td><td class=\"column-4\">125<\/td>\n<\/tr>\n<tr class=\"row-6\">\n\t<td class=\"column-1\">A8554<\/td><td class=\"column-2\">25 x 1\" x 25<\/td><td class=\"column-3\">100<\/td><td class=\"column-4\">125<\/td>\n<\/tr>\n<tr class=\"row-7\">\n\t<td class=\"column-1\">A8555<\/td><td class=\"column-2\">25 x 1\u00bc\" x 25<\/td><td class=\"column-3\">80<\/td><td class=\"column-4\">100<\/td>\n<\/tr>\n<tr class=\"row-8\">\n\t<td class=\"column-1\">A8556<\/td><td class=\"column-2\">32 x 1\/2\" x 32<\/td><td class=\"column-3\">75<\/td><td class=\"column-4\">90<\/td>\n<\/tr>\n<tr class=\"row-9\">\n\t<td class=\"column-1\">A8557<\/td><td class=\"column-2\">32 x 3\/4\" x 32<\/td><td class=\"column-3\">75<\/td><td class=\"column-4\">90<\/td>\n<\/tr>\n<tr class=\"row-10\">\n\t<td class=\"column-1\">A8558<\/td><td class=\"column-2\">32 x 1\" x 32<\/td><td class=\"column-3\">75<\/td><td class=\"column-4\">90<\/td>\n<\/tr>\n<tr class=\"row-11\">\n\t<td class=\"column-1\">A8559<\/td><td class=\"column-2\">32 x 1\u00bc\" x 32<\/td><td class=\"column-3\">60<\/td><td class=\"column-4\">90<\/td>\n<\/tr>\n<tr class=\"row-12\">\n\t<td class=\"column-1\">A8560<\/td><td class=\"column-2\">40 x 1\" x 40<\/td><td class=\"column-3\">35<\/td><td class=\"column-4\">50<\/td>\n<\/tr>\n<tr class=\"row-13\">\n\t<td class=\"column-1\">A8561<\/td><td class=\"column-2\">40 x 1\u00bc\" x 40<\/td><td class=\"column-3\">35<\/td><td class=\"column-4\">50<\/td>\n<\/tr>\n<tr class=\"row-14\">\n\t<td class=\"column-1\">A8562<\/td><td class=\"column-2\">40 x 1\u00bd\" x 40<\/td><td class=\"column-3\">35<\/td><td class=\"column-4\">45<\/td>\n<\/tr>\n<tr class=\"row-15\">\n\t<td class=\"column-1\">A8563<\/td><td class=\"column-2\">50 x 1\" x 50<\/td><td class=\"column-3\">25<\/td><td class=\"column-4\">40<\/td>\n<\/tr>\n<tr class=\"row-16\">\n\t<td class=\"column-1\">A8564<\/td><td class=\"column-2\">50 x 1\u00bc\" x 50<\/td><td class=\"column-3\">25<\/td><td class=\"column-4\">40<\/td>\n<\/tr>\n<tr class=\"row-17\">\n\t<td class=\"column-1\">A8565<\/td><td class=\"column-2\">50 x 1\u00bd\"  x 50<\/td><td class=\"column-3\">25<\/td><td class=\"column-4\">40<\/td>\n<\/tr>\n<tr class=\"row-18\">\n\t<td class=\"column-1\">A8566<\/td><td class=\"column-2\">50 x 2\" x 50<\/td><td class=\"column-3\">25<\/td><td class=\"column-4\">35<\/td>\n<\/tr>\n<tr class=\"row-19\">\n\t<td class=\"column-1\">A8567<\/td><td class=\"column-2\">63 x 1\u00bc\" x 63<\/td><td class=\"column-3\">16<\/td><td class=\"column-4\">23<\/td>\n<\/tr>\n<tr class=\"row-20\">\n\t<td class=\"column-1\">A8568<\/td><td class=\"column-2\">63 x 1\u00bd\" x 63<\/td><td class=\"column-3\">16<\/td><td class=\"column-4\">23<\/td>\n<\/tr>\n<tr class=\"row-21\">\n\t<td class=\"column-1\">A8569<\/td><td class=\"column-2\">63 x 2\" x 63<\/td><td class=\"column-3\">16<\/td><td class=\"column-4\">20<\/td>\n<\/tr>\n<tr class=\"row-22\">\n\t<td class=\"column-1\">A8570<\/td><td class=\"column-2\">63 x 2\u00bd\" x 63<\/td><td class=\"column-3\">14<\/td><td class=\"column-4\">18<\/td>\n<\/tr>\n<tr class=\"row-23\">\n\t<td class=\"column-1\">A8571<\/td><td class=\"column-2\">75 x 2\" x 75<\/td><td class=\"column-3\">12<\/td><td class=\"column-4\">16<\/td>\n<\/tr>\n<tr class=\"row-24\">\n\t<td class=\"column-1\">A8572<\/td><td class=\"column-2\">75 x 2\u00bd\" x 75<\/td><td class=\"column-3\">12<\/td><td class=\"column-4\">16<\/td>\n<\/tr>\n<tr class=\"row-25\">\n\t<td class=\"column-1\">A8573<\/td><td class=\"column-2\">75 x 3\" x 75<\/td><td class=\"column-3\">10<\/td><td class=\"column-4\">16<\/td>\n<\/tr>\n<tr class=\"row-26\">\n\t<td class=\"column-1\">A8574-1<\/td><td class=\"column-2\">90 x 2\" x 90<\/td><td class=\"column-3\">6<\/td><td class=\"column-4\">8<\/td>\n<\/tr>\n<tr class=\"row-27\">\n\t<td class=\"column-1\">A8574<\/td><td class=\"column-2\">90 x 2\u00bd\" x 90<\/td><td class=\"column-3\">6<\/td><td class=\"column-4\">8<\/td>\n<\/tr>\n<tr class=\"row-28\">\n\t<td class=\"column-1\">A8575<\/td><td class=\"column-2\">90 x 3\" x 90<\/td><td class=\"column-3\">6<\/td><td class=\"column-4\">8<\/td>\n<\/tr>\n<tr class=\"row-29\">\n\t<td class=\"column-1\">A8576<\/td><td class=\"column-2\">90 x 4\" x 90<\/td><td class=\"column-3\">5<\/td><td class=\"column-4\">8<\/td>\n<\/tr>\n<tr class=\"row-30\">\n\t<td class=\"column-1\">A8577<\/td><td class=\"column-2\">110 x 3\" x 110<\/td><td class=\"column-3\">3<\/td><td class=\"column-4\">5<\/td>\n<\/tr>\n<tr class=\"row-31\">\n\t<td class=\"column-1\">A8578<\/td><td class=\"column-2\">110  x 4\" x 110<\/td><td class=\"column-3\">3<\/td><td class=\"column-4\">5<\/td>\n<\/tr>\n<tr class=\"row-32\">\n\t<td class=\"column-1\">A8579<\/td><td class=\"column-2\">125 x 5\" x 125<\/td><td class=\"column-3\">1<\/td><td class=\"column-4\">1<\/td>\n<\/tr>\n<\/tbody>\n<\/table>\n\n","protected":false},"excerpt":{"rendered":"","protected":false},"featured_media":2512,"comment_status":"open","ping_status":"closed","template":"","meta":{"_acf_changed":false,"inline_featured_image":false,"_joinchat":[]},"product_brand":[],"product_cat":[74],"product_tag":[],"class_list":{"0":"post-1386","1":"product","2":"type-product","3":"status-publish","4":"has-post-thumbnail","6":"product_cat-pp-kaplin-ek-parcalari","8":"first","9":"instock","10":"shipping-taxable","11":"product-type-simple"},"acf":[],"yoast_head":"<!-- This site is optimized with the Yoast SEO Premium plugin v24.7 (Yoast SEO v25.0) - https:\/\/yoast.com\/wordpress\/plugins\/seo\/ -->\n<title>D\u0131\u015ftan Di\u015fli Te ( Erkek Te) - Unisel Plastik Sanayi Tic. Ltd. \u015eti.<\/title>\n<meta name=\"description\" content=\"Unisel Plastik Sanayi Tic. Ltd. \u015eti. - D\u0131\u015ftan Di\u015fli Te ( Erkek Te)\" \/>\n<meta name=\"robots\" content=\"index, follow, max-snippet:-1, max-image-preview:large, max-video-preview:-1\" \/>\n<link rel=\"canonical\" href=\"https:\/\/www.uniselplastik.com.tr\/?product=distan-disli-te-erkek-te\" \/>\n<meta property=\"og:locale\" content=\"tr_TR\" \/>\n<meta property=\"og:type\" content=\"article\" \/>\n<meta property=\"og:title\" content=\"D\u0131\u015ftan Di\u015fli Te ( Erkek Te)\" \/>\n<meta property=\"og:description\" content=\"Unisel Plastik Sanayi Tic. Ltd. \u015eti. - D\u0131\u015ftan Di\u015fli Te ( Erkek Te)\" \/>\n<meta property=\"og:url\" content=\"https:\/\/www.uniselplastik.com.tr\/?product=distan-disli-te-erkek-te\" \/>\n<meta property=\"og:site_name\" content=\"Unisel Plastik Sanayi Tic. Ltd. \u015eti.\" \/>\n<meta property=\"article:publisher\" content=\"https:\/\/tr-tr.facebook.com\/people\/Unisel-Plastik-Market\/100085855740352\/\" \/>\n<meta property=\"article:modified_time\" content=\"2022-11-24T11:48:37+00:00\" \/>\n<meta property=\"og:image\" content=\"https:\/\/www.uniselplastik.com.tr\/wp-content\/uploads\/2022\/06\/erkek-te.jpg\" \/>\n\t<meta property=\"og:image:width\" content=\"1200\" \/>\n\t<meta property=\"og:image:height\" content=\"800\" \/>\n\t<meta property=\"og:image:type\" content=\"image\/jpeg\" \/>\n<meta name=\"twitter:card\" content=\"summary_large_image\" \/>\n<script type=\"application\/ld+json\" class=\"yoast-schema-graph\">{\"@context\":\"https:\/\/schema.org\",\"@graph\":[{\"@type\":\"WebPage\",\"@id\":\"https:\/\/www.uniselplastik.com.tr\/?product=distan-disli-te-erkek-te\",\"url\":\"https:\/\/www.uniselplastik.com.tr\/?product=distan-disli-te-erkek-te\",\"name\":\"D\u0131\u015ftan Di\u015fli Te ( Erkek Te) - Unisel Plastik Sanayi Tic. Ltd. \u015eti.\",\"isPartOf\":{\"@id\":\"https:\/\/www.uniselplastik.com.tr\/#website\"},\"primaryImageOfPage\":{\"@id\":\"https:\/\/www.uniselplastik.com.tr\/?product=distan-disli-te-erkek-te#primaryimage\"},\"image\":{\"@id\":\"https:\/\/www.uniselplastik.com.tr\/?product=distan-disli-te-erkek-te#primaryimage\"},\"thumbnailUrl\":\"https:\/\/www.uniselplastik.com.tr\/wp-content\/uploads\/2022\/06\/erkek-te.jpg\",\"datePublished\":\"2022-06-15T09:00:55+00:00\",\"dateModified\":\"2022-11-24T11:48:37+00:00\",\"description\":\"Unisel Plastik Sanayi Tic. Ltd. \u015eti. - D\u0131\u015ftan Di\u015fli Te ( Erkek Te)\",\"breadcrumb\":{\"@id\":\"https:\/\/www.uniselplastik.com.tr\/?product=distan-disli-te-erkek-te#breadcrumb\"},\"inLanguage\":\"tr\",\"potentialAction\":[{\"@type\":\"ReadAction\",\"target\":[\"https:\/\/www.uniselplastik.com.tr\/?product=distan-disli-te-erkek-te\"]}]},{\"@type\":\"ImageObject\",\"inLanguage\":\"tr\",\"@id\":\"https:\/\/www.uniselplastik.com.tr\/?product=distan-disli-te-erkek-te#primaryimage\",\"url\":\"https:\/\/www.uniselplastik.com.tr\/wp-content\/uploads\/2022\/06\/erkek-te.jpg\",\"contentUrl\":\"https:\/\/www.uniselplastik.com.tr\/wp-content\/uploads\/2022\/06\/erkek-te.jpg\",\"width\":1200,\"height\":800},{\"@type\":\"BreadcrumbList\",\"@id\":\"https:\/\/www.uniselplastik.com.tr\/?product=distan-disli-te-erkek-te#breadcrumb\",\"itemListElement\":[{\"@type\":\"ListItem\",\"position\":1,\"name\":\"Home\",\"item\":\"https:\/\/www.uniselplastik.com.tr\/\"},{\"@type\":\"ListItem\",\"position\":2,\"name\":\"Ma\u011faza\",\"item\":\"https:\/\/www.uniselplastik.com.tr\/?page_id=1824\"},{\"@type\":\"ListItem\",\"position\":3,\"name\":\"D\u0131\u015ftan Di\u015fli Te ( Erkek Te)\"}]},{\"@type\":\"WebSite\",\"@id\":\"https:\/\/www.uniselplastik.com.tr\/#website\",\"url\":\"https:\/\/www.uniselplastik.com.tr\/\",\"name\":\"Unisel Plastik Sanayi Tic. Ltd. \u015eti.\",\"description\":\"Plastik Sulama\",\"publisher\":{\"@id\":\"https:\/\/www.uniselplastik.com.tr\/#organization\"},\"potentialAction\":[{\"@type\":\"SearchAction\",\"target\":{\"@type\":\"EntryPoint\",\"urlTemplate\":\"https:\/\/www.uniselplastik.com.tr\/?s={search_term_string}\"},\"query-input\":{\"@type\":\"PropertyValueSpecification\",\"valueRequired\":true,\"valueName\":\"search_term_string\"}}],\"inLanguage\":\"tr\"},{\"@type\":\"Organization\",\"@id\":\"https:\/\/www.uniselplastik.com.tr\/#organization\",\"name\":\"unisel plastik sanayi\",\"url\":\"https:\/\/www.uniselplastik.com.tr\/\",\"logo\":{\"@type\":\"ImageObject\",\"inLanguage\":\"tr\",\"@id\":\"https:\/\/www.uniselplastik.com.tr\/#\/schema\/logo\/image\/\",\"url\":\"https:\/\/www.uniselplastik.com.tr\/wp-content\/uploads\/2022\/10\/logo-mavi-e1670404165625.png\",\"contentUrl\":\"https:\/\/www.uniselplastik.com.tr\/wp-content\/uploads\/2022\/10\/logo-mavi-e1670404165625.png\",\"width\":300,\"height\":100,\"caption\":\"unisel plastik sanayi\"},\"image\":{\"@id\":\"https:\/\/www.uniselplastik.com.tr\/#\/schema\/logo\/image\/\"},\"sameAs\":[\"https:\/\/tr-tr.facebook.com\/people\/Unisel-Plastik-Market\/100085855740352\/\"]}]}<\/script>\n<!-- \/ Yoast SEO Premium plugin. -->","yoast_head_json":{"title":"D\u0131\u015ftan Di\u015fli Te ( Erkek Te) - Unisel Plastik Sanayi Tic. Ltd. \u015eti.","description":"Unisel Plastik Sanayi Tic. Ltd. \u015eti. - D\u0131\u015ftan Di\u015fli Te ( Erkek Te)","robots":{"index":"index","follow":"follow","max-snippet":"max-snippet:-1","max-image-preview":"max-image-preview:large","max-video-preview":"max-video-preview:-1"},"canonical":"https:\/\/www.uniselplastik.com.tr\/?product=distan-disli-te-erkek-te","og_locale":"tr_TR","og_type":"article","og_title":"D\u0131\u015ftan Di\u015fli Te ( Erkek Te)","og_description":"Unisel Plastik Sanayi Tic. Ltd. \u015eti. - D\u0131\u015ftan Di\u015fli Te ( Erkek Te)","og_url":"https:\/\/www.uniselplastik.com.tr\/?product=distan-disli-te-erkek-te","og_site_name":"Unisel Plastik Sanayi Tic. Ltd. \u015eti.","article_publisher":"https:\/\/tr-tr.facebook.com\/people\/Unisel-Plastik-Market\/100085855740352\/","article_modified_time":"2022-11-24T11:48:37+00:00","og_image":[{"width":1200,"height":800,"url":"https:\/\/www.uniselplastik.com.tr\/wp-content\/uploads\/2022\/06\/erkek-te.jpg","type":"image\/jpeg"}],"twitter_card":"summary_large_image","schema":{"@context":"https:\/\/schema.org","@graph":[{"@type":"WebPage","@id":"https:\/\/www.uniselplastik.com.tr\/?product=distan-disli-te-erkek-te","url":"https:\/\/www.uniselplastik.com.tr\/?product=distan-disli-te-erkek-te","name":"D\u0131\u015ftan Di\u015fli Te ( Erkek Te) - Unisel Plastik Sanayi Tic. Ltd. \u015eti.","isPartOf":{"@id":"https:\/\/www.uniselplastik.com.tr\/#website"},"primaryImageOfPage":{"@id":"https:\/\/www.uniselplastik.com.tr\/?product=distan-disli-te-erkek-te#primaryimage"},"image":{"@id":"https:\/\/www.uniselplastik.com.tr\/?product=distan-disli-te-erkek-te#primaryimage"},"thumbnailUrl":"https:\/\/www.uniselplastik.com.tr\/wp-content\/uploads\/2022\/06\/erkek-te.jpg","datePublished":"2022-06-15T09:00:55+00:00","dateModified":"2022-11-24T11:48:37+00:00","description":"Unisel Plastik Sanayi Tic. Ltd. \u015eti. - D\u0131\u015ftan Di\u015fli Te ( Erkek Te)","breadcrumb":{"@id":"https:\/\/www.uniselplastik.com.tr\/?product=distan-disli-te-erkek-te#breadcrumb"},"inLanguage":"tr","potentialAction":[{"@type":"ReadAction","target":["https:\/\/www.uniselplastik.com.tr\/?product=distan-disli-te-erkek-te"]}]},{"@type":"ImageObject","inLanguage":"tr","@id":"https:\/\/www.uniselplastik.com.tr\/?product=distan-disli-te-erkek-te#primaryimage","url":"https:\/\/www.uniselplastik.com.tr\/wp-content\/uploads\/2022\/06\/erkek-te.jpg","contentUrl":"https:\/\/www.uniselplastik.com.tr\/wp-content\/uploads\/2022\/06\/erkek-te.jpg","width":1200,"height":800},{"@type":"BreadcrumbList","@id":"https:\/\/www.uniselplastik.com.tr\/?product=distan-disli-te-erkek-te#breadcrumb","itemListElement":[{"@type":"ListItem","position":1,"name":"Home","item":"https:\/\/www.uniselplastik.com.tr\/"},{"@type":"ListItem","position":2,"name":"Ma\u011faza","item":"https:\/\/www.uniselplastik.com.tr\/?page_id=1824"},{"@type":"ListItem","position":3,"name":"D\u0131\u015ftan Di\u015fli Te ( Erkek Te)"}]},{"@type":"WebSite","@id":"https:\/\/www.uniselplastik.com.tr\/#website","url":"https:\/\/www.uniselplastik.com.tr\/","name":"Unisel Plastik Sanayi Tic. Ltd. \u015eti.","description":"Plastik Sulama","publisher":{"@id":"https:\/\/www.uniselplastik.com.tr\/#organization"},"potentialAction":[{"@type":"SearchAction","target":{"@type":"EntryPoint","urlTemplate":"https:\/\/www.uniselplastik.com.tr\/?s={search_term_string}"},"query-input":{"@type":"PropertyValueSpecification","valueRequired":true,"valueName":"search_term_string"}}],"inLanguage":"tr"},{"@type":"Organization","@id":"https:\/\/www.uniselplastik.com.tr\/#organization","name":"unisel plastik sanayi","url":"https:\/\/www.uniselplastik.com.tr\/","logo":{"@type":"ImageObject","inLanguage":"tr","@id":"https:\/\/www.uniselplastik.com.tr\/#\/schema\/logo\/image\/","url":"https:\/\/www.uniselplastik.com.tr\/wp-content\/uploads\/2022\/10\/logo-mavi-e1670404165625.png","contentUrl":"https:\/\/www.uniselplastik.com.tr\/wp-content\/uploads\/2022\/10\/logo-mavi-e1670404165625.png","width":300,"height":100,"caption":"unisel plastik sanayi"},"image":{"@id":"https:\/\/www.uniselplastik.com.tr\/#\/schema\/logo\/image\/"},"sameAs":["https:\/\/tr-tr.facebook.com\/people\/Unisel-Plastik-Market\/100085855740352\/"]}]}},"_links":{"self":[{"href":"https:\/\/www.uniselplastik.com.tr\/index.php?rest_route=\/wp\/v2\/product\/1386","targetHints":{"allow":["GET"]}}],"collection":[{"href":"https:\/\/www.uniselplastik.com.tr\/index.php?rest_route=\/wp\/v2\/product"}],"about":[{"href":"https:\/\/www.uniselplastik.com.tr\/index.php?rest_route=\/wp\/v2\/types\/product"}],"replies":[{"embeddable":true,"href":"https:\/\/www.uniselplastik.com.tr\/index.php?rest_route=%2Fwp%2Fv2%2Fcomments&post=1386"}],"version-history":[{"count":0,"href":"https:\/\/www.uniselplastik.com.tr\/index.php?rest_route=\/wp\/v2\/product\/1386\/revisions"}],"wp:featuredmedia":[{"embeddable":true,"href":"https:\/\/www.uniselplastik.com.tr\/index.php?rest_route=\/wp\/v2\/media\/2512"}],"wp:attachment":[{"href":"https:\/\/www.uniselplastik.com.tr\/index.php?rest_route=%2Fwp%2Fv2%2Fmedia&parent=1386"}],"wp:term":[{"taxonomy":"product_brand","embeddable":true,"href":"https:\/\/www.uniselplastik.com.tr\/index.php?rest_route=%2Fwp%2Fv2%2Fproduct_brand&post=1386"},{"taxonomy":"product_cat","embeddable":true,"href":"https:\/\/www.uniselplastik.com.tr\/index.php?rest_route=%2Fwp%2Fv2%2Fproduct_cat&post=1386"},{"taxonomy":"product_tag","embeddable":true,"href":"https:\/\/www.uniselplastik.com.tr\/index.php?rest_route=%2Fwp%2Fv2%2Fproduct_tag&post=1386"}],"curies":[{"name":"wp","href":"https:\/\/api.w.org\/{rel}","templated":true}]}}