{"id":1363,"date":"2022-06-15T12:00:51","date_gmt":"2022-06-15T09:00:51","guid":{"rendered":"https:\/\/www.uniselplastik.com.tr\/test\/index.php\/2022\/06\/15\/icten-disli-adaptor\/"},"modified":"2022-11-24T13:51:42","modified_gmt":"2022-11-24T10:51:42","slug":"icten-disli-adaptor","status":"publish","type":"product","link":"https:\/\/www.uniselplastik.com.tr\/?product=icten-disli-adaptor","title":{"rendered":"\u0130\u00e7ten Di\u015fli Adapt\u00f6r"},"content":{"rendered":"\n<table id=\"tablepress-2\" class=\"tablepress tablepress-id-2\">\n<thead>\n<tr class=\"row-1\">\n\t<th class=\"column-1\">KOD<\/th><th class=\"column-2\">EBAT (mm.) <\/th><th class=\"column-3\">\u00c7UVAL (Ad.)<\/th><th class=\"column-4\">KOL\u0130 (Ad.)<\/th>\n<\/tr>\n<\/thead>\n<tbody class=\"row-striping row-hover\">\n<tr class=\"row-2\">\n\t<td class=\"column-1\">A8001<\/td><td class=\"column-2\">20 x 1\/2\"<\/td><td class=\"column-3\">500<\/td><td class=\"column-4\">600<\/td>\n<\/tr>\n<tr class=\"row-3\">\n\t<td class=\"column-1\">A8002<\/td><td class=\"column-2\">20 x 3\/4\"<\/td><td class=\"column-3\">360<\/td><td class=\"column-4\">450<\/td>\n<\/tr>\n<tr class=\"row-4\">\n\t<td class=\"column-1\">A8003<\/td><td class=\"column-2\">25 x 1\/2\"<\/td><td class=\"column-3\">240<\/td><td class=\"column-4\">300<\/td>\n<\/tr>\n<tr class=\"row-5\">\n\t<td class=\"column-1\">A8004<\/td><td class=\"column-2\">25 x 3\/4\"<\/td><td class=\"column-3\">300<\/td><td class=\"column-4\">360<\/td>\n<\/tr>\n<tr class=\"row-6\">\n\t<td class=\"column-1\">A8005<\/td><td class=\"column-2\">25 x 1\"<\/td><td class=\"column-3\">200<\/td><td class=\"column-4\">250<\/td>\n<\/tr>\n<tr class=\"row-7\">\n\t<td class=\"column-1\">A8006<\/td><td class=\"column-2\">32 x 1\/2\"<\/td><td class=\"column-3\">160<\/td><td class=\"column-4\">200<\/td>\n<\/tr>\n<tr class=\"row-8\">\n\t<td class=\"column-1\">A8007<\/td><td class=\"column-2\">32 x 3\/4\"<\/td><td class=\"column-3\">160<\/td><td class=\"column-4\">200<\/td>\n<\/tr>\n<tr class=\"row-9\">\n\t<td class=\"column-1\">A8008<\/td><td class=\"column-2\">32 x 1\"<\/td><td class=\"column-3\">200<\/td><td class=\"column-4\">240<\/td>\n<\/tr>\n<tr class=\"row-10\">\n\t<td class=\"column-1\">A8009<\/td><td class=\"column-2\">32 x 1\u00bc<\/td><td class=\"column-3\">140<\/td><td class=\"column-4\">175<\/td>\n<\/tr>\n<tr class=\"row-11\">\n\t<td class=\"column-1\">A8010-1<\/td><td class=\"column-2\">40 x 3\/4\"<\/td><td class=\"column-3\">100<\/td><td class=\"column-4\">120<\/td>\n<\/tr>\n<tr class=\"row-12\">\n\t<td class=\"column-1\">A8010<\/td><td class=\"column-2\">40 x 1\"<\/td><td class=\"column-3\">100<\/td><td class=\"column-4\">120<\/td>\n<\/tr>\n<tr class=\"row-13\">\n\t<td class=\"column-1\">A8011<\/td><td class=\"column-2\">40 x 1\u00bc<\/td><td class=\"column-3\">100<\/td><td class=\"column-4\">140<\/td>\n<\/tr>\n<tr class=\"row-14\">\n\t<td class=\"column-1\">A8012<\/td><td class=\"column-2\">40 x 1\u00bd''<\/td><td class=\"column-3\">90<\/td><td class=\"column-4\">110<\/td>\n<\/tr>\n<tr class=\"row-15\">\n\t<td class=\"column-1\">A8013<\/td><td class=\"column-2\">50 x 1\u00bc<\/td><td class=\"column-3\">60<\/td><td class=\"column-4\">80<\/td>\n<\/tr>\n<tr class=\"row-16\">\n\t<td class=\"column-1\">A8014<\/td><td class=\"column-2\">50 x 1\u00bd<\/td><td class=\"column-3\">60<\/td><td class=\"column-4\">80<\/td>\n<\/tr>\n<tr class=\"row-17\">\n\t<td class=\"column-1\">A8015<\/td><td class=\"column-2\">50 x 2\"<\/td><td class=\"column-3\">55<\/td><td class=\"column-4\">70<\/td>\n<\/tr>\n<tr class=\"row-18\">\n\t<td class=\"column-1\">A8016<\/td><td class=\"column-2\">63 x 1\u00bd<\/td><td class=\"column-3\">40<\/td><td class=\"column-4\">60<\/td>\n<\/tr>\n<tr class=\"row-19\">\n\t<td class=\"column-1\">A8017<\/td><td class=\"column-2\">63 x 2\"<\/td><td class=\"column-3\">40<\/td><td class=\"column-4\">50<\/td>\n<\/tr>\n<tr class=\"row-20\">\n\t<td class=\"column-1\">A8018<\/td><td class=\"column-2\">63 x 2\u00bd''<\/td><td class=\"column-3\">35<\/td><td class=\"column-4\">50<\/td>\n<\/tr>\n<tr class=\"row-21\">\n\t<td class=\"column-1\">A8019<\/td><td class=\"column-2\">75 x 2\"<\/td><td class=\"column-3\">26<\/td><td class=\"column-4\">40<\/td>\n<\/tr>\n<tr class=\"row-22\">\n\t<td class=\"column-1\">A8020<\/td><td class=\"column-2\">75 x 2\u00bd''<\/td><td class=\"column-3\">26<\/td><td class=\"column-4\">40<\/td>\n<\/tr>\n<tr class=\"row-23\">\n\t<td class=\"column-1\">A8021<\/td><td class=\"column-2\">75 x 3\"<\/td><td class=\"column-3\">23<\/td><td class=\"column-4\">30<\/td>\n<\/tr>\n<tr class=\"row-24\">\n\t<td class=\"column-1\">A8022<\/td><td class=\"column-2\">90 x 2\"<\/td><td class=\"column-3\">16<\/td><td class=\"column-4\">24<\/td>\n<\/tr>\n<tr class=\"row-25\">\n\t<td class=\"column-1\">A8023<\/td><td class=\"column-2\">90 x 2\u00bd<\/td><td class=\"column-3\">16<\/td><td class=\"column-4\">24<\/td>\n<\/tr>\n<tr class=\"row-26\">\n\t<td class=\"column-1\">A8024<\/td><td class=\"column-2\">90 x 3\"<\/td><td class=\"column-3\">16<\/td><td class=\"column-4\">24<\/td>\n<\/tr>\n<tr class=\"row-27\">\n\t<td class=\"column-1\">A8025<\/td><td class=\"column-2\">90 x 4\"<\/td><td class=\"column-3\">15<\/td><td class=\"column-4\">20<\/td>\n<\/tr>\n<tr class=\"row-28\">\n\t<td class=\"column-1\">A8026<\/td><td class=\"column-2\">110 x 2\"<\/td><td class=\"column-3\">8<\/td><td class=\"column-4\">12<\/td>\n<\/tr>\n<tr class=\"row-29\">\n\t<td class=\"column-1\">A8027<\/td><td class=\"column-2\">110 x 2\u00bd''<\/td><td class=\"column-3\">8<\/td><td class=\"column-4\">12<\/td>\n<\/tr>\n<tr class=\"row-30\">\n\t<td class=\"column-1\">A8028<\/td><td class=\"column-2\">110 x 3\"<\/td><td class=\"column-3\">8<\/td><td class=\"column-4\">12<\/td>\n<\/tr>\n<tr class=\"row-31\">\n\t<td class=\"column-1\">A8029<\/td><td class=\"column-2\">110 x 4\"<\/td><td class=\"column-3\">8<\/td><td class=\"column-4\">12<\/td>\n<\/tr>\n<tr class=\"row-32\">\n\t<td class=\"column-1\">A8030<\/td><td class=\"column-2\">125 x 5\"<\/td><td class=\"column-3\">1<\/td><td class=\"column-4\">1<\/td>\n<\/tr>\n<\/tbody>\n<\/table>\n\n","protected":false},"excerpt":{"rendered":"<p>kablin adapt\u00f6r<\/p>\n<p>63 l\u00fck i\u00e7ten di\u015fli adapt\u00f6r, 32 lik i\u00e7ten di\u015fli adapt\u00f6r, 40 l\u0131k i\u00e7ten di\u015fli adapt\u00f6r<\/p>\n","protected":false},"featured_media":1367,"comment_status":"open","ping_status":"closed","template":"","meta":{"_acf_changed":false,"inline_featured_image":false,"_joinchat":[]},"product_brand":[],"product_cat":[74],"product_tag":[],"class_list":{"0":"post-1363","1":"product","2":"type-product","3":"status-publish","4":"has-post-thumbnail","6":"product_cat-pp-kaplin-ek-parcalari","8":"first","9":"instock","10":"shipping-taxable","11":"product-type-simple"},"acf":[],"yoast_head":"<!-- This site is optimized with the Yoast SEO Premium plugin v24.7 (Yoast SEO v25.0) - https:\/\/yoast.com\/wordpress\/plugins\/seo\/ -->\n<title>\u0130\u00e7ten Di\u015fli Adapt\u00f6r - Unisel Plastik Sanayi Tic. Ltd. \u015eti.<\/title>\n<meta name=\"description\" content=\"Unisel Plastik Sanayi Tic. Ltd. \u015eti. - \u0130\u00e7ten Di\u015fli Adapt\u00f6r\" \/>\n<meta name=\"robots\" content=\"index, follow, max-snippet:-1, max-image-preview:large, max-video-preview:-1\" \/>\n<link rel=\"canonical\" href=\"https:\/\/www.uniselplastik.com.tr\/?product=icten-disli-adaptor\" \/>\n<meta property=\"og:locale\" content=\"tr_TR\" \/>\n<meta property=\"og:type\" content=\"article\" \/>\n<meta property=\"og:title\" content=\"\u0130\u00e7ten Di\u015fli Adapt\u00f6r\" \/>\n<meta property=\"og:description\" content=\"Unisel Plastik Sanayi Tic. Ltd. \u015eti. - \u0130\u00e7ten Di\u015fli Adapt\u00f6r\" \/>\n<meta property=\"og:url\" content=\"https:\/\/www.uniselplastik.com.tr\/?product=icten-disli-adaptor\" \/>\n<meta property=\"og:site_name\" content=\"Unisel Plastik Sanayi Tic. Ltd. \u015eti.\" \/>\n<meta property=\"article:publisher\" content=\"https:\/\/tr-tr.facebook.com\/people\/Unisel-Plastik-Market\/100085855740352\/\" \/>\n<meta property=\"article:modified_time\" content=\"2022-11-24T10:51:42+00:00\" \/>\n<meta property=\"og:image\" content=\"https:\/\/www.uniselplastik.com.tr\/wp-content\/uploads\/2019\/01\/A8001-ICTEN-DISLI-ADAPTOR.jpg\" \/>\n\t<meta property=\"og:image:width\" content=\"1200\" \/>\n\t<meta property=\"og:image:height\" content=\"800\" \/>\n\t<meta property=\"og:image:type\" content=\"image\/jpeg\" \/>\n<meta name=\"twitter:card\" content=\"summary_large_image\" \/>\n<script type=\"application\/ld+json\" class=\"yoast-schema-graph\">{\"@context\":\"https:\/\/schema.org\",\"@graph\":[{\"@type\":\"WebPage\",\"@id\":\"https:\/\/www.uniselplastik.com.tr\/?product=icten-disli-adaptor\",\"url\":\"https:\/\/www.uniselplastik.com.tr\/?product=icten-disli-adaptor\",\"name\":\"\u0130\u00e7ten Di\u015fli Adapt\u00f6r - Unisel Plastik Sanayi Tic. Ltd. \u015eti.\",\"isPartOf\":{\"@id\":\"https:\/\/www.uniselplastik.com.tr\/#website\"},\"primaryImageOfPage\":{\"@id\":\"https:\/\/www.uniselplastik.com.tr\/?product=icten-disli-adaptor#primaryimage\"},\"image\":{\"@id\":\"https:\/\/www.uniselplastik.com.tr\/?product=icten-disli-adaptor#primaryimage\"},\"thumbnailUrl\":\"https:\/\/www.uniselplastik.com.tr\/wp-content\/uploads\/2019\/01\/A8001-ICTEN-DISLI-ADAPTOR.jpg\",\"datePublished\":\"2022-06-15T09:00:51+00:00\",\"dateModified\":\"2022-11-24T10:51:42+00:00\",\"description\":\"Unisel Plastik Sanayi Tic. Ltd. \u015eti. - \u0130\u00e7ten Di\u015fli Adapt\u00f6r\",\"breadcrumb\":{\"@id\":\"https:\/\/www.uniselplastik.com.tr\/?product=icten-disli-adaptor#breadcrumb\"},\"inLanguage\":\"tr\",\"potentialAction\":[{\"@type\":\"ReadAction\",\"target\":[\"https:\/\/www.uniselplastik.com.tr\/?product=icten-disli-adaptor\"]}]},{\"@type\":\"ImageObject\",\"inLanguage\":\"tr\",\"@id\":\"https:\/\/www.uniselplastik.com.tr\/?product=icten-disli-adaptor#primaryimage\",\"url\":\"https:\/\/www.uniselplastik.com.tr\/wp-content\/uploads\/2019\/01\/A8001-ICTEN-DISLI-ADAPTOR.jpg\",\"contentUrl\":\"https:\/\/www.uniselplastik.com.tr\/wp-content\/uploads\/2019\/01\/A8001-ICTEN-DISLI-ADAPTOR.jpg\",\"width\":1200,\"height\":800},{\"@type\":\"BreadcrumbList\",\"@id\":\"https:\/\/www.uniselplastik.com.tr\/?product=icten-disli-adaptor#breadcrumb\",\"itemListElement\":[{\"@type\":\"ListItem\",\"position\":1,\"name\":\"Home\",\"item\":\"https:\/\/www.uniselplastik.com.tr\/\"},{\"@type\":\"ListItem\",\"position\":2,\"name\":\"Ma\u011faza\",\"item\":\"https:\/\/www.uniselplastik.com.tr\/?page_id=1824\"},{\"@type\":\"ListItem\",\"position\":3,\"name\":\"\u0130\u00e7ten Di\u015fli Adapt\u00f6r\"}]},{\"@type\":\"WebSite\",\"@id\":\"https:\/\/www.uniselplastik.com.tr\/#website\",\"url\":\"https:\/\/www.uniselplastik.com.tr\/\",\"name\":\"Unisel Plastik Sanayi Tic. Ltd. \u015eti.\",\"description\":\"Plastik Sulama\",\"publisher\":{\"@id\":\"https:\/\/www.uniselplastik.com.tr\/#organization\"},\"potentialAction\":[{\"@type\":\"SearchAction\",\"target\":{\"@type\":\"EntryPoint\",\"urlTemplate\":\"https:\/\/www.uniselplastik.com.tr\/?s={search_term_string}\"},\"query-input\":{\"@type\":\"PropertyValueSpecification\",\"valueRequired\":true,\"valueName\":\"search_term_string\"}}],\"inLanguage\":\"tr\"},{\"@type\":\"Organization\",\"@id\":\"https:\/\/www.uniselplastik.com.tr\/#organization\",\"name\":\"unisel plastik sanayi\",\"url\":\"https:\/\/www.uniselplastik.com.tr\/\",\"logo\":{\"@type\":\"ImageObject\",\"inLanguage\":\"tr\",\"@id\":\"https:\/\/www.uniselplastik.com.tr\/#\/schema\/logo\/image\/\",\"url\":\"https:\/\/www.uniselplastik.com.tr\/wp-content\/uploads\/2022\/10\/logo-mavi-e1670404165625.png\",\"contentUrl\":\"https:\/\/www.uniselplastik.com.tr\/wp-content\/uploads\/2022\/10\/logo-mavi-e1670404165625.png\",\"width\":300,\"height\":100,\"caption\":\"unisel plastik sanayi\"},\"image\":{\"@id\":\"https:\/\/www.uniselplastik.com.tr\/#\/schema\/logo\/image\/\"},\"sameAs\":[\"https:\/\/tr-tr.facebook.com\/people\/Unisel-Plastik-Market\/100085855740352\/\"]}]}<\/script>\n<!-- \/ Yoast SEO Premium plugin. -->","yoast_head_json":{"title":"\u0130\u00e7ten Di\u015fli Adapt\u00f6r - Unisel Plastik Sanayi Tic. Ltd. \u015eti.","description":"Unisel Plastik Sanayi Tic. Ltd. \u015eti. - \u0130\u00e7ten Di\u015fli Adapt\u00f6r","robots":{"index":"index","follow":"follow","max-snippet":"max-snippet:-1","max-image-preview":"max-image-preview:large","max-video-preview":"max-video-preview:-1"},"canonical":"https:\/\/www.uniselplastik.com.tr\/?product=icten-disli-adaptor","og_locale":"tr_TR","og_type":"article","og_title":"\u0130\u00e7ten Di\u015fli Adapt\u00f6r","og_description":"Unisel Plastik Sanayi Tic. Ltd. \u015eti. - \u0130\u00e7ten Di\u015fli Adapt\u00f6r","og_url":"https:\/\/www.uniselplastik.com.tr\/?product=icten-disli-adaptor","og_site_name":"Unisel Plastik Sanayi Tic. Ltd. \u015eti.","article_publisher":"https:\/\/tr-tr.facebook.com\/people\/Unisel-Plastik-Market\/100085855740352\/","article_modified_time":"2022-11-24T10:51:42+00:00","og_image":[{"width":1200,"height":800,"url":"https:\/\/www.uniselplastik.com.tr\/wp-content\/uploads\/2019\/01\/A8001-ICTEN-DISLI-ADAPTOR.jpg","type":"image\/jpeg"}],"twitter_card":"summary_large_image","schema":{"@context":"https:\/\/schema.org","@graph":[{"@type":"WebPage","@id":"https:\/\/www.uniselplastik.com.tr\/?product=icten-disli-adaptor","url":"https:\/\/www.uniselplastik.com.tr\/?product=icten-disli-adaptor","name":"\u0130\u00e7ten Di\u015fli Adapt\u00f6r - Unisel Plastik Sanayi Tic. Ltd. \u015eti.","isPartOf":{"@id":"https:\/\/www.uniselplastik.com.tr\/#website"},"primaryImageOfPage":{"@id":"https:\/\/www.uniselplastik.com.tr\/?product=icten-disli-adaptor#primaryimage"},"image":{"@id":"https:\/\/www.uniselplastik.com.tr\/?product=icten-disli-adaptor#primaryimage"},"thumbnailUrl":"https:\/\/www.uniselplastik.com.tr\/wp-content\/uploads\/2019\/01\/A8001-ICTEN-DISLI-ADAPTOR.jpg","datePublished":"2022-06-15T09:00:51+00:00","dateModified":"2022-11-24T10:51:42+00:00","description":"Unisel Plastik Sanayi Tic. Ltd. \u015eti. - \u0130\u00e7ten Di\u015fli Adapt\u00f6r","breadcrumb":{"@id":"https:\/\/www.uniselplastik.com.tr\/?product=icten-disli-adaptor#breadcrumb"},"inLanguage":"tr","potentialAction":[{"@type":"ReadAction","target":["https:\/\/www.uniselplastik.com.tr\/?product=icten-disli-adaptor"]}]},{"@type":"ImageObject","inLanguage":"tr","@id":"https:\/\/www.uniselplastik.com.tr\/?product=icten-disli-adaptor#primaryimage","url":"https:\/\/www.uniselplastik.com.tr\/wp-content\/uploads\/2019\/01\/A8001-ICTEN-DISLI-ADAPTOR.jpg","contentUrl":"https:\/\/www.uniselplastik.com.tr\/wp-content\/uploads\/2019\/01\/A8001-ICTEN-DISLI-ADAPTOR.jpg","width":1200,"height":800},{"@type":"BreadcrumbList","@id":"https:\/\/www.uniselplastik.com.tr\/?product=icten-disli-adaptor#breadcrumb","itemListElement":[{"@type":"ListItem","position":1,"name":"Home","item":"https:\/\/www.uniselplastik.com.tr\/"},{"@type":"ListItem","position":2,"name":"Ma\u011faza","item":"https:\/\/www.uniselplastik.com.tr\/?page_id=1824"},{"@type":"ListItem","position":3,"name":"\u0130\u00e7ten Di\u015fli Adapt\u00f6r"}]},{"@type":"WebSite","@id":"https:\/\/www.uniselplastik.com.tr\/#website","url":"https:\/\/www.uniselplastik.com.tr\/","name":"Unisel Plastik Sanayi Tic. Ltd. \u015eti.","description":"Plastik Sulama","publisher":{"@id":"https:\/\/www.uniselplastik.com.tr\/#organization"},"potentialAction":[{"@type":"SearchAction","target":{"@type":"EntryPoint","urlTemplate":"https:\/\/www.uniselplastik.com.tr\/?s={search_term_string}"},"query-input":{"@type":"PropertyValueSpecification","valueRequired":true,"valueName":"search_term_string"}}],"inLanguage":"tr"},{"@type":"Organization","@id":"https:\/\/www.uniselplastik.com.tr\/#organization","name":"unisel plastik sanayi","url":"https:\/\/www.uniselplastik.com.tr\/","logo":{"@type":"ImageObject","inLanguage":"tr","@id":"https:\/\/www.uniselplastik.com.tr\/#\/schema\/logo\/image\/","url":"https:\/\/www.uniselplastik.com.tr\/wp-content\/uploads\/2022\/10\/logo-mavi-e1670404165625.png","contentUrl":"https:\/\/www.uniselplastik.com.tr\/wp-content\/uploads\/2022\/10\/logo-mavi-e1670404165625.png","width":300,"height":100,"caption":"unisel plastik sanayi"},"image":{"@id":"https:\/\/www.uniselplastik.com.tr\/#\/schema\/logo\/image\/"},"sameAs":["https:\/\/tr-tr.facebook.com\/people\/Unisel-Plastik-Market\/100085855740352\/"]}]}},"_links":{"self":[{"href":"https:\/\/www.uniselplastik.com.tr\/index.php?rest_route=\/wp\/v2\/product\/1363","targetHints":{"allow":["GET"]}}],"collection":[{"href":"https:\/\/www.uniselplastik.com.tr\/index.php?rest_route=\/wp\/v2\/product"}],"about":[{"href":"https:\/\/www.uniselplastik.com.tr\/index.php?rest_route=\/wp\/v2\/types\/product"}],"replies":[{"embeddable":true,"href":"https:\/\/www.uniselplastik.com.tr\/index.php?rest_route=%2Fwp%2Fv2%2Fcomments&post=1363"}],"version-history":[{"count":0,"href":"https:\/\/www.uniselplastik.com.tr\/index.php?rest_route=\/wp\/v2\/product\/1363\/revisions"}],"wp:featuredmedia":[{"embeddable":true,"href":"https:\/\/www.uniselplastik.com.tr\/index.php?rest_route=\/wp\/v2\/media\/1367"}],"wp:attachment":[{"href":"https:\/\/www.uniselplastik.com.tr\/index.php?rest_route=%2Fwp%2Fv2%2Fmedia&parent=1363"}],"wp:term":[{"taxonomy":"product_brand","embeddable":true,"href":"https:\/\/www.uniselplastik.com.tr\/index.php?rest_route=%2Fwp%2Fv2%2Fproduct_brand&post=1363"},{"taxonomy":"product_cat","embeddable":true,"href":"https:\/\/www.uniselplastik.com.tr\/index.php?rest_route=%2Fwp%2Fv2%2Fproduct_cat&post=1363"},{"taxonomy":"product_tag","embeddable":true,"href":"https:\/\/www.uniselplastik.com.tr\/index.php?rest_route=%2Fwp%2Fv2%2Fproduct_tag&post=1363"}],"curies":[{"name":"wp","href":"https:\/\/api.w.org\/{rel}","templated":true}]}}