{"id":2032,"date":"2022-08-16T15:59:17","date_gmt":"2022-08-16T12:59:17","guid":{"rendered":"https:\/\/www.uniselplastik.com.tr\/test\/?page_id=2032"},"modified":"2025-03-11T14:45:44","modified_gmt":"2025-03-11T11:45:44","slug":"cevre-politikasi","status":"publish","type":"page","link":"https:\/\/www.uniselplastik.com.tr\/?page_id=2032","title":{"rendered":"\u00c7evre Politikas\u0131"},"content":{"rendered":"\t\t<div data-elementor-type=\"wp-page\" data-elementor-id=\"2032\" class=\"elementor elementor-2032\">\n\t\t\t\t\t\t<section class=\"elementor-section elementor-top-section elementor-element elementor-element-43a3a95f elementor-section-boxed elementor-section-height-default elementor-section-height-default\" data-id=\"43a3a95f\" data-element_type=\"section\">\n\t\t\t\t\t\t<div class=\"elementor-container elementor-column-gap-default\">\n\t\t\t\t\t<div class=\"elementor-column elementor-col-33 elementor-top-column elementor-element elementor-element-573da045\" data-id=\"573da045\" data-element_type=\"column\">\n\t\t\t<div class=\"elementor-widget-wrap elementor-element-populated\">\n\t\t\t\t\t\t<div class=\"elementor-element elementor-element-2c8dbba9 elementor-widget elementor-widget-sidebar\" data-id=\"2c8dbba9\" data-element_type=\"widget\" data-widget_type=\"sidebar.default\">\n\t\t\t\t<div class=\"elementor-widget-container\">\n\t\t\t\t\t<div id=\"nav_menu-1\" class=\"widget-odd widget-last widget-first widget-1 menu-style1 widget widget_nav_menu\"><h3 class=\"widget-title\">Kurumsal<\/h3><div class=\"menu-kurumsal-container\"><ul id=\"menu-kurumsal\" class=\"menu\"><li id=\"menu-item-2087\" class=\"menu-item menu-item-type-post_type menu-item-object-page menu-item-2087\"><a href=\"https:\/\/www.uniselplastik.com.tr\/?page_id=119\">Hakk\u0131m\u0131zda<\/a><\/li>\n<li id=\"menu-item-2090\" class=\"menu-item menu-item-type-post_type menu-item-object-page menu-item-2090\"><a href=\"https:\/\/www.uniselplastik.com.tr\/?page_id=2066\">Vizyon Misyon<\/a><\/li>\n<li id=\"menu-item-2085\" class=\"menu-item menu-item-type-post_type menu-item-object-page menu-item-2085\"><a href=\"https:\/\/www.uniselplastik.com.tr\/?page_id=2053\">Ayd\u0131nlatma Metni<\/a><\/li>\n<li id=\"menu-item-2089\" class=\"menu-item menu-item-type-post_type menu-item-object-page menu-item-2089\"><a href=\"https:\/\/www.uniselplastik.com.tr\/?page_id=1949\">M\u00fc\u015fteri Memnuniyeti Politikas\u0131<\/a><\/li>\n<li id=\"menu-item-2088\" class=\"menu-item menu-item-type-post_type menu-item-object-page menu-item-2088\"><a href=\"https:\/\/www.uniselplastik.com.tr\/?page_id=2043\">Kalite Politikam\u0131z<\/a><\/li>\n<li id=\"menu-item-2086\" class=\"menu-item menu-item-type-post_type menu-item-object-page menu-item-2086\"><a href=\"https:\/\/www.uniselplastik.com.tr\/?page_id=2032\">\u00c7evre Politikas\u0131<\/a><\/li>\n<\/ul><\/div><\/div>\t\t\t\t<\/div>\n\t\t\t\t<\/div>\n\t\t\t\t<div class=\"elementor-element elementor-element-5c3a985c elementor-widget elementor-widget-call-to-action\" data-id=\"5c3a985c\" data-element_type=\"widget\" data-widget_type=\"call-to-action.default\">\n\t\t\t\t<div class=\"elementor-widget-container\">\n\t\t\t\t\t \t\t\t\t<\/div>\n\t\t\t\t<\/div>\n\t\t\t\t<div class=\"elementor-element elementor-element-5198578d elementor-widget elementor-widget-call-to-action\" data-id=\"5198578d\" data-element_type=\"widget\" data-widget_type=\"call-to-action.default\">\n\t\t\t\t<div class=\"elementor-widget-container\">\n\t\t\t\t\t \t\t\t\t<\/div>\n\t\t\t\t<\/div>\n\t\t\t\t\t<\/div>\n\t\t<\/div>\n\t\t\t\t<div class=\"elementor-column elementor-col-66 elementor-top-column elementor-element elementor-element-75afd6bf\" data-id=\"75afd6bf\" data-element_type=\"column\">\n\t\t\t<div class=\"elementor-widget-wrap elementor-element-populated\">\n\t\t\t\t\t\t<div class=\"elementor-element elementor-element-40b1595d elementor-widget elementor-widget-jw-headline\" data-id=\"40b1595d\" data-element_type=\"widget\" data-widget_type=\"jw-headline.default\">\n\t\t\t\t<div class=\"elementor-widget-container\">\n\t\t\t\t\t<h2 class=\"jw-headline jw-headline--direction-vertical\"><span class=\"jw-headline__part jw-headline__first\"><span class=\"jw-headline__label\">POL\u0130T\u0130KALARIMIZ<\/span><\/span><span class=\"jw-headline__part jw-headline__second\"><span class=\"jw-headline__label\">\u00c7evre Politikas\u0131<\/span><\/span><\/h2>\t\t\t\t<\/div>\n\t\t\t\t<\/div>\n\t\t\t\t<div class=\"elementor-element elementor-element-5323ad06 elementor-widget elementor-widget-text-editor\" data-id=\"5323ad06\" data-element_type=\"widget\" data-widget_type=\"text-editor.default\">\n\t\t\t\t<div class=\"elementor-widget-container\">\n\t\t\t\t\t\t\t\t\t<p style=\"margin: 0cm 0cm 15.0pt 0cm;\"><span style=\"font-size: 13.5pt;\">Unisel Plastik Sanayi ve Tic. Ltd. \u015eti. \u00fcst y\u00f6netim deste\u011fi ve t\u00fcm \u00e7al\u0131\u015fanlar\u0131yla birlikte;<\/span><\/p><p style=\"margin: 0cm 0cm 15pt;\"><span style=\"font-size: 13.5pt;\">\u25a0\u00a0\u00a0\u00a0\u00a0\u00a0\u00a0\u00a0 \u00c7evreyi ve do\u011fay\u0131 koruma konusunda \u00fczerimize d\u00fc\u015fen yasal sorumluluklar\u0131 yerine getirerek \u00fclkemizde ge\u00e7erli olan yasal mevzuat\u0131 uygulamay\u0131,<\/span><\/p><p style=\"margin: 0cm 0cm 15pt;\"><span style=\"font-size: 13.5pt;\">\u25a0\u00a0\u00a0\u00a0\u00a0\u00a0\u00a0\u00a0 \u00c7evre ile ilgili resmi ve \u00f6zel kurulu\u015flar\u0131n faaliyetlerine kat\u0131larak destek vermeyi,<\/span><\/p><p style=\"margin: 0cm 0cm 15pt;\"><span style=\"font-size: 13.5pt;\">\u25a0\u00a0\u00a0\u00a0\u00a0\u00a0\u00a0\u00a0 Her meslekten ve toplumun her kesiminden insanlara kendi u\u011fra\u015f alanlar\u0131 ile ilgili \u00e7evreci bir yakla\u015f\u0131m tarz\u0131 kazand\u0131rmay\u0131,<\/span><\/p><p style=\"margin: 0cm 0cm 15pt;\"><span style=\"font-size: 13.5pt;\">\u25a0\u00a0\u00a0\u00a0\u00a0\u00a0\u00a0\u00a0 Hizmet verdi\u011fimiz \u00fcr\u00fcnleri, \u00e7evre dostu olan \u00fcr\u00fcnlerden se\u00e7meyi,<\/span><\/p><p style=\"margin: 0cm 0cm 15pt;\"><span style=\"font-size: 13.5pt;\">\u25a0\u00a0\u00a0\u00a0\u00a0\u00a0\u00a0\u00a0 Payda\u015flar\u0131n i\u00e7inde ya\u015fad\u0131klar\u0131 ekolojik \u00e7evre sistemlerini anlamalar\u0131n\u0131 ve sistem i\u00e7indeki yerlerini kavramalar\u0131n\u0131 sa\u011flayarak, payda\u015flara \u00e7evre sorunlar\u0131n\u0131n \u00e7\u00f6z\u00fcm\u00fcne etkin kat\u0131l\u0131m y\u00f6n\u00fcnde beceri ve al\u0131\u015fkanl\u0131klar\u0131 kazand\u0131rmay\u0131,<\/span><\/p><p style=\"margin: 0cm 0cm 15pt;\"><span style=\"font-size: 13.5pt;\">\u25a0\u00a0\u00a0\u00a0\u00a0\u00a0\u00a0\u00a0 Ya\u015fad\u0131\u011f\u0131m\u0131z \u00e7evreyi \u00e7ocuklar\u0131m\u0131zdan \u00f6d\u00fcn\u00e7 ald\u0131\u011f\u0131m\u0131z bilinciyle, t\u00fcm s\u00fcre\u00e7lerimizin planlamas\u0131 ve uygulamas\u0131nda \u00e7evreyle uyumlu s\u00fcrekli geli\u015fmeyi ve iyile\u015fmeyi toplumsal bir g\u00f6rev olarak kabul etmeyi,<\/span><\/p><p style=\"margin: 0cm 0cm 15pt;\"><span style=\"font-size: 13.5pt;\">\u25a0\u00a0\u00a0\u00a0\u00a0\u00a0\u00a0\u00a0 \u00c7evre kirlenmesine neden olabilecek etkenleri en aza indirmek, kaynaklar\u0131 ak\u0131lc\u0131 ve tasarruflu kullanmak i\u00e7in at\u0131klar\u0131 azalt\u0131c\u0131 geri d\u00f6n\u00fc\u015f\u00fcm teknikleri uygulamay\u0131,<\/span><\/p><p style=\"margin: 0cm 0cm 0.0001pt;\"><span style=\"font-size: 13.5pt;\">Bu g\u00fcne kadar yapt\u0131klar\u0131m\u0131z ve bundan sonra yapacaklar\u0131m\u0131z\u0131 kamuoyunun bilgisine a\u00e7\u0131k olarak Toplam Kalite Y\u00f6netimi b\u00fct\u00fcn\u00fc i\u00e7erisinde \u00e7evre kalitesinin devaml\u0131l\u0131\u011f\u0131n\u0131n sa\u011flanmas\u0131n\u0131 taahh\u00fct ediyoruz.<\/span><\/p><p>\u00a0<\/p><p class=\"MsoNormal\">\u00a0<\/p>\t\t\t\t\t\t\t\t<\/div>\n\t\t\t\t<\/div>\n\t\t\t\t\t<\/div>\n\t\t<\/div>\n\t\t\t\t\t<\/div>\n\t\t<\/section>\n\t\t\t\t<div class=\"elementor-section elementor-top-section elementor-element elementor-element-634980b5 elementor-section-boxed elementor-section-height-default elementor-section-height-default\" data-id=\"634980b5\" data-element_type=\"section\">\n\t\t\t\t\t\t<div class=\"elementor-container elementor-column-gap-extended\">\n\t\t\t\t\t<div class=\"elementor-column elementor-col-33 elementor-top-column elementor-element elementor-element-40e29b20\" data-id=\"40e29b20\" data-element_type=\"column\">\n\t\t\t<div class=\"elementor-widget-wrap elementor-element-populated\">\n\t\t\t\t\t\t<div class=\"elementor-element elementor-element-5df6f523 elementor-widget elementor-widget-counter\" data-id=\"5df6f523\" data-element_type=\"widget\" data-widget_type=\"counter.default\">\n\t\t\t\t<div class=\"elementor-widget-container\">\n\t\t\t\t\t\t\t<div class=\"elementor-counter\">\n\t\t\t<div class=\"elementor-counter-title\">Y\u0131ll\u0131k Uzmanla\u015fm\u0131\u015f Deneyim<\/div>\t\t\t<div class=\"elementor-counter-number-wrapper\">\n\t\t\t\t<span class=\"elementor-counter-number-prefix\"><\/span>\n\t\t\t\t<span class=\"elementor-counter-number\" data-duration=\"2000\" data-to-value=\"35\" data-from-value=\"0\" data-delimiter=\",\">0<\/span>\n\t\t\t\t<span class=\"elementor-counter-number-suffix\"><\/span>\n\t\t\t<\/div>\n\t\t<\/div>\n\t\t\t\t\t\t<\/div>\n\t\t\t\t<\/div>\n\t\t\t\t\t<\/div>\n\t\t<\/div>\n\t\t\t\t<div class=\"elementor-column elementor-col-33 elementor-top-column elementor-element elementor-element-17be2a20\" data-id=\"17be2a20\" data-element_type=\"column\">\n\t\t\t<div class=\"elementor-widget-wrap elementor-element-populated\">\n\t\t\t\t\t\t<div class=\"elementor-element elementor-element-2da544a8 elementor-widget elementor-widget-counter\" data-id=\"2da544a8\" data-element_type=\"widget\" data-widget_type=\"counter.default\">\n\t\t\t\t<div class=\"elementor-widget-container\">\n\t\t\t\t\t\t\t<div class=\"elementor-counter\">\n\t\t\t<div class=\"elementor-counter-title\">\u00dclkeye \u0130hracat<\/div>\t\t\t<div class=\"elementor-counter-number-wrapper\">\n\t\t\t\t<span class=\"elementor-counter-number-prefix\"><\/span>\n\t\t\t\t<span class=\"elementor-counter-number\" data-duration=\"2000\" data-to-value=\"105\" data-from-value=\"0\" data-delimiter=\",\">0<\/span>\n\t\t\t\t<span class=\"elementor-counter-number-suffix\"><\/span>\n\t\t\t<\/div>\n\t\t<\/div>\n\t\t\t\t\t\t<\/div>\n\t\t\t\t<\/div>\n\t\t\t\t\t<\/div>\n\t\t<\/div>\n\t\t\t\t<div class=\"elementor-column elementor-col-33 elementor-top-column elementor-element elementor-element-43d454bd\" data-id=\"43d454bd\" data-element_type=\"column\">\n\t\t\t<div class=\"elementor-widget-wrap elementor-element-populated\">\n\t\t\t\t\t\t<div class=\"elementor-element elementor-element-2f4b3095 elementor-widget elementor-widget-counter\" data-id=\"2f4b3095\" data-element_type=\"widget\" data-widget_type=\"counter.default\">\n\t\t\t\t<div class=\"elementor-widget-container\">\n\t\t\t\t\t\t\t<div class=\"elementor-counter\">\n\t\t\t<div class=\"elementor-counter-title\">Sat\u0131\u015f A\u011f\u0131<\/div>\t\t\t<div class=\"elementor-counter-number-wrapper\">\n\t\t\t\t<span class=\"elementor-counter-number-prefix\"><\/span>\n\t\t\t\t<span class=\"elementor-counter-number\" data-duration=\"2000\" data-to-value=\"1000\" data-from-value=\"0\" data-delimiter=\".\">0<\/span>\n\t\t\t\t<span class=\"elementor-counter-number-suffix\">+<\/span>\n\t\t\t<\/div>\n\t\t<\/div>\n\t\t\t\t\t\t<\/div>\n\t\t\t\t<\/div>\n\t\t\t\t\t<\/div>\n\t\t<\/div>\n\t\t\t\t\t<\/div>\n\t\t<\/div>\n\t\t\t\t<\/div>\n\t\t","protected":false},"excerpt":{"rendered":"<p>POL\u0130T\u0130KALARIMIZ\u00c7evre Politikas\u0131 Unisel Plastik Sanayi ve Tic. Ltd. \u015eti. \u00fcst y\u00f6netim deste\u011fi ve t\u00fcm \u00e7al\u0131\u015fanlar\u0131yla birlikte; \u25a0\u00a0\u00a0\u00a0\u00a0\u00a0\u00a0\u00a0 \u00c7evreyi ve do\u011fay\u0131 koruma konusunda \u00fczerimize d\u00fc\u015fen yasal sorumluluklar\u0131 yerine getirerek \u00fclkemizde ge\u00e7erli olan yasal mevzuat\u0131 uygulamay\u0131, \u25a0\u00a0\u00a0\u00a0\u00a0\u00a0\u00a0\u00a0 \u00c7evre ile ilgili resmi ve \u00f6zel kurulu\u015flar\u0131n faaliyetlerine kat\u0131larak destek vermeyi, \u25a0\u00a0\u00a0\u00a0\u00a0\u00a0\u00a0\u00a0 Her meslekten ve toplumun her kesiminden insanlara kendi [&hellip;]<\/p>\n","protected":false},"author":1,"featured_media":2078,"parent":0,"menu_order":0,"comment_status":"closed","ping_status":"closed","template":"","meta":{"_acf_changed":false,"inline_featured_image":false,"_joinchat":[],"footnotes":""},"class_list":["post-2032","page","type-page","status-publish","has-post-thumbnail","hentry"],"acf":[],"yoast_head":"<!-- This site is optimized with the Yoast SEO Premium plugin v24.7 (Yoast SEO v25.0) - https:\/\/yoast.com\/wordpress\/plugins\/seo\/ -->\n<title>\u00c7evre Politikas\u0131 - Unisel Plastik Sanayi Tic. Ltd. \u015eti.<\/title>\n<meta name=\"description\" content=\"Unisel Plastik Sanayi Tic. Ltd. \u015eti. \u00c7evre Politikas\u0131\" \/>\n<meta name=\"robots\" content=\"index, follow, max-snippet:-1, max-image-preview:large, max-video-preview:-1\" \/>\n<link rel=\"canonical\" href=\"https:\/\/www.uniselplastik.com.tr\/?page_id=2032\" \/>\n<meta property=\"og:locale\" content=\"tr_TR\" \/>\n<meta property=\"og:type\" content=\"article\" \/>\n<meta property=\"og:title\" content=\"\u00c7evre Politikas\u0131\" \/>\n<meta property=\"og:description\" content=\"Unisel Plastik Sanayi Tic. Ltd. \u015eti. \u00c7evre Politikas\u0131\" \/>\n<meta property=\"og:url\" content=\"https:\/\/www.uniselplastik.com.tr\/?page_id=2032\" \/>\n<meta property=\"og:site_name\" content=\"Unisel Plastik Sanayi Tic. Ltd. \u015eti.\" \/>\n<meta property=\"article:publisher\" content=\"https:\/\/tr-tr.facebook.com\/people\/Unisel-Plastik-Market\/100085855740352\/\" \/>\n<meta property=\"article:modified_time\" content=\"2025-03-11T11:45:44+00:00\" \/>\n<meta property=\"og:image\" content=\"https:\/\/www.uniselplastik.com.tr\/wp-content\/uploads\/2022\/08\/cevre-politikasi-bg-1.jpg\" \/>\n\t<meta property=\"og:image:width\" content=\"1680\" \/>\n\t<meta property=\"og:image:height\" content=\"376\" \/>\n\t<meta property=\"og:image:type\" content=\"image\/jpeg\" \/>\n<meta name=\"twitter:card\" content=\"summary_large_image\" \/>\n<meta name=\"twitter:label1\" content=\"Tahmini okuma s\u00fcresi\" \/>\n\t<meta name=\"twitter:data1\" content=\"2 dakika\" \/>\n<script type=\"application\/ld+json\" class=\"yoast-schema-graph\">{\"@context\":\"https:\/\/schema.org\",\"@graph\":[{\"@type\":\"WebPage\",\"@id\":\"https:\/\/www.uniselplastik.com.tr\/?page_id=2032\",\"url\":\"https:\/\/www.uniselplastik.com.tr\/?page_id=2032\",\"name\":\"\u00c7evre Politikas\u0131 - Unisel Plastik Sanayi Tic. Ltd. \u015eti.\",\"isPartOf\":{\"@id\":\"https:\/\/www.uniselplastik.com.tr\/#website\"},\"primaryImageOfPage\":{\"@id\":\"https:\/\/www.uniselplastik.com.tr\/?page_id=2032#primaryimage\"},\"image\":{\"@id\":\"https:\/\/www.uniselplastik.com.tr\/?page_id=2032#primaryimage\"},\"thumbnailUrl\":\"https:\/\/www.uniselplastik.com.tr\/wp-content\/uploads\/2022\/08\/cevre-politikasi-bg-1.jpg\",\"datePublished\":\"2022-08-16T12:59:17+00:00\",\"dateModified\":\"2025-03-11T11:45:44+00:00\",\"description\":\"Unisel Plastik Sanayi Tic. Ltd. \u015eti. \u00c7evre Politikas\u0131\",\"breadcrumb\":{\"@id\":\"https:\/\/www.uniselplastik.com.tr\/?page_id=2032#breadcrumb\"},\"inLanguage\":\"tr\",\"potentialAction\":[{\"@type\":\"ReadAction\",\"target\":[\"https:\/\/www.uniselplastik.com.tr\/?page_id=2032\"]}]},{\"@type\":\"ImageObject\",\"inLanguage\":\"tr\",\"@id\":\"https:\/\/www.uniselplastik.com.tr\/?page_id=2032#primaryimage\",\"url\":\"https:\/\/www.uniselplastik.com.tr\/wp-content\/uploads\/2022\/08\/cevre-politikasi-bg-1.jpg\",\"contentUrl\":\"https:\/\/www.uniselplastik.com.tr\/wp-content\/uploads\/2022\/08\/cevre-politikasi-bg-1.jpg\",\"width\":1680,\"height\":376},{\"@type\":\"BreadcrumbList\",\"@id\":\"https:\/\/www.uniselplastik.com.tr\/?page_id=2032#breadcrumb\",\"itemListElement\":[{\"@type\":\"ListItem\",\"position\":1,\"name\":\"Home\",\"item\":\"https:\/\/www.uniselplastik.com.tr\/\"},{\"@type\":\"ListItem\",\"position\":2,\"name\":\"\u00c7evre Politikas\u0131\"}]},{\"@type\":\"WebSite\",\"@id\":\"https:\/\/www.uniselplastik.com.tr\/#website\",\"url\":\"https:\/\/www.uniselplastik.com.tr\/\",\"name\":\"Unisel Plastik Sanayi Tic. Ltd. \u015eti.\",\"description\":\"Plastik Sulama\",\"publisher\":{\"@id\":\"https:\/\/www.uniselplastik.com.tr\/#organization\"},\"potentialAction\":[{\"@type\":\"SearchAction\",\"target\":{\"@type\":\"EntryPoint\",\"urlTemplate\":\"https:\/\/www.uniselplastik.com.tr\/?s={search_term_string}\"},\"query-input\":{\"@type\":\"PropertyValueSpecification\",\"valueRequired\":true,\"valueName\":\"search_term_string\"}}],\"inLanguage\":\"tr\"},{\"@type\":\"Organization\",\"@id\":\"https:\/\/www.uniselplastik.com.tr\/#organization\",\"name\":\"unisel plastik sanayi\",\"url\":\"https:\/\/www.uniselplastik.com.tr\/\",\"logo\":{\"@type\":\"ImageObject\",\"inLanguage\":\"tr\",\"@id\":\"https:\/\/www.uniselplastik.com.tr\/#\/schema\/logo\/image\/\",\"url\":\"https:\/\/www.uniselplastik.com.tr\/wp-content\/uploads\/2022\/10\/logo-mavi-e1670404165625.png\",\"contentUrl\":\"https:\/\/www.uniselplastik.com.tr\/wp-content\/uploads\/2022\/10\/logo-mavi-e1670404165625.png\",\"width\":300,\"height\":100,\"caption\":\"unisel plastik sanayi\"},\"image\":{\"@id\":\"https:\/\/www.uniselplastik.com.tr\/#\/schema\/logo\/image\/\"},\"sameAs\":[\"https:\/\/tr-tr.facebook.com\/people\/Unisel-Plastik-Market\/100085855740352\/\"]}]}<\/script>\n<!-- \/ Yoast SEO Premium plugin. -->","yoast_head_json":{"title":"\u00c7evre Politikas\u0131 - Unisel Plastik Sanayi Tic. Ltd. \u015eti.","description":"Unisel Plastik Sanayi Tic. Ltd. \u015eti. \u00c7evre Politikas\u0131","robots":{"index":"index","follow":"follow","max-snippet":"max-snippet:-1","max-image-preview":"max-image-preview:large","max-video-preview":"max-video-preview:-1"},"canonical":"https:\/\/www.uniselplastik.com.tr\/?page_id=2032","og_locale":"tr_TR","og_type":"article","og_title":"\u00c7evre Politikas\u0131","og_description":"Unisel Plastik Sanayi Tic. Ltd. \u015eti. \u00c7evre Politikas\u0131","og_url":"https:\/\/www.uniselplastik.com.tr\/?page_id=2032","og_site_name":"Unisel Plastik Sanayi Tic. Ltd. \u015eti.","article_publisher":"https:\/\/tr-tr.facebook.com\/people\/Unisel-Plastik-Market\/100085855740352\/","article_modified_time":"2025-03-11T11:45:44+00:00","og_image":[{"width":1680,"height":376,"url":"https:\/\/www.uniselplastik.com.tr\/wp-content\/uploads\/2022\/08\/cevre-politikasi-bg-1.jpg","type":"image\/jpeg"}],"twitter_card":"summary_large_image","twitter_misc":{"Tahmini okuma s\u00fcresi":"2 dakika"},"schema":{"@context":"https:\/\/schema.org","@graph":[{"@type":"WebPage","@id":"https:\/\/www.uniselplastik.com.tr\/?page_id=2032","url":"https:\/\/www.uniselplastik.com.tr\/?page_id=2032","name":"\u00c7evre Politikas\u0131 - Unisel Plastik Sanayi Tic. Ltd. \u015eti.","isPartOf":{"@id":"https:\/\/www.uniselplastik.com.tr\/#website"},"primaryImageOfPage":{"@id":"https:\/\/www.uniselplastik.com.tr\/?page_id=2032#primaryimage"},"image":{"@id":"https:\/\/www.uniselplastik.com.tr\/?page_id=2032#primaryimage"},"thumbnailUrl":"https:\/\/www.uniselplastik.com.tr\/wp-content\/uploads\/2022\/08\/cevre-politikasi-bg-1.jpg","datePublished":"2022-08-16T12:59:17+00:00","dateModified":"2025-03-11T11:45:44+00:00","description":"Unisel Plastik Sanayi Tic. Ltd. \u015eti. \u00c7evre Politikas\u0131","breadcrumb":{"@id":"https:\/\/www.uniselplastik.com.tr\/?page_id=2032#breadcrumb"},"inLanguage":"tr","potentialAction":[{"@type":"ReadAction","target":["https:\/\/www.uniselplastik.com.tr\/?page_id=2032"]}]},{"@type":"ImageObject","inLanguage":"tr","@id":"https:\/\/www.uniselplastik.com.tr\/?page_id=2032#primaryimage","url":"https:\/\/www.uniselplastik.com.tr\/wp-content\/uploads\/2022\/08\/cevre-politikasi-bg-1.jpg","contentUrl":"https:\/\/www.uniselplastik.com.tr\/wp-content\/uploads\/2022\/08\/cevre-politikasi-bg-1.jpg","width":1680,"height":376},{"@type":"BreadcrumbList","@id":"https:\/\/www.uniselplastik.com.tr\/?page_id=2032#breadcrumb","itemListElement":[{"@type":"ListItem","position":1,"name":"Home","item":"https:\/\/www.uniselplastik.com.tr\/"},{"@type":"ListItem","position":2,"name":"\u00c7evre Politikas\u0131"}]},{"@type":"WebSite","@id":"https:\/\/www.uniselplastik.com.tr\/#website","url":"https:\/\/www.uniselplastik.com.tr\/","name":"Unisel Plastik Sanayi Tic. Ltd. \u015eti.","description":"Plastik Sulama","publisher":{"@id":"https:\/\/www.uniselplastik.com.tr\/#organization"},"potentialAction":[{"@type":"SearchAction","target":{"@type":"EntryPoint","urlTemplate":"https:\/\/www.uniselplastik.com.tr\/?s={search_term_string}"},"query-input":{"@type":"PropertyValueSpecification","valueRequired":true,"valueName":"search_term_string"}}],"inLanguage":"tr"},{"@type":"Organization","@id":"https:\/\/www.uniselplastik.com.tr\/#organization","name":"unisel plastik sanayi","url":"https:\/\/www.uniselplastik.com.tr\/","logo":{"@type":"ImageObject","inLanguage":"tr","@id":"https:\/\/www.uniselplastik.com.tr\/#\/schema\/logo\/image\/","url":"https:\/\/www.uniselplastik.com.tr\/wp-content\/uploads\/2022\/10\/logo-mavi-e1670404165625.png","contentUrl":"https:\/\/www.uniselplastik.com.tr\/wp-content\/uploads\/2022\/10\/logo-mavi-e1670404165625.png","width":300,"height":100,"caption":"unisel plastik sanayi"},"image":{"@id":"https:\/\/www.uniselplastik.com.tr\/#\/schema\/logo\/image\/"},"sameAs":["https:\/\/tr-tr.facebook.com\/people\/Unisel-Plastik-Market\/100085855740352\/"]}]}},"_links":{"self":[{"href":"https:\/\/www.uniselplastik.com.tr\/index.php?rest_route=\/wp\/v2\/pages\/2032","targetHints":{"allow":["GET"]}}],"collection":[{"href":"https:\/\/www.uniselplastik.com.tr\/index.php?rest_route=\/wp\/v2\/pages"}],"about":[{"href":"https:\/\/www.uniselplastik.com.tr\/index.php?rest_route=\/wp\/v2\/types\/page"}],"author":[{"embeddable":true,"href":"https:\/\/www.uniselplastik.com.tr\/index.php?rest_route=\/wp\/v2\/users\/1"}],"replies":[{"embeddable":true,"href":"https:\/\/www.uniselplastik.com.tr\/index.php?rest_route=%2Fwp%2Fv2%2Fcomments&post=2032"}],"version-history":[{"count":18,"href":"https:\/\/www.uniselplastik.com.tr\/index.php?rest_route=\/wp\/v2\/pages\/2032\/revisions"}],"predecessor-version":[{"id":3113,"href":"https:\/\/www.uniselplastik.com.tr\/index.php?rest_route=\/wp\/v2\/pages\/2032\/revisions\/3113"}],"wp:featuredmedia":[{"embeddable":true,"href":"https:\/\/www.uniselplastik.com.tr\/index.php?rest_route=\/wp\/v2\/media\/2078"}],"wp:attachment":[{"href":"https:\/\/www.uniselplastik.com.tr\/index.php?rest_route=%2Fwp%2Fv2%2Fmedia&parent=2032"}],"curies":[{"name":"wp","href":"https:\/\/api.w.org\/{rel}","templated":true}]}}