{"id":119,"date":"2021-08-19T01:28:44","date_gmt":"2021-08-19T01:28:44","guid":{"rendered":"https:\/\/mar.21lab.co\/?page_id=119"},"modified":"2025-03-11T15:09:01","modified_gmt":"2025-03-11T12:09:01","slug":"about-us","status":"publish","type":"page","link":"https:\/\/www.uniselplastik.com.tr\/?page_id=119","title":{"rendered":"Hakk\u0131m\u0131zda"},"content":{"rendered":"\t\t<div data-elementor-type=\"wp-page\" data-elementor-id=\"119\" class=\"elementor elementor-119\">\n\t\t\t\t\t\t<div class=\"elementor-section elementor-top-section elementor-element elementor-element-cd94eb5 elementor-section-boxed elementor-section-height-default elementor-section-height-default\" data-id=\"cd94eb5\" data-element_type=\"section\">\n\t\t\t\t\t\t<div class=\"elementor-container elementor-column-gap-extended\">\n\t\t\t\t\t<div class=\"elementor-column elementor-col-33 elementor-top-column elementor-element elementor-element-d470eb6\" data-id=\"d470eb6\" data-element_type=\"column\">\n\t\t\t<div class=\"elementor-widget-wrap elementor-element-populated\">\n\t\t\t\t\t\t<div class=\"elementor-element elementor-element-945cfed elementor-widget elementor-widget-counter\" data-id=\"945cfed\" data-element_type=\"widget\" data-widget_type=\"counter.default\">\n\t\t\t\t<div class=\"elementor-widget-container\">\n\t\t\t\t\t\t\t<div class=\"elementor-counter\">\n\t\t\t<div class=\"elementor-counter-title\">Y\u0131ll\u0131k Uzmanla\u015fm\u0131\u015f Deneyim<\/div>\t\t\t<div class=\"elementor-counter-number-wrapper\">\n\t\t\t\t<span class=\"elementor-counter-number-prefix\"><\/span>\n\t\t\t\t<span class=\"elementor-counter-number\" data-duration=\"2000\" data-to-value=\"35\" data-from-value=\"0\" data-delimiter=\",\">0<\/span>\n\t\t\t\t<span class=\"elementor-counter-number-suffix\"><\/span>\n\t\t\t<\/div>\n\t\t<\/div>\n\t\t\t\t\t\t<\/div>\n\t\t\t\t<\/div>\n\t\t\t\t\t<\/div>\n\t\t<\/div>\n\t\t\t\t<div class=\"elementor-column elementor-col-33 elementor-top-column elementor-element elementor-element-87529b3\" data-id=\"87529b3\" data-element_type=\"column\">\n\t\t\t<div class=\"elementor-widget-wrap elementor-element-populated\">\n\t\t\t\t\t\t<div class=\"elementor-element elementor-element-383ea93 elementor-widget elementor-widget-counter\" data-id=\"383ea93\" data-element_type=\"widget\" data-widget_type=\"counter.default\">\n\t\t\t\t<div class=\"elementor-widget-container\">\n\t\t\t\t\t\t\t<div class=\"elementor-counter\">\n\t\t\t<div class=\"elementor-counter-title\">\u00dclkeye \u0130hracat<\/div>\t\t\t<div class=\"elementor-counter-number-wrapper\">\n\t\t\t\t<span class=\"elementor-counter-number-prefix\"><\/span>\n\t\t\t\t<span class=\"elementor-counter-number\" data-duration=\"2000\" data-to-value=\"105\" data-from-value=\"0\" data-delimiter=\",\">0<\/span>\n\t\t\t\t<span class=\"elementor-counter-number-suffix\"><\/span>\n\t\t\t<\/div>\n\t\t<\/div>\n\t\t\t\t\t\t<\/div>\n\t\t\t\t<\/div>\n\t\t\t\t\t<\/div>\n\t\t<\/div>\n\t\t\t\t<div class=\"elementor-column elementor-col-33 elementor-top-column elementor-element elementor-element-24bb9ae\" data-id=\"24bb9ae\" data-element_type=\"column\">\n\t\t\t<div class=\"elementor-widget-wrap elementor-element-populated\">\n\t\t\t\t\t\t<div class=\"elementor-element elementor-element-4e5c2ff elementor-widget elementor-widget-counter\" data-id=\"4e5c2ff\" data-element_type=\"widget\" data-widget_type=\"counter.default\">\n\t\t\t\t<div class=\"elementor-widget-container\">\n\t\t\t\t\t\t\t<div class=\"elementor-counter\">\n\t\t\t<div class=\"elementor-counter-title\">Sat\u0131\u015f A\u011f\u0131<\/div>\t\t\t<div class=\"elementor-counter-number-wrapper\">\n\t\t\t\t<span class=\"elementor-counter-number-prefix\"><\/span>\n\t\t\t\t<span class=\"elementor-counter-number\" data-duration=\"2000\" data-to-value=\"1000\" data-from-value=\"0\" data-delimiter=\".\">0<\/span>\n\t\t\t\t<span class=\"elementor-counter-number-suffix\">+<\/span>\n\t\t\t<\/div>\n\t\t<\/div>\n\t\t\t\t\t\t<\/div>\n\t\t\t\t<\/div>\n\t\t\t\t\t<\/div>\n\t\t<\/div>\n\t\t\t\t\t<\/div>\n\t\t<\/div>\n\t\t\t\t<section class=\"elementor-section elementor-top-section elementor-element elementor-element-70e71f4 elementor-section-boxed elementor-section-height-default elementor-section-height-default\" data-id=\"70e71f4\" data-element_type=\"section\">\n\t\t\t\t\t\t<div class=\"elementor-container elementor-column-gap-default\">\n\t\t\t\t\t<div class=\"elementor-column elementor-col-33 elementor-top-column elementor-element elementor-element-480f58b\" data-id=\"480f58b\" data-element_type=\"column\">\n\t\t\t<div class=\"elementor-widget-wrap elementor-element-populated\">\n\t\t\t\t\t\t<div class=\"elementor-element elementor-element-0b9d504 elementor-widget elementor-widget-sidebar\" data-id=\"0b9d504\" data-element_type=\"widget\" data-widget_type=\"sidebar.default\">\n\t\t\t\t<div class=\"elementor-widget-container\">\n\t\t\t\t\t<div id=\"nav_menu-1\" class=\"widget-odd widget-last widget-first widget-1 menu-style1 widget widget_nav_menu\"><h3 class=\"widget-title\">Kurumsal<\/h3><div class=\"menu-kurumsal-container\"><ul id=\"menu-kurumsal\" class=\"menu\"><li id=\"menu-item-2087\" class=\"menu-item menu-item-type-post_type menu-item-object-page menu-item-2087\"><a href=\"https:\/\/www.uniselplastik.com.tr\/?page_id=119\">Hakk\u0131m\u0131zda<\/a><\/li>\n<li id=\"menu-item-2090\" class=\"menu-item menu-item-type-post_type menu-item-object-page menu-item-2090\"><a href=\"https:\/\/www.uniselplastik.com.tr\/?page_id=2066\">Vizyon Misyon<\/a><\/li>\n<li id=\"menu-item-2085\" class=\"menu-item menu-item-type-post_type menu-item-object-page menu-item-2085\"><a href=\"https:\/\/www.uniselplastik.com.tr\/?page_id=2053\">Ayd\u0131nlatma Metni<\/a><\/li>\n<li id=\"menu-item-2089\" class=\"menu-item menu-item-type-post_type menu-item-object-page menu-item-2089\"><a href=\"https:\/\/www.uniselplastik.com.tr\/?page_id=1949\">M\u00fc\u015fteri Memnuniyeti Politikas\u0131<\/a><\/li>\n<li id=\"menu-item-2088\" class=\"menu-item menu-item-type-post_type menu-item-object-page menu-item-2088\"><a href=\"https:\/\/www.uniselplastik.com.tr\/?page_id=2043\">Kalite Politikam\u0131z<\/a><\/li>\n<li id=\"menu-item-2086\" class=\"menu-item menu-item-type-post_type menu-item-object-page menu-item-2086\"><a href=\"https:\/\/www.uniselplastik.com.tr\/?page_id=2032\">\u00c7evre Politikas\u0131<\/a><\/li>\n<\/ul><\/div><\/div>\t\t\t\t<\/div>\n\t\t\t\t<\/div>\n\t\t\t\t<div class=\"elementor-element elementor-element-ac51125 elementor-widget elementor-widget-call-to-action\" data-id=\"ac51125\" data-element_type=\"widget\" data-widget_type=\"call-to-action.default\">\n\t\t\t\t<div class=\"elementor-widget-container\">\n\t\t\t\t\t \t\t\t\t<\/div>\n\t\t\t\t<\/div>\n\t\t\t\t<div class=\"elementor-element elementor-element-f830752 elementor-widget elementor-widget-call-to-action\" data-id=\"f830752\" data-element_type=\"widget\" data-widget_type=\"call-to-action.default\">\n\t\t\t\t<div class=\"elementor-widget-container\">\n\t\t\t\t\t \t\t\t\t<\/div>\n\t\t\t\t<\/div>\n\t\t\t\t\t<\/div>\n\t\t<\/div>\n\t\t\t\t<div class=\"elementor-column elementor-col-66 elementor-top-column elementor-element elementor-element-03847fe\" data-id=\"03847fe\" data-element_type=\"column\">\n\t\t\t<div class=\"elementor-widget-wrap elementor-element-populated\">\n\t\t\t\t\t\t<div class=\"elementor-element elementor-element-c3cac07 elementor-widget elementor-widget-text-editor\" data-id=\"c3cac07\" data-element_type=\"widget\" data-widget_type=\"text-editor.default\">\n\t\t\t\t<div class=\"elementor-widget-container\">\n\t\t\t\t\t\t\t\t\t<p>Unisel Plastik olarak siz de\u011ferli m\u00fc\u015fterilerimizi , \u00fcst\u00fcn \u00fcr\u00fcn kalitesi ve m\u00fc\u015fteri memnuniyetini ile bulu\u015fturmay\u0131 en \u00f6nemli ilke ve ama\u00e7 olarak kabul etmi\u015f ve b\u00fct\u00fcn g\u00fcc\u00fcm\u00fcz\u00fc ve kaynaklar\u0131m\u0131z\u0131 bu ilke ve ama\u00e7lar do\u011frultusunda kullanmaktay\u0131z;<\/p><p>B\u00fct\u00fcn \u00fcr\u00fcnlerimizi 35 y\u0131ll\u0131k bilgi ve birikimimiz ile en kullan\u0131\u015fl\u0131 ve en kaliteli \u00fcr\u00fcnleri fikir a\u015famas\u0131ndan size ula\u015fana kadarki olan b\u00fct\u00fcn evrelerde titizlikle ele al\u0131p, konusunda uzman personellerimizle ve sizden ald\u0131\u011f\u0131m\u0131z geri d\u00f6n\u00fc\u015flerle s\u00fcrekli olarak geli\u015ftirmekteyiz .\u00dcr\u00fcnlerimiz sizin be\u011feninize sunulmadan \u00f6nce \u00e7al\u0131\u015fma \u015fartlar\u0131n\u0131n \u00e7ok \u00fczerinde testlere tabii tutulmaktad\u0131r ve \u00fcr\u00fcn mekanik montajlar\u0131 uzman personellerimiz taraf\u0131ndan hassasiyetle kontrol edilmektedir, bu testlerden ge\u00e7emeyen b\u00fct\u00fcn \u00fcr\u00fcnler en iyisini \u00fcretmek i\u00e7in tekrar geli\u015ftirilmek \u00fczere geri g\u00f6nderilmektedir .\u00dcr\u00fcnlerimizin her biri \u00fcretimin her evresinde kalite kontrol personellerimiz taraf\u0131ndan s\u00fcrekli olarak kontrol edilip s\u0131k\u0131 olan toleranslar\u0131m\u0131z\u0131n d\u0131\u015f\u0131nda olan b\u00fct\u00fcn \u00fcr\u00fcnler maliyetlerine bak\u0131lmaks\u0131z\u0131n ayr\u0131lmaktad\u0131r. Kalite Unisel Plastik ailesinin b\u00fct\u00fcn personelinin en \u00f6nemli g\u00f6revidir ve b\u00fct\u00fcn personelimize gerekli e\u011fitimler s\u00fcrekli verilmektedir bu sebeplerden dolay\u0131 Unisel Plastik firmas\u0131 \u00fcr\u00fcnleri standartlar\u0131n \u00e7ok \u00fczerindedir ve g\u00f6n\u00fcl rahatl\u0131\u011f\u0131yla kullan\u0131labilir. Firmam\u0131z b\u00fct\u00fcn \u00fcr\u00fcnlerine 10 Y\u0131l garanti vermesi \u00fcr\u00fcnlerimize olan g\u00fcvenimizin kan\u0131t\u0131d\u0131r ve ba\u015fka bir \u00f6rne\u011fini g\u00f6remezsiniz. \u00dcr\u00fcnlerimizi \u00fclkemizde ve d\u00fcnyada 55 farkl\u0131 \u00fclkede tercih edilmektedir ve bu kalitenin asla bir tesad\u00fcf olmayaca\u011f\u0131n\u0131 g\u00f6stermektedir . Bu \u00f6zg\u00fcvenle siz m\u00fc\u015fterilerimize en iyisini ve kalitelisini \u00fcretmek i\u00e7in benimsedi\u011fimiz yolda emin ad\u0131mlarla y\u00fcr\u00fcmekteyiz.\u00a0 Bizim anlay\u0131\u015f\u0131m\u0131z sat\u0131n alman\u0131zla ba\u015flayan ve uzun y\u0131llar boyunca s\u00fcrecek g\u00fcvenebilece\u011finiz bir partner olarak birlikte y\u00fcr\u00fcyebilmektir.<\/p><p>Neden Unisel Plastik Markas\u0131n\u0131 tercih etmelisiniz?<\/p><p>-\u00c7evre ve insan sa\u011fl\u0131\u011f\u0131n\u0131 korumak en \u00f6ncelikli politikam\u0131zd\u0131r b\u00fct\u00fcn \u00fcr\u00fcnlerimiz orijinal hammaddelerden \u00fcretilmektedir,<\/p><p>-\u00dcr\u00fcnlerimiz 10 y\u0131l garantilidir b\u00fct\u00fcn \u00fcr\u00fcnlerimizi firmam\u0131z\u0131n birer aynas\u0131 olarak g\u00f6r\u00fcp bu ciddiyetle \u00fcretimlerini yapar\u0131z,<\/p><p>-Geni\u015f \u00fcretim hatt\u0131m\u0131z ve makine parkurlar\u0131m\u0131z ile h\u0131zl\u0131 ve kaliteli \u00fcretim,<\/p><p>-Geni\u015f stok ve \u00fcr\u00fcn yelpazemizle h\u0131zl\u0131 ve tam zaman\u0131nda teslimat,<\/p><p>-\u00dcr\u00fcnlerimizin tasar\u0131m, Ar-Ge, \u00fcretim ve kontrolleri firmam\u0131z b\u00fcnyesinde yap\u0131lmaktad\u0131r buda \u00fcretimde \u00e7ok b\u00fcy\u00fck esneklik kazand\u0131rmaktad\u0131r,<\/p><p>-\u00dcr\u00fcnlerimizi 35 y\u0131ll\u0131k bilgi ve birikimimizi en y\u00fcksek teknolojiyi kullanarak kendi b\u00fcnyemizde \u00fcretiyoruz<\/p><p>-\u00dcr\u00fcnlerimizin montaj\u0131 kolay ve g\u00fcvenilirdir,<\/p><p>-\u00fcr\u00fcnlerimizde en kaliteli hammaddeler kullan\u0131lmaktad\u0131r,<\/p><p>-\u015eeffaf \u00fcretim yapmaktad\u0131r isteyen b\u00fct\u00fcn m\u00fc\u015fterilerimiz gelip fabrikam\u0131z\u0131 ziyaret edebilir,<\/p><p>-Sekt\u00f6r\u00fcm\u00fczde \u00e7ok fazla \u00fcr\u00fcn \u00e7e\u015fitlili\u011fi ve oldu\u011fu i\u00e7in \u00fcr\u00fcn tan\u0131mlar\u0131nda zorluklar ortaya \u00e7\u0131kmaktad\u0131r firmam\u0131z bu sorunu \u00fcr\u00fcn maliyetlerini y\u00fckseltmeden \u00e7\u00f6zmenin aray\u0131\u015flar\u0131 sonucunda b\u00fcy\u00fck puntolarla \u00fcr\u00fcn \u00fczerine gerekli olan tan\u0131m yaz\u0131lar\u0131n\u0131 yazmaktad\u0131r b\u00f6ylelikle, karma\u015fay\u0131 ve zaman kayb\u0131n\u0131 ortadan kald\u0131rmay\u0131 ama\u00e7lam\u0131\u015ft\u0131r,<\/p><p>-Kaplin (boru) ba\u011flant\u0131l\u0131 \u00fcr\u00fcnlerimizin montajlar\u0131 esnas\u0131nda en \u00e7ok yap\u0131lan hata borular\u0131n \u00fcr\u00fcn i\u00e7erisine gerekti\u011fi gibi sokulmamas\u0131d\u0131r, bu hatalar\u0131n \u00f6n\u00fcne ge\u00e7mek i\u00e7in \u00fcr\u00fcnlerimizin \u00fczerinde borular\u0131n \u00fcr\u00fcn i\u00e7ine girmesi gereken \u00f6l\u00e7\u00fcler yer almaktad\u0131r. Bu \u00f6l\u00e7\u00fcler kullan\u0131larak borular i\u015faretlendikten sonra montaj i\u015flemi i\u015faret kontrol edilerek yap\u0131l\u0131rsa montaj hatalar\u0131n\u0131n ve gereksiz zaman, emek ve para israf\u0131n\u0131n \u00f6n\u00fcne ge\u00e7ilmi\u015f olur,<\/p><p>-B\u00fct\u00fcn \u00fcr\u00fcnlerimizde kesinlikle do\u011fa \u015fartlar\u0131na kar\u015f\u0131 test edilmi\u015f olup genle\u015fme veya b\u00fcz\u00fc\u015fmeler olu\u015fmaz ve bunlardan kaynakl\u0131 ka\u00e7aklar olu\u015fmaz,<\/p><p>-B\u00fct\u00fcn vana grubu \u00fcr\u00fcnlerimizin AR-GE, tasar\u0131m ve \u00fcretimi kendi b\u00fcnyemizde ger\u00e7ekle\u015ftirilmi\u015ftir standartlar\u0131n \u00e7ok \u00fczerindeki bas\u0131n\u00e7larda \u00fcst\u00fcn performans g\u00f6stermi\u015ftir ve hizmetinize sunulmu\u015ftur,<\/p><p>-Eri\u015filebilirlik firmam\u0131z i\u00e7in \u00e7ok \u00f6nemlidir her durumda ve ortamda firmam\u0131zla ileti\u015fime ge\u00e7mek istedi\u011finizde istek ve \u00f6nerilerinizi kar\u015f\u0131layacak konusunda uzman kadromuzla haz\u0131r beklemekteyiz,<\/p><p>-M\u00fc\u015fterilerimiz istedi\u011fi veya merak etti\u011fi her t\u00fcrl\u00fc soru , \u00f6neri i\u00e7in ileti\u015fime ge\u00e7ebilir bu soru ve \u00f6neriler konusunda uzman personel taraf\u0131ndan ciddiyetle ele al\u0131n\u0131p en k\u0131sa s\u00fcrede cevap verilmektedir,<\/p><p>-AR-GE b\u00f6l\u00fcm\u00fczde s\u00fcrekli olarak mevcut ve yeni \u00fcr\u00fcnlerin geli\u015ftirilmeleri s\u00fcrekli olarak devam etmektedir ve b\u00fct\u00fcn bu \u00fcr\u00fcnlerin patent ve tescil i\u015flemleri hassasiyetle takip edilmektedir.<\/p><p>-Yurti\u00e7i ve yurt d\u0131\u015f\u0131ndaki 80 farkl\u0131 \u00fclkede pek \u00e7ok firmada \u00fcr\u00fcnlerimiz tercih edilmektedir.<\/p><p>\u00a0<\/p>\t\t\t\t\t\t\t\t<\/div>\n\t\t\t\t<\/div>\n\t\t\t\t\t<\/div>\n\t\t<\/div>\n\t\t\t\t\t<\/div>\n\t\t<\/section>\n\t\t\t\t<\/div>\n\t\t","protected":false},"excerpt":{"rendered":"<p>Y\u0131ll\u0131k Uzmanla\u015fm\u0131\u015f Deneyim 0 \u00dclkeye \u0130hracat 0 Sat\u0131\u015f A\u011f\u0131 0 + Unisel Plastik olarak siz de\u011ferli m\u00fc\u015fterilerimizi , \u00fcst\u00fcn \u00fcr\u00fcn kalitesi ve m\u00fc\u015fteri memnuniyetini ile bulu\u015fturmay\u0131 en \u00f6nemli ilke ve ama\u00e7 olarak kabul etmi\u015f ve b\u00fct\u00fcn g\u00fcc\u00fcm\u00fcz\u00fc ve kaynaklar\u0131m\u0131z\u0131 bu ilke ve ama\u00e7lar do\u011frultusunda kullanmaktay\u0131z; B\u00fct\u00fcn \u00fcr\u00fcnlerimizi 35 y\u0131ll\u0131k bilgi ve birikimimiz ile en kullan\u0131\u015fl\u0131 [&hellip;]<\/p>\n","protected":false},"author":1,"featured_media":2825,"parent":0,"menu_order":0,"comment_status":"closed","ping_status":"closed","template":"tmpl\/template-fullwidth.php","meta":{"_acf_changed":false,"inline_featured_image":false,"_joinchat":[],"footnotes":""},"class_list":["post-119","page","type-page","status-publish","has-post-thumbnail","hentry"],"acf":[],"yoast_head":"<!-- This site is optimized with the Yoast SEO Premium plugin v24.7 (Yoast SEO v25.0) - https:\/\/yoast.com\/wordpress\/plugins\/seo\/ -->\n<title>Hakk\u0131m\u0131zda - Unisel Plastik Sanayi Tic. Ltd. \u015eti.<\/title>\n<meta name=\"description\" content=\"Unisel Plastik Sanayi Tic. Ltd. \u015eti. Hakk\u0131m\u0131zda\" \/>\n<meta name=\"robots\" content=\"index, follow, max-snippet:-1, max-image-preview:large, max-video-preview:-1\" \/>\n<link rel=\"canonical\" href=\"https:\/\/www.uniselplastik.com.tr\/?page_id=119\" \/>\n<meta property=\"og:locale\" content=\"tr_TR\" \/>\n<meta property=\"og:type\" content=\"article\" \/>\n<meta property=\"og:title\" content=\"Hakk\u0131m\u0131zda\" \/>\n<meta property=\"og:description\" content=\"Unisel Plastik Sanayi Tic. Ltd. \u015eti. Hakk\u0131m\u0131zda\" \/>\n<meta property=\"og:url\" content=\"https:\/\/www.uniselplastik.com.tr\/?page_id=119\" \/>\n<meta property=\"og:site_name\" content=\"Unisel Plastik Sanayi Tic. Ltd. \u015eti.\" \/>\n<meta property=\"article:publisher\" content=\"https:\/\/tr-tr.facebook.com\/people\/Unisel-Plastik-Market\/100085855740352\/\" \/>\n<meta property=\"article:modified_time\" content=\"2025-03-11T12:09:01+00:00\" \/>\n<meta property=\"og:image\" content=\"https:\/\/www.uniselplastik.com.tr\/wp-content\/uploads\/2025\/02\/Unisel-Plastik-1920.jpg\" \/>\n\t<meta property=\"og:image:width\" content=\"1920\" \/>\n\t<meta property=\"og:image:height\" content=\"798\" \/>\n\t<meta property=\"og:image:type\" content=\"image\/jpeg\" \/>\n<meta name=\"twitter:card\" content=\"summary_large_image\" \/>\n<meta name=\"twitter:label1\" content=\"Tahmini okuma s\u00fcresi\" \/>\n\t<meta name=\"twitter:data1\" content=\"5 dakika\" \/>\n<script type=\"application\/ld+json\" class=\"yoast-schema-graph\">{\"@context\":\"https:\/\/schema.org\",\"@graph\":[{\"@type\":\"WebPage\",\"@id\":\"https:\/\/www.uniselplastik.com.tr\/?page_id=119\",\"url\":\"https:\/\/www.uniselplastik.com.tr\/?page_id=119\",\"name\":\"Hakk\u0131m\u0131zda - Unisel Plastik Sanayi Tic. Ltd. \u015eti.\",\"isPartOf\":{\"@id\":\"https:\/\/www.uniselplastik.com.tr\/#website\"},\"primaryImageOfPage\":{\"@id\":\"https:\/\/www.uniselplastik.com.tr\/?page_id=119#primaryimage\"},\"image\":{\"@id\":\"https:\/\/www.uniselplastik.com.tr\/?page_id=119#primaryimage\"},\"thumbnailUrl\":\"https:\/\/www.uniselplastik.com.tr\/wp-content\/uploads\/2025\/02\/Unisel-Plastik-1920.jpg\",\"datePublished\":\"2021-08-19T01:28:44+00:00\",\"dateModified\":\"2025-03-11T12:09:01+00:00\",\"description\":\"Unisel Plastik Sanayi Tic. Ltd. \u015eti. Hakk\u0131m\u0131zda\",\"breadcrumb\":{\"@id\":\"https:\/\/www.uniselplastik.com.tr\/?page_id=119#breadcrumb\"},\"inLanguage\":\"tr\",\"potentialAction\":[{\"@type\":\"ReadAction\",\"target\":[\"https:\/\/www.uniselplastik.com.tr\/?page_id=119\"]}]},{\"@type\":\"ImageObject\",\"inLanguage\":\"tr\",\"@id\":\"https:\/\/www.uniselplastik.com.tr\/?page_id=119#primaryimage\",\"url\":\"https:\/\/www.uniselplastik.com.tr\/wp-content\/uploads\/2025\/02\/Unisel-Plastik-1920.jpg\",\"contentUrl\":\"https:\/\/www.uniselplastik.com.tr\/wp-content\/uploads\/2025\/02\/Unisel-Plastik-1920.jpg\",\"width\":1920,\"height\":798},{\"@type\":\"BreadcrumbList\",\"@id\":\"https:\/\/www.uniselplastik.com.tr\/?page_id=119#breadcrumb\",\"itemListElement\":[{\"@type\":\"ListItem\",\"position\":1,\"name\":\"Home\",\"item\":\"https:\/\/www.uniselplastik.com.tr\/\"},{\"@type\":\"ListItem\",\"position\":2,\"name\":\"Hakk\u0131m\u0131zda\"}]},{\"@type\":\"WebSite\",\"@id\":\"https:\/\/www.uniselplastik.com.tr\/#website\",\"url\":\"https:\/\/www.uniselplastik.com.tr\/\",\"name\":\"Unisel Plastik Sanayi Tic. Ltd. \u015eti.\",\"description\":\"Plastik Sulama\",\"publisher\":{\"@id\":\"https:\/\/www.uniselplastik.com.tr\/#organization\"},\"potentialAction\":[{\"@type\":\"SearchAction\",\"target\":{\"@type\":\"EntryPoint\",\"urlTemplate\":\"https:\/\/www.uniselplastik.com.tr\/?s={search_term_string}\"},\"query-input\":{\"@type\":\"PropertyValueSpecification\",\"valueRequired\":true,\"valueName\":\"search_term_string\"}}],\"inLanguage\":\"tr\"},{\"@type\":\"Organization\",\"@id\":\"https:\/\/www.uniselplastik.com.tr\/#organization\",\"name\":\"unisel plastik sanayi\",\"url\":\"https:\/\/www.uniselplastik.com.tr\/\",\"logo\":{\"@type\":\"ImageObject\",\"inLanguage\":\"tr\",\"@id\":\"https:\/\/www.uniselplastik.com.tr\/#\/schema\/logo\/image\/\",\"url\":\"https:\/\/www.uniselplastik.com.tr\/wp-content\/uploads\/2022\/10\/logo-mavi-e1670404165625.png\",\"contentUrl\":\"https:\/\/www.uniselplastik.com.tr\/wp-content\/uploads\/2022\/10\/logo-mavi-e1670404165625.png\",\"width\":300,\"height\":100,\"caption\":\"unisel plastik sanayi\"},\"image\":{\"@id\":\"https:\/\/www.uniselplastik.com.tr\/#\/schema\/logo\/image\/\"},\"sameAs\":[\"https:\/\/tr-tr.facebook.com\/people\/Unisel-Plastik-Market\/100085855740352\/\"]}]}<\/script>\n<!-- \/ Yoast SEO Premium plugin. -->","yoast_head_json":{"title":"Hakk\u0131m\u0131zda - Unisel Plastik Sanayi Tic. Ltd. \u015eti.","description":"Unisel Plastik Sanayi Tic. Ltd. \u015eti. Hakk\u0131m\u0131zda","robots":{"index":"index","follow":"follow","max-snippet":"max-snippet:-1","max-image-preview":"max-image-preview:large","max-video-preview":"max-video-preview:-1"},"canonical":"https:\/\/www.uniselplastik.com.tr\/?page_id=119","og_locale":"tr_TR","og_type":"article","og_title":"Hakk\u0131m\u0131zda","og_description":"Unisel Plastik Sanayi Tic. Ltd. \u015eti. Hakk\u0131m\u0131zda","og_url":"https:\/\/www.uniselplastik.com.tr\/?page_id=119","og_site_name":"Unisel Plastik Sanayi Tic. Ltd. \u015eti.","article_publisher":"https:\/\/tr-tr.facebook.com\/people\/Unisel-Plastik-Market\/100085855740352\/","article_modified_time":"2025-03-11T12:09:01+00:00","og_image":[{"width":1920,"height":798,"url":"https:\/\/www.uniselplastik.com.tr\/wp-content\/uploads\/2025\/02\/Unisel-Plastik-1920.jpg","type":"image\/jpeg"}],"twitter_card":"summary_large_image","twitter_misc":{"Tahmini okuma s\u00fcresi":"5 dakika"},"schema":{"@context":"https:\/\/schema.org","@graph":[{"@type":"WebPage","@id":"https:\/\/www.uniselplastik.com.tr\/?page_id=119","url":"https:\/\/www.uniselplastik.com.tr\/?page_id=119","name":"Hakk\u0131m\u0131zda - Unisel Plastik Sanayi Tic. Ltd. \u015eti.","isPartOf":{"@id":"https:\/\/www.uniselplastik.com.tr\/#website"},"primaryImageOfPage":{"@id":"https:\/\/www.uniselplastik.com.tr\/?page_id=119#primaryimage"},"image":{"@id":"https:\/\/www.uniselplastik.com.tr\/?page_id=119#primaryimage"},"thumbnailUrl":"https:\/\/www.uniselplastik.com.tr\/wp-content\/uploads\/2025\/02\/Unisel-Plastik-1920.jpg","datePublished":"2021-08-19T01:28:44+00:00","dateModified":"2025-03-11T12:09:01+00:00","description":"Unisel Plastik Sanayi Tic. Ltd. \u015eti. Hakk\u0131m\u0131zda","breadcrumb":{"@id":"https:\/\/www.uniselplastik.com.tr\/?page_id=119#breadcrumb"},"inLanguage":"tr","potentialAction":[{"@type":"ReadAction","target":["https:\/\/www.uniselplastik.com.tr\/?page_id=119"]}]},{"@type":"ImageObject","inLanguage":"tr","@id":"https:\/\/www.uniselplastik.com.tr\/?page_id=119#primaryimage","url":"https:\/\/www.uniselplastik.com.tr\/wp-content\/uploads\/2025\/02\/Unisel-Plastik-1920.jpg","contentUrl":"https:\/\/www.uniselplastik.com.tr\/wp-content\/uploads\/2025\/02\/Unisel-Plastik-1920.jpg","width":1920,"height":798},{"@type":"BreadcrumbList","@id":"https:\/\/www.uniselplastik.com.tr\/?page_id=119#breadcrumb","itemListElement":[{"@type":"ListItem","position":1,"name":"Home","item":"https:\/\/www.uniselplastik.com.tr\/"},{"@type":"ListItem","position":2,"name":"Hakk\u0131m\u0131zda"}]},{"@type":"WebSite","@id":"https:\/\/www.uniselplastik.com.tr\/#website","url":"https:\/\/www.uniselplastik.com.tr\/","name":"Unisel Plastik Sanayi Tic. Ltd. \u015eti.","description":"Plastik Sulama","publisher":{"@id":"https:\/\/www.uniselplastik.com.tr\/#organization"},"potentialAction":[{"@type":"SearchAction","target":{"@type":"EntryPoint","urlTemplate":"https:\/\/www.uniselplastik.com.tr\/?s={search_term_string}"},"query-input":{"@type":"PropertyValueSpecification","valueRequired":true,"valueName":"search_term_string"}}],"inLanguage":"tr"},{"@type":"Organization","@id":"https:\/\/www.uniselplastik.com.tr\/#organization","name":"unisel plastik sanayi","url":"https:\/\/www.uniselplastik.com.tr\/","logo":{"@type":"ImageObject","inLanguage":"tr","@id":"https:\/\/www.uniselplastik.com.tr\/#\/schema\/logo\/image\/","url":"https:\/\/www.uniselplastik.com.tr\/wp-content\/uploads\/2022\/10\/logo-mavi-e1670404165625.png","contentUrl":"https:\/\/www.uniselplastik.com.tr\/wp-content\/uploads\/2022\/10\/logo-mavi-e1670404165625.png","width":300,"height":100,"caption":"unisel plastik sanayi"},"image":{"@id":"https:\/\/www.uniselplastik.com.tr\/#\/schema\/logo\/image\/"},"sameAs":["https:\/\/tr-tr.facebook.com\/people\/Unisel-Plastik-Market\/100085855740352\/"]}]}},"_links":{"self":[{"href":"https:\/\/www.uniselplastik.com.tr\/index.php?rest_route=\/wp\/v2\/pages\/119","targetHints":{"allow":["GET"]}}],"collection":[{"href":"https:\/\/www.uniselplastik.com.tr\/index.php?rest_route=\/wp\/v2\/pages"}],"about":[{"href":"https:\/\/www.uniselplastik.com.tr\/index.php?rest_route=\/wp\/v2\/types\/page"}],"author":[{"embeddable":true,"href":"https:\/\/www.uniselplastik.com.tr\/index.php?rest_route=\/wp\/v2\/users\/1"}],"replies":[{"embeddable":true,"href":"https:\/\/www.uniselplastik.com.tr\/index.php?rest_route=%2Fwp%2Fv2%2Fcomments&post=119"}],"version-history":[{"count":45,"href":"https:\/\/www.uniselplastik.com.tr\/index.php?rest_route=\/wp\/v2\/pages\/119\/revisions"}],"predecessor-version":[{"id":3126,"href":"https:\/\/www.uniselplastik.com.tr\/index.php?rest_route=\/wp\/v2\/pages\/119\/revisions\/3126"}],"wp:featuredmedia":[{"embeddable":true,"href":"https:\/\/www.uniselplastik.com.tr\/index.php?rest_route=\/wp\/v2\/media\/2825"}],"wp:attachment":[{"href":"https:\/\/www.uniselplastik.com.tr\/index.php?rest_route=%2Fwp%2Fv2%2Fmedia&parent=119"}],"curies":[{"name":"wp","href":"https:\/\/api.w.org\/{rel}","templated":true}]}}